{"id":1023,"date":"2025-12-03T05:34:18","date_gmt":"2025-12-03T04:34:18","guid":{"rendered":"https:\/\/www.daregio.hu\/?page_id=1023"},"modified":"2025-12-03T05:40:09","modified_gmt":"2025-12-03T04:40:09","slug":"pyton-es-a-mesterseges-intelligencia-kulcs-a-sikerhez","status":"publish","type":"page","link":"https:\/\/www.daregio.hu\/index.php\/pyton-es-a-mesterseges-intelligencia-kulcs-a-sikerhez\/","title":{"rendered":"Pyton \u00e9s a mesters\u00e9ges intelligencia-kulcs a sikerhez!"},"content":{"rendered":"<div id=\"pl-1023\"  class=\"panel-layout\" ><div id=\"pg-1023-0\"  class=\"panel-grid panel-no-style\" ><div id=\"pgc-1023-0-0\"  class=\"panel-grid-cell\" ><div id=\"panel-1023-0-0-0\" class=\"so-panel widget widget_black-studio-tinymce widget_black_studio_tinymce panel-first-child panel-last-child\" data-index=\"0\" ><div class=\"textwidget\"><h2>Pyton\u00a0\u00e9s a mesters\u00e9ges intelligencia-kulcs a\u00a0sikerhez!<\/h2>\n<\/div><\/div><\/div><\/div><div id=\"pg-1023-1\"  class=\"panel-grid panel-no-style\" ><div id=\"pgc-1023-1-0\"  class=\"panel-grid-cell\" ><div id=\"panel-1023-1-0-0\" class=\"so-panel widget widget_sow-image panel-first-child panel-last-child\" data-index=\"1\" ><div\n\t\t\t\n\t\t\tclass=\"so-widget-sow-image so-widget-sow-image-default-8b5b6f678277-1023\"\n\t\t\t\n\t\t>\n\n<div class=\"sow-image-container\">\n\t\t<img decoding=\"async\" src=\"https:\/\/www.daregio.hu\/wp-content\/uploads\/2024\/08\/digi-egyszeru.jpg\" width=\"940\" height=\"788\" srcset=\"https:\/\/www.daregio.hu\/wp-content\/uploads\/2024\/08\/digi-egyszeru.jpg 940w, https:\/\/www.daregio.hu\/wp-content\/uploads\/2024\/08\/digi-egyszeru-300x251.jpg 300w, https:\/\/www.daregio.hu\/wp-content\/uploads\/2024\/08\/digi-egyszeru-768x644.jpg 768w\" sizes=\"(max-width: 940px) 100vw, 940px\" title=\"online, D-A Pro Regio Kft., webdesign, webprogramoz\u00e1s, irodai alkalmaz\u00e1sok, , androidos telefonos alkalmaz\u00e1s, mobil app k\u00e9sz\u00edt\u00e9s, sz\u00f6vegszerkeszt\u00e9s, t\u00e1bl\u00e1zatkezel\u00e9s, adatb\u00e1ziskezel\u00e9s, exel, acess, \" alt=\"\" \t\tclass=\"so-widget-image\"\/>\n\t<\/div>\n\n<\/div><\/div><\/div><div id=\"pgc-1023-1-1\"  class=\"panel-grid-cell\" ><div id=\"panel-1023-1-1-0\" class=\"so-panel widget widget_sow-editor panel-first-child panel-last-child\" data-index=\"2\" ><div\n\t\t\t\n\t\t\tclass=\"so-widget-sow-editor so-widget-sow-editor-base\"\n\t\t\t\n\t\t>\n<div class=\"siteorigin-widget-tinymce textwidget\">\n\t<p>A mesters\u00e9ges intelligencia ma m\u00e1r nem csup\u00e1n a kutat\u00f3laborokban van jelen, hanem a mindennapjaink r\u00e9sze.<br \/>\nOkostelefonok, online szolg\u00e1ltat\u00e1sok, \u00f6nvezet\u0151 aut\u00f3k \u2013 mind m\u00f6g\u00f6tt ott \u00e1ll az MI ereje.<br \/>\nDe hogyan \u00e9rthetj\u00fck meg \u00e9s haszn\u00e1lhatjuk ki ezt a technol\u00f3gi\u00e1t?<br \/>\nA v\u00e1lasz egyszer\u0171: tanul\u00e1ssal \u00e9s gyakorlattal.<\/p>\n<\/div>\n<\/div><\/div><\/div><\/div><div id=\"pg-1023-2\"  class=\"panel-grid panel-no-style\" ><div id=\"pgc-1023-2-0\"  class=\"panel-grid-cell\" ><div id=\"panel-1023-2-0-0\" class=\"so-panel widget widget_sow-editor panel-first-child panel-last-child\" data-index=\"3\" ><div\n\t\t\t\n\t\t\tclass=\"so-widget-sow-editor so-widget-sow-editor-base\"\n\t\t\t\n\t\t>\n<div class=\"siteorigin-widget-tinymce textwidget\">\n\t<p>A <strong>DA-Pror\u00e9gio Kft.<\/strong> felismerte, hogy a mesters\u00e9ges intelligencia \u00e9s a Python programnyelv kulcsfontoss\u00e1g\u00fa a j\u00f6v\u0151 szakemberei sz\u00e1m\u00e1ra.<br \/>\nEz\u00e9rt ind\u00edtotta el a <strong>\u201eMesters\u00e9ges intelligencia a mindennapokban\u201d<\/strong> c\u00edm\u0171 k\u00e9pz\u00e9s\u00e9t, amely \u00e9rthet\u0151en \u00e9s gyakorlatiasan mutatja be, hogyan seg\u00edthet az MI a h\u00e9tk\u00f6znapi \u00e9letben.<br \/>\nEz a tanfolyam azoknak sz\u00f3l, akik szeretn\u00e9k meg\u00e9rteni, hogyan m\u0171k\u00f6dnek az okos rendszerek, \u00e9s hogyan tudj\u00e1k azokat saj\u00e1t munk\u00e1jukban vagy v\u00e1llalkoz\u00e1sukban alkalmazni.<\/p>\n<p>A Python programnyelv az MI egyik legfontosabb eszk\u00f6ze.<br \/>\nEgyszer\u0171s\u00e9ge \u00e9s hatalmas k\u00f6nyvt\u00e1rk\u00e9szlete miatt vil\u00e1gszerte a kutat\u00f3k \u00e9s fejleszt\u0151k kedvence.<br \/>\nA <strong>DA-Pror\u00e9gio Kft.<\/strong> ez\u00e9rt k\u00fcl\u00f6n <strong>Python k\u00e9pz\u00e9seket<\/strong> k\u00edn\u00e1l, amelyek l\u00e9p\u00e9sr\u0151l l\u00e9p\u00e9sre vezetik be a r\u00e9sztvev\u0151ket a programoz\u00e1s vil\u00e1g\u00e1ba.<br \/>\nAkik m\u00e1r rendelkeznek alapismeretekkel, azoknak a <strong>Python halad\u00f3 k\u00e9pz\u00e9s<\/strong> ny\u00fajt lehet\u0151s\u00e9get arra, hogy m\u00e9lyebben megismerj\u00e9k a nyelv erej\u00e9t \u00e9s az MI-hez kapcsol\u00f3d\u00f3 fejleszt\u00e9si lehet\u0151s\u00e9geket.<\/p>\n<p>Mi\u00e9rt \u00e9rdemes a DA-Pror\u00e9gio Kft. k\u00e9pz\u00e9seit v\u00e1lasztani?<\/p>\n<ul>\n<li>Gyakorlatorient\u00e1lt oktat\u00e1s, amely azonnal hasznos\u00edthat\u00f3 tud\u00e1st ad.<\/li>\n<li>Tapasztalt oktat\u00f3k, akik seg\u00edtenek meg\u00e9rteni a bonyolult fogalmakat.<\/li>\n<li>Modern tananyag, amely k\u00f6veti a legfrissebb trendeket.<\/li>\n<li>K\u00f6zvetlen kapcsolat a j\u00f6v\u0151 technol\u00f3gi\u00e1ival.<\/li>\n<\/ul>\n<p>A <strong>\u201eMesters\u00e9ges intelligencia a mindennapokban\u201d<\/strong>, a <strong>Python k\u00e9pz\u00e9s<\/strong> \u00e9s a <strong>Python halad\u00f3 k\u00e9pz\u00e9s<\/strong> nemcsak tud\u00e1st ad, hanem versenyel\u0151nyt is biztos\u00edt a munkaer\u0151piacon.<br \/>\nA <strong>DA-Pror\u00e9gio Kft.<\/strong> c\u00e9lja, hogy minden r\u00e9sztvev\u0151 magabiztosan haszn\u00e1lja azokat az eszk\u00f6z\u00f6ket, amelyek a j\u00f6v\u0151 vil\u00e1g\u00e1t form\u00e1lj\u00e1k.<\/p>\n<p>Ne maradj le a lehet\u0151s\u00e9gr\u0151l \u2013 csatlakozz te is, \u00e9s l\u00e9gy r\u00e9szese a digit\u00e1lis forradalomnak!<\/p>\n<\/div>\n<\/div><\/div><\/div><\/div><div id=\"pg-1023-3\"  class=\"panel-grid panel-no-style\" ><div id=\"pgc-1023-3-0\"  class=\"panel-grid-cell\" ><div id=\"panel-1023-3-0-0\" class=\"so-panel widget widget_sow-button panel-first-child panel-last-child\" data-index=\"4\" ><div\n\t\t\t\n\t\t\tclass=\"so-widget-sow-button so-widget-sow-button-flat-66466acb9e12-1023\"\n\t\t\t\n\t\t><div class=\"ow-button-base ow-button-align-center\">\n\t\t\t<a\n\t\t\t\t\thref=\"https:\/\/www.daregio.hu\/index.php\/mesterseges-intelligencia-a-mindennapokban\/\"\n\t\t\t\t\tclass=\"sowb-button ow-icon-placement-left ow-button-hover\" \t>\n\t\t<span>\n\t\t\t\n\t\t\tJelentkezz k\u00e9pz\u00e9s\u00fcnkre!\t\t<\/span>\n\t\t\t<\/a>\n\t<\/div>\n<\/div><\/div><\/div><\/div><\/div>","protected":false},"excerpt":{"rendered":"<p>Pyton\u00a0\u00e9s a mesters\u00e9ges intelligencia-kulcs a\u00a0sikerhez! A mesters\u00e9ges intelligencia ma m\u00e1r nem csup\u00e1n a kutat\u00f3laborokban van jelen, hanem a mindennapjaink r\u00e9sze. Okostelefonok, online szolg\u00e1ltat\u00e1sok, \u00f6nvezet\u0151 aut\u00f3k&hellip;<\/p>\n","protected":false},"author":1,"featured_media":0,"parent":0,"menu_order":0,"comment_status":"closed","ping_status":"closed","template":"","meta":{"footnotes":""},"class_list":["post-1023","page","type-page","status-publish","hentry"],"_links":{"self":[{"href":"https:\/\/www.daregio.hu\/index.php\/wp-json\/wp\/v2\/pages\/1023"}],"collection":[{"href":"https:\/\/www.daregio.hu\/index.php\/wp-json\/wp\/v2\/pages"}],"about":[{"href":"https:\/\/www.daregio.hu\/index.php\/wp-json\/wp\/v2\/types\/page"}],"author":[{"embeddable":true,"href":"https:\/\/www.daregio.hu\/index.php\/wp-json\/wp\/v2\/users\/1"}],"replies":[{"embeddable":true,"href":"https:\/\/www.daregio.hu\/index.php\/wp-json\/wp\/v2\/comments?post=1023"}],"version-history":[{"count":5,"href":"https:\/\/www.daregio.hu\/index.php\/wp-json\/wp\/v2\/pages\/1023\/revisions"}],"predecessor-version":[{"id":1025,"href":"https:\/\/www.daregio.hu\/index.php\/wp-json\/wp\/v2\/pages\/1023\/revisions\/1025"}],"wp:attachment":[{"href":"https:\/\/www.daregio.hu\/index.php\/wp-json\/wp\/v2\/media?parent=1023"}],"curies":[{"name":"wp","href":"https:\/\/api.w.org\/{rel}","templated":true}]}}