{"id":185,"date":"2024-07-25T21:33:49","date_gmt":"2024-07-25T19:33:49","guid":{"rendered":"https:\/\/www.daregio.hu\/?page_id=185"},"modified":"2024-07-25T21:34:38","modified_gmt":"2024-07-25T19:34:38","slug":"adatvedelem","status":"publish","type":"page","link":"https:\/\/www.daregio.hu\/index.php\/adatvedelem\/","title":{"rendered":"Adatv\u00e9delem"},"content":{"rendered":"<div id=\"pl-185\"  class=\"panel-layout\" ><div id=\"pg-185-0\"  class=\"panel-grid panel-no-style\" ><div id=\"pgc-185-0-0\"  class=\"panel-grid-cell\" ><div id=\"panel-185-0-0-0\" class=\"so-panel widget widget_black-studio-tinymce widget_black_studio_tinymce panel-first-child panel-last-child\" data-index=\"0\" ><div class=\"textwidget\"><div id=\"page\" class=\"site grid-container container hfeed\">\n<div id=\"content\" class=\"site-content\">\n<div class=\"elementor elementor-3\" data-elementor-type=\"wp-page\" data-elementor-id=\"3\">\n<div class=\"elementor-element elementor-element-21d058b3 e-flex e-con-boxed e-con e-parent\" data-id=\"21d058b3\" data-element_type=\"container\" data-settings=\"{&quot;content_width&quot;:&quot;boxed&quot;}\" data-core-v316-plus=\"true\">\n<div class=\"e-con-inner\">\n<div class=\"elementor-element elementor-element-18f57fbf elementor-widget elementor-widget-text-editor\" data-id=\"18f57fbf\" data-element_type=\"widget\" data-widget_type=\"text-editor.default\">\n<div class=\"elementor-widget-container\">\n<h3>Adatkezel\u00e9si t\u00e1j\u00e9koztat\u00f3 D-A Proregio Kft.<\/h3>\n<p><strong>K\u00e9rj\u00fck, figyelmesen olvassa el a T\u00e1j\u00e9koztat\u00f3t, annak \u00e9rdek\u00e9ben, hogy meg\u00e9rtse, hogy hogyan kezelj\u00fck a szem\u00e9lyes adatait \u00e9s megismerje az adatkezel\u00e9ssel kapcsolatos jogait.<\/strong><\/p>\n<p>D-A Proregio Kft. adatkezel\u0151k\u00e9nt tiszteletben tartja mindazon szem\u00e9lyek mag\u00e1nszf\u00e9r\u00e1j\u00e1t, akik sz\u00e1m\u00e1ra szem\u00e9lyes adatot adnak \u00e1t \u00e9s elk\u00f6telezett ezek v\u00e9delm\u00e9ben. Az Eur\u00f3pai Uni\u00f3 \u00c1ltal\u00e1nos Adatv\u00e9delmi Rendelet (679\/2016 sz. rendelet, a tov\u00e1bbiakban: GDPR) 13. cikke, valamint Az inform\u00e1ci\u00f3s \u00f6nrendelkez\u00e9si jogr\u00f3l \u00e9s az inform\u00e1ci\u00f3szabads\u00e1gr\u00f3l sz\u00f3l\u00f3 2011. \u00e9vi CXII. t\u00f6rv\u00e9ny alapj\u00e1n az al\u00e1bbi t\u00e1j\u00e9koztat\u00e1st adja:<\/p>\n<p>Adatkezel\u0151 adatai<\/p>\n<p>&nbsp;<\/p>\n<p>C\u00e9gn\u00e9v:\u00a0\u00a0\u00a0\u00a0\u00a0\u00a0\u00a0\u00a0\u00a0\u00a0\u00a0\u00a0\u00a0\u00a0\u00a0\u00a0\u00a0\u00a0\u00a0\u00a0\u00a0\u00a0\u00a0\u00a0 <strong>D-A Proregio Kft<\/strong><\/p>\n<p>C\u00e9gjegyz\u00e9ksz\u00e1m:\u00a0\u00a0\u00a0\u00a0\u00a0\u00a0\u00a0\u00a0\u00a0 <strong>06-09-025372<\/strong><\/p>\n<p>Sz\u00e9khely:\u00a0\u00a0\u00a0\u00a0\u00a0\u00a0\u00a0\u00a0\u00a0\u00a0\u00a0\u00a0\u00a0\u00a0\u00a0\u00a0\u00a0\u00a0\u00a0\u00a0\u00a0 <strong>6726 Szeged, Szent Gy\u00f6rgyi Albert u. 23. tet\u0151t\u00e9r 1.<\/strong><\/p>\n<p>Ad\u00f3sz\u00e1m:\u00a0\u00a0\u00a0\u00a0\u00a0\u00a0\u00a0\u00a0\u00a0\u00a0\u00a0\u00a0\u00a0\u00a0\u00a0\u00a0\u00a0\u00a0\u00a0\u00a0\u00a0 <strong>26777645-1-06<\/strong><\/p>\n<p>Feln\u0151ttk\u00e9pz\u0151k nyilv\u00e1ntart\u00e1sba v\u00e9teli sz\u00e1ma<strong>: <\/strong><strong>B\/2020\/000257<\/strong><\/p>\n<p>Weblap:\u00a0\u00a0\u00a0\u00a0\u00a0\u00a0\u00a0\u00a0\u00a0\u00a0\u00a0\u00a0\u00a0\u00a0\u00a0\u00a0\u00a0\u00a0\u00a0\u00a0\u00a0\u00a0\u00a0\u00a0 <strong>www.daregio.hu<\/strong><\/p>\n<p>Kapcsolattart\u00e1s:\u00a0\u00a0\u00a0\u00a0\u00a0\u00a0\u00a0\u00a0\u00a0\u00a0\u00a0 <strong>Szab\u00f3 Attil\u00e1n\u00e9 dr. P\u00e1l Judit<\/strong><\/p>\n<p>Telefon:\u00a0\u00a0\u00a0\u00a0\u00a0\u00a0\u00a0\u00a0\u00a0\u00a0\u00a0\u00a0\u00a0\u00a0\u00a0\u00a0\u00a0\u00a0\u00a0\u00a0\u00a0\u00a0\u00a0\u00a0 +36 705037973<\/p>\n<p>E-mail:\u00a0\u00a0\u00a0\u00a0\u00a0\u00a0\u00a0\u00a0\u00a0\u00a0\u00a0\u00a0\u00a0\u00a0\u00a0\u00a0\u00a0\u00a0\u00a0\u00a0\u00a0\u00a0\u00a0\u00a0\u00a0 <a href=\"mailto:admin@likeall.hu\"><strong>admin@daregio.hu<\/strong><\/a><\/p>\n<h5>Adatv\u00e9delmi k\u00e9relmek: amennyiben b\u00e1rmilyen k\u00e9r\u00e9se vagy k\u00e9rd\u00e9se van az adatkezel\u00e9ssel kapcsolatban, k\u00e9relm\u00e9t postai \u00faton vagy elektronikusan az al\u00e1bbi c\u00edmekre k\u00fcldheti: <a href=\"mailto:admin@daproregio.hu\">admin@<em>daregio.hu<\/em><\/a><em>. <\/em>V\u00e1laszainkat k\u00e9sedelem n\u00e9lk\u00fcl, de legfeljebb 30 napon bel\u00fcl k\u00fcldj\u00fck az \u00d6n \u00e1ltal k\u00e9rt c\u00edmre.<\/h5>\n<p>Adatfeldolgoz\u00e1s:\u00a0\u00a0\u00a0\u00a0\u00a0\u00a0\u00a0\u00a0\u00a0\u00a0\u00a0\u00a0\u00a0\u00a0\u00a0\u00a0\u00a0\u00a0\u00a0\u00a0\u00a0 adatfeldolgoz\u00f3 ig\u00e9nybev\u00e9tele nem t\u00f6rt\u00e9nik.<\/p>\n<p>K\u00fclf\u00f6ldi adattov\u00e1bb\u00edt\u00e1s:\u00a0\u00a0\u00a0\u00a0\u00a0\u00a0\u00a0\u00a0\u00a0\u00a0 nem t\u00f6rt\u00e9nik k\u00fclf\u00f6ldre tov\u00e1bb\u00edt\u00e1s.<\/p>\n<p>&nbsp;<\/p>\n<ol>\n<li><strong>Adatkezel\u00e9si c\u00e9lok<\/strong><\/li>\n<\/ol>\n<p>Az adatkezel\u0151 az al\u00e1bbi c\u00e9lokb\u00f3l v\u00e9gez adatkezel\u00e9st a jogszab\u00e1lyokkal \u00f6sszhangban:<\/p>\n<ol>\n<li>a) Feln\u0151ttk\u00e9pz\u00e9si \u00e9s egy\u00e9b oktat\u00e1si tev\u00e9kenys\u00e9gben r\u00e9sztvev\u0151k szem\u00e9lyes adatait jogi k\u00f6telezetts\u00e9g teljes\u00edt\u00e9se \u00e9s \u00fcgyf\u00e9lkapcsolat fenntart\u00e1sa c\u00e9lj\u00e1b\u00f3l kezelj\u00fck;<\/li>\n<\/ol>\n<ol>\n<li>b) Lehets\u00e9ges \u00fcgyfelek sz\u00e1m\u00e1ra marketingtev\u00e9kenys\u00e9g;<\/li>\n<\/ol>\n<ol>\n<li>c) Munkav\u00e1llal\u00f3k \u00e9s p\u00e1ly\u00e1z\u00f3k adatainak kezel\u00e9se;<\/li>\n<\/ol>\n<ol>\n<li>d) Partnerek kapcsolattart\u00f3i adatainak kezel\u00e9se;<\/li>\n<\/ol>\n<ol>\n<li>e) Bels\u0151 adminisztr\u00e1ci\u00f3 megk\u00f6nny\u00edt\u00e9se.<\/li>\n<\/ol>\n<ol start=\"2\">\n<li><strong>Jogalapok az \u00d6n szem\u00e9lyes adatainak felhaszn\u00e1l\u00e1shoz<\/strong><\/li>\n<\/ol>\n<p>Az \u00d6n szem\u00e9lyes adatainak haszn\u00e1lat\u00e1t az al\u00e1bbiak alapozz\u00e1k meg, mint jogalapok:<\/p>\n<ol start=\"6\">\n<li>a) A sz\u00e1mviteli jogszab\u00e1lyoknak megfelel\u0151 sz\u00e1mla ki\u00e1ll\u00edt\u00e1sa: jogalap: GDPR 6. cikk (1) bekezd\u00e9s c) pont<\/li>\n<\/ol>\n<ol start=\"6\">\n<li>b) Kapcsolattart\u00e1s: jogalap: GDPR 6. cikk (1) bekezd\u00e9s f) pont. A partnerek munkav\u00e1llal\u00f3inak, alkalmazottainak adatai eset\u00e9ben az adatkezel\u00e9s jogalapja, \u00e9rdekm\u00e9rlegel\u00e9s. Az adatkezel\u0151 jogos \u00e9rdeke: \u00fczletmenet folytonoss\u00e1g.<\/li>\n<\/ol>\n<ol start=\"6\">\n<li>c) Munkav\u00e1llal\u00f3k adatainak kezel\u00e9se: GDPR 6. cikk (1) bekezd\u00e9s b), c) pontok.<\/li>\n<\/ol>\n<ol start=\"6\">\n<li>d) Szerz\u0151d\u00e9ses partnerek adatainak kezel\u00e9se: jogalap GDPR 6. cikk (1) bekezd\u00e9s b) pont<\/li>\n<\/ol>\n<ol start=\"6\">\n<li>e) Marketing tev\u00e9kenys\u00e9g: jogalap: GDPR 6. cikk (1) bekezd\u00e9s a) pont.<\/li>\n<\/ol>\n<p>Marketing tev\u00e9kenys\u00e9g c\u00e9lj\u00e1b\u00f3l facebook oldal is \u00fczemel, azonban \u00f6n\u00e1ll\u00f3 adatb\u00e1zis l\u00e9trehoz\u00e1sa, profilalkot\u00e1s nem t\u00f6rt\u00e9nik.<\/p>\n<ol start=\"6\">\n<li>f) On-line regisztr\u00e1ci\u00f3 jogalap: GDPR 6. cikk (1) bekezd\u00e9s a) pont<\/li>\n<\/ol>\n<ol start=\"6\">\n<li>g) Biztons\u00e1gi kamera \u00fczemeltet\u00e9se jogalap: GDPR 6. cikk (1) bekezd\u00e9s f) pont. Az adatkezel\u0151 jogos \u00e9rdeke: vagyonv\u00e9delem, munkav\u00e1llal\u00f3k eset\u00e9ben az Mt.-ben meghat\u00e1rozott munk\u00e1ltat\u00f3i jogos \u00e9rdek.<\/li>\n<\/ol>\n<p>A b) \u00e9s g) pontban szerepl\u0151 \u00e9rdekm\u00e9rlegel\u00e9si tesztek az <a href=\"mailto:info@pontex.hu%20\"> admin@daproregio.hu <\/a>e-mail c\u00edmre k\u00fcld\u00f6tt k\u00e9relem eset\u00e9n tekinthet\u0151k meg.<\/p>\n<p><strong>\u00a0<\/strong><\/p>\n<ol start=\"3\">\n<li><strong>Az adatkezel\u00e9s id\u0151tartama<\/strong><\/li>\n<\/ol>\n<p>A sz\u00e1ml\u00e1kat jogi k\u00f6telezetts\u00e9g miatt legal\u00e1bb nyolc \u00e9vig meg\u0151rizz\u00fck. A sz\u00e1mlaki\u00e1ll\u00edt\u00e1s alapj\u00e1ul szolg\u00e1l\u00f3 iratok meg\u0151rz\u00e9si ideje nyolc \u00e9v. A munkaviszony alapj\u00e1ul szolg\u00e1l\u00f3 iratok meg\u0151rz\u00e9si ideje: 50 \u00e9v.<\/p>\n<p>A kapcsolattart\u00e1s c\u00e9lj\u00e1b\u00f3l megadott adatok meg\u0151rz\u00e9si ideje a kapcsolat fenn\u00e1ll\u00e1s\u00e1t k\u00f6vet\u0151 maximum egy \u00e9v.<\/p>\n<p>Szerz\u0151d\u00e9s teljes\u00edt\u00e9s\u00e9hez kapcsol\u00f3d\u00f3 adatok meg\u0151rz\u00e9se: a lez\u00e1r\u00e1st k\u00f6vet\u0151 \u00f6t \u00e9v.<\/p>\n<ol start=\"4\">\n<li><strong>\u00c9rintetti jogok<\/strong><\/li>\n<\/ol>\n<p>A szem\u00e9lyes adataihoz kapcsol\u00f3d\u00f3an az \u00e9rintettnek a jogszab\u00e1lyban meghat\u00e1rozott jogai vannak.<\/p>\n<p>\u00c9rintetti jogok:<\/p>\n<ol>\n<li>a) Hozz\u00e1f\u00e9r\u00e9si jog (adatok megismer\u00e9se, az a t\u00e9ny, hogy t\u00f6rt\u00e9nik-e adatkezel\u00e9s);<\/li>\n<\/ol>\n<ol>\n<li>b) Amennyiben egy adat elavult vagy helytelen, ennek kiigaz\u00edt\u00e1sa;<\/li>\n<\/ol>\n<ol>\n<li>c) T\u00f6rl\u00e9s (a jogszab\u00e1lyban meghat\u00e1rozott felt\u00e9telek fenn\u00e1ll\u00e1sa eset\u00e9n);<\/li>\n<\/ol>\n<ol>\n<li>d) Az adat kezel\u00e9s\u00e9nek korl\u00e1toz\u00e1sa;<\/li>\n<\/ol>\n<ol>\n<li>e) A szem\u00e9lyes adatok direkt marketing c\u00e9lokra val\u00f3 haszn\u00e1lat\u00e1nak megtilt\u00e1sa;<\/li>\n<\/ol>\n<ol>\n<li>f) Szem\u00e9lyes adatainak harmadik szem\u00e9ly szolg\u00e1ltat\u00f3 sz\u00e1m\u00e1ra t\u00f6rt\u00e9n\u0151 \u00e1tad\u00e1sa, vagy ennek megtilt\u00e1sa;<\/li>\n<\/ol>\n<ol>\n<li>g) B\u00e1rmely az adatkezel\u0151 \u00e1ltal kezelt szem\u00e9lyes adatr\u00f3l m\u00e1solat k\u00e9r\u00e9se; vagy<\/li>\n<\/ol>\n<ol>\n<li>h) Tiltakoz\u00e1s a szem\u00e9lyes adat haszn\u00e1lata ellen.<\/li>\n<\/ol>\n<ol start=\"5\">\n<li><strong>Jogorvoslati t\u00e1j\u00e9koztat\u00e1s<\/strong><\/li>\n<\/ol>\n<p>B\u00edr\u00f3s\u00e1gi \u00fat: az adatv\u00e9delmi perek elb\u00edr\u00e1l\u00e1sa a t\u00f6rv\u00e9nysz\u00e9k hat\u00e1sk\u00f6r\u00e9be tartozik. A per \u2013 az \u00e9rintett v\u00e1laszt\u00e1sa szerint: az \u00e9rintett lak\u00f3helye vagy tart\u00f3zkod\u00e1si helye szerinti t\u00f6rv\u00e9nysz\u00e9k el\u0151tt ind\u00edthat\u00f3<\/p>\n<p>Magyarorsz\u00e1gon az adatv\u00e9delmi fel\u00fcgyeleti hat\u00f3s\u00e1g: Nemzeti Adatv\u00e9delmi \u00e9s Inform\u00e1ci\u00f3szabads\u00e1g Hat\u00f3s\u00e1g (1125 Budapest, Szil\u00e1gyi Erzs\u00e9bet fasor 22\/C), e-mail: <a href=\"mailto:ugyfelszolgalat@naih.hu\">ugyfelszolgalat@naih.hu.<\/a><\/div>\n<\/div>\n<\/div>\n<\/div>\n<\/div>\n<\/div>\n<\/div>\n<\/div><\/div><\/div><\/div><\/div>","protected":false},"excerpt":{"rendered":"<p>Adatkezel\u00e9si t\u00e1j\u00e9koztat\u00f3 D-A Proregio Kft. K\u00e9rj\u00fck, figyelmesen olvassa el a T\u00e1j\u00e9koztat\u00f3t, annak \u00e9rdek\u00e9ben, hogy meg\u00e9rtse, hogy hogyan kezelj\u00fck a szem\u00e9lyes adatait \u00e9s megismerje az adatkezel\u00e9ssel&hellip;<\/p>\n","protected":false},"author":1,"featured_media":0,"parent":0,"menu_order":0,"comment_status":"closed","ping_status":"closed","template":"","meta":{"footnotes":""},"class_list":["post-185","page","type-page","status-publish","hentry"],"_links":{"self":[{"href":"https:\/\/www.daregio.hu\/index.php\/wp-json\/wp\/v2\/pages\/185"}],"collection":[{"href":"https:\/\/www.daregio.hu\/index.php\/wp-json\/wp\/v2\/pages"}],"about":[{"href":"https:\/\/www.daregio.hu\/index.php\/wp-json\/wp\/v2\/types\/page"}],"author":[{"embeddable":true,"href":"https:\/\/www.daregio.hu\/index.php\/wp-json\/wp\/v2\/users\/1"}],"replies":[{"embeddable":true,"href":"https:\/\/www.daregio.hu\/index.php\/wp-json\/wp\/v2\/comments?post=185"}],"version-history":[{"count":2,"href":"https:\/\/www.daregio.hu\/index.php\/wp-json\/wp\/v2\/pages\/185\/revisions"}],"predecessor-version":[{"id":187,"href":"https:\/\/www.daregio.hu\/index.php\/wp-json\/wp\/v2\/pages\/185\/revisions\/187"}],"wp:attachment":[{"href":"https:\/\/www.daregio.hu\/index.php\/wp-json\/wp\/v2\/media?parent=185"}],"curies":[{"name":"wp","href":"https:\/\/api.w.org\/{rel}","templated":true}]}}