{"id":188,"date":"2024-07-25T21:34:56","date_gmt":"2024-07-25T19:34:56","guid":{"rendered":"https:\/\/www.daregio.hu\/?page_id=188"},"modified":"2024-09-25T12:14:21","modified_gmt":"2024-09-25T10:14:21","slug":"impresszum","status":"publish","type":"page","link":"https:\/\/www.daregio.hu\/index.php\/impresszum\/","title":{"rendered":"Impresszum"},"content":{"rendered":"<div id=\"pl-188\"  class=\"panel-layout\" ><div id=\"pg-188-0\"  class=\"panel-grid panel-no-style\" ><div id=\"pgc-188-0-0\"  class=\"panel-grid-cell\" ><div id=\"panel-188-0-0-0\" class=\"so-panel widget widget_black-studio-tinymce widget_black_studio_tinymce panel-first-child panel-last-child\" data-index=\"0\" ><div class=\"textwidget\"><div id=\"page\" class=\"site grid-container container hfeed\">\n<div id=\"content\" class=\"site-content\">\n<div class=\"elementor elementor-403\" data-elementor-type=\"wp-page\" data-elementor-id=\"403\">\n<div class=\"elementor-element elementor-element-60435d2 e-flex e-con-boxed e-con e-parent\" data-id=\"60435d2\" data-element_type=\"container\" data-settings=\"{&quot;content_width&quot;:&quot;boxed&quot;}\" data-core-v316-plus=\"true\">\n<div class=\"e-con-inner\">\n<div class=\"elementor-element elementor-element-85b14ba elementor-widget elementor-widget-text-editor\" data-id=\"85b14ba\" data-element_type=\"widget\" data-widget_type=\"text-editor.default\">\n<div class=\"elementor-widget-container\">\n<div class=\"pageWrapper\">\n<div class=\"contentWrapper subPage\">\n<h3 class=\"pageTitle\">Impresszum<\/h3>\n<div class=\"m-statText\">\n<p><b>A honlap \u00fczemeltet\u0151j\u00e9nek adatai:<\/b><\/p>\n<p>\u00dczemeltet\u0151 neve: D-A Pro Regio <i>Korl\u00e1tolt Felel\u0151ss\u00e9g\u0171 T\u00e1rsas\u00e1g<\/i><\/p>\n<p>\u00dczemeltet\u0151 r\u00f6vid\u00edtett neve: <i>D-A Pro Regio Kft.<\/i><\/p>\n<p>\u00dczemeltet\u0151 sz\u00e9khelye: <i>6726 Szeged, Szent-Gy\u00f6rgyi Albert u. 23.<br \/>\n<\/i><\/p>\n<p>\u00dczemeltet\u0151 c\u00e9gb\u00edr\u00f3s\u00e1gi bejegyz\u00e9si sz\u00e1ma:\u00a0<i>06-09-025372<\/i><\/p>\n<p>\u00dczemeltet\u0151 ad\u00f3sz\u00e1ma:\u00a0<i><span id=\":8y.co\" class=\"tL8wMe EMoHub\" dir=\"ltr\">26777645-1-06<\/span><span id=\":8y.co\" class=\"tL8wMe EMoHub\" dir=\"ltr\"><br \/>\n<\/span><\/i><\/p>\n<p>\u00dczemeltet\u0151 EU ad\u00f3sz\u00e1ma: \u2013<\/p>\n<p>\u00dczemeltet\u0151 NAIH nyilv\u00e1ntart\u00e1si sz\u00e1ma: \u2013<\/p>\n<p>Feln\u0151ttk\u00e9pz\u00e9si nyilv\u00e1ntart\u00e1si sz\u00e1ma: B\/2020\/000257<\/p>\n<p><b>Az \u00fczemeltet\u0151 el\u00e9rhet\u0151s\u00e9gei:<\/b><\/p>\n<p>Telefon:\u00a0<i> <\/i><i>+36 (70)5037973<\/i><\/p>\n<p>E-mail: <i>admin@daregio.hu<\/i><\/p>\n<p>\u00dcgyf\u00e9lszolg\u00e1lat el\u00e9rhet\u0151s\u00e9g\u00e9nek id\u0151tartama: <i>h\u00e9tk\u00f6znap 09:00 \u2013 13:00<\/i><\/div>\n<\/div>\n<\/div>\n<\/div>\n<\/div>\n<\/div>\n<\/div>\n<\/div>\n<\/div>\n<\/div>\n<div class=\"site-footer\">\n<footer id=\"colophon\" role=\"contentinfo\">\n<div class=\"footer-width-fixer\">\n<div class=\"elementor elementor-388\" data-elementor-type=\"wp-post\" data-elementor-id=\"388\">\n<div class=\"elementor-element elementor-element-b4a9af8 e-flex e-con-boxed e-con e-parent\" data-id=\"b4a9af8\" data-element_type=\"container\" data-settings=\"{&quot;content_width&quot;:&quot;boxed&quot;}\" data-core-v316-plus=\"true\">\n<div class=\"e-con-inner\">\n<div class=\"elementor-element elementor-element-a2510a8 elementor-widget elementor-widget-spacer\" data-id=\"a2510a8\" data-element_type=\"widget\" data-widget_type=\"spacer.default\">\n<div class=\"elementor-widget-container\">\n<div class=\"elementor-spacer\">\n<div class=\"elementor-spacer-inner\"><\/div>\n<\/div>\n<\/div>\n<\/div>\n<\/div>\n<\/div>\n<\/div>\n<\/div>\n<\/footer>\n<\/div>\n<\/div><\/div><\/div><\/div><\/div>","protected":false},"excerpt":{"rendered":"<p>Impresszum A honlap \u00fczemeltet\u0151j\u00e9nek adatai: \u00dczemeltet\u0151 neve: D-A Pro Regio Korl\u00e1tolt Felel\u0151ss\u00e9g\u0171 T\u00e1rsas\u00e1g \u00dczemeltet\u0151 r\u00f6vid\u00edtett neve: D-A Pro Regio Kft. \u00dczemeltet\u0151 sz\u00e9khelye: 6726 Szeged, Szent-Gy\u00f6rgyi&hellip;<\/p>\n","protected":false},"author":1,"featured_media":0,"parent":0,"menu_order":0,"comment_status":"closed","ping_status":"closed","template":"","meta":{"footnotes":""},"class_list":["post-188","page","type-page","status-publish","hentry"],"_links":{"self":[{"href":"https:\/\/www.daregio.hu\/index.php\/wp-json\/wp\/v2\/pages\/188"}],"collection":[{"href":"https:\/\/www.daregio.hu\/index.php\/wp-json\/wp\/v2\/pages"}],"about":[{"href":"https:\/\/www.daregio.hu\/index.php\/wp-json\/wp\/v2\/types\/page"}],"author":[{"embeddable":true,"href":"https:\/\/www.daregio.hu\/index.php\/wp-json\/wp\/v2\/users\/1"}],"replies":[{"embeddable":true,"href":"https:\/\/www.daregio.hu\/index.php\/wp-json\/wp\/v2\/comments?post=188"}],"version-history":[{"count":3,"href":"https:\/\/www.daregio.hu\/index.php\/wp-json\/wp\/v2\/pages\/188\/revisions"}],"predecessor-version":[{"id":666,"href":"https:\/\/www.daregio.hu\/index.php\/wp-json\/wp\/v2\/pages\/188\/revisions\/666"}],"wp:attachment":[{"href":"https:\/\/www.daregio.hu\/index.php\/wp-json\/wp\/v2\/media?parent=188"}],"curies":[{"name":"wp","href":"https:\/\/api.w.org\/{rel}","templated":true}]}}