{"id":248,"date":"2024-07-31T21:39:59","date_gmt":"2024-07-31T19:39:59","guid":{"rendered":"https:\/\/www.daregio.hu\/?page_id=248"},"modified":"2025-02-02T14:30:11","modified_gmt":"2025-02-02T13:30:11","slug":"webprogramozas","status":"publish","type":"page","link":"https:\/\/www.daregio.hu\/index.php\/webprogramozas\/","title":{"rendered":"Szerver oldali alkalmaz\u00e1sfejleszt\u00e9s, dinamikus \u00e9s interakt\u00edv weboldalak, PHP -Webprogramoz\u00e1s"},"content":{"rendered":"<div id=\"pl-248\"  class=\"panel-layout\" ><div id=\"pg-248-0\"  class=\"panel-grid panel-no-style\" ><div id=\"pgc-248-0-0\"  class=\"panel-grid-cell\" ><div id=\"panel-248-0-0-0\" class=\"so-panel widget widget_black-studio-tinymce widget_black_studio_tinymce panel-first-child panel-last-child\" data-index=\"0\" ><div class=\"textwidget\"><p style=\"text-align: center;\"><span style=\"font-size: 14pt;\"><strong>\u00a0<\/strong><\/span><\/p>\n<p style=\"text-align: center;\"><span style=\"font-size: 18pt;\"><strong>Webprogramoz\u00e1s: \u00f6sszetett dinamikus weboldal k\u00e9sz\u00edt\u00e9s!<\/strong><\/span><\/p>\n<\/div><\/div><\/div><\/div><div id=\"pg-248-1\"  class=\"panel-grid panel-no-style\" ><div id=\"pgc-248-1-0\"  class=\"panel-grid-cell\" ><div id=\"panel-248-1-0-0\" class=\"so-panel widget widget_sow-image panel-first-child\" data-index=\"1\" ><div\n\t\t\t\n\t\t\tclass=\"so-widget-sow-image so-widget-sow-image-default-c67d20f9f743-248\"\n\t\t\t\n\t\t>\n\n<div class=\"sow-image-container\">\n\t\t<img decoding=\"async\" src=\"https:\/\/www.daregio.hu\/wp-content\/uploads\/2024\/07\/Kepkivagas.jpg\" width=\"369\" height=\"164\" srcset=\"https:\/\/www.daregio.hu\/wp-content\/uploads\/2024\/07\/Kepkivagas.jpg 369w, https:\/\/www.daregio.hu\/wp-content\/uploads\/2024\/07\/Kepkivagas-300x133.jpg 300w\" sizes=\"(max-width: 369px) 100vw, 369px\" title=\"online, D-A Pro Regio Kft., webdesign, webprogramoz\u00e1s, irodai alkalmaz\u00e1sok, , androidos telefonos alkalmaz\u00e1s, mobil app k\u00e9sz\u00edt\u00e9s, sz\u00f6vegszerkeszt\u00e9s, t\u00e1bl\u00e1zatkezel\u00e9s, adatb\u00e1ziskezel\u00e9s, exel, acess, \" alt=\"\" \t\tclass=\"so-widget-image\"\/>\n\t<\/div>\n\n<\/div><\/div><div id=\"panel-248-1-0-1\" class=\"so-panel widget widget_black-studio-tinymce widget_black_studio_tinymce panel-last-child\" data-index=\"2\" ><div class=\"textwidget\"><div dir=\"auto\"><\/div>\n<div dir=\"auto\" style=\"text-align: center;\"><span style=\"font-size: 14pt;\">A k\u00e9pz\u00e9s interakt\u00edv gyakorlatokkal, val\u00f3s \u00e9letbeli projektekkel \u00e9s \u00e9l\u0151 mentor\u00e1l\u00e1ssal seg\u00edti a r\u00e9sztvev\u0151ket a tanul\u00e1sban. A r\u00e9sztvev\u0151k \u00f6n\u00e1ll\u00f3an tervezhetnek\u00a0 PHP-alap\u00fa weboldalakat. A kurzus figyelmet ford\u00edt a legfrissebb fejleszt\u00e9si trendekre \u00e9s biztons\u00e1gi szempontokra is.<\/span><\/div>\n<div dir=\"auto\" style=\"text-align: center;\"><\/div>\n<div dir=\"auto\" style=\"text-align: center;\"><span style=\"font-size: 14pt;\">Csatlakozz hozz\u00e1nk, \u00e9s l\u00e9gy k\u00e9szen arra, hogy saj\u00e1t webprojekteken dolgozz!<\/span><\/div>\n<\/div><\/div><\/div><\/div><div id=\"pg-248-2\"  class=\"panel-grid panel-no-style\" ><div id=\"pgc-248-2-0\"  class=\"panel-grid-cell\" ><div id=\"panel-248-2-0-0\" class=\"so-panel widget widget_media_image panel-first-child panel-last-child\" data-index=\"3\" ><img decoding=\"async\" width=\"843\" height=\"474\" src=\"https:\/\/www.daregio.hu\/wp-content\/uploads\/2024\/07\/php-kep-1024x576.jpg\" class=\"image wp-image-260  attachment-large size-large\" alt=\"\" style=\"max-width: 100%; height: auto;\" srcset=\"https:\/\/www.daregio.hu\/wp-content\/uploads\/2024\/07\/php-kep-1024x576.jpg 1024w, https:\/\/www.daregio.hu\/wp-content\/uploads\/2024\/07\/php-kep-300x169.jpg 300w, https:\/\/www.daregio.hu\/wp-content\/uploads\/2024\/07\/php-kep-768x432.jpg 768w, https:\/\/www.daregio.hu\/wp-content\/uploads\/2024\/07\/php-kep-1280x720.jpg 1280w, https:\/\/www.daregio.hu\/wp-content\/uploads\/2024\/07\/php-kep.jpg 1366w\" sizes=\"(max-width: 843px) 100vw, 843px\" \/><\/div><\/div><div id=\"pgc-248-2-1\"  class=\"panel-grid-cell\" ><div id=\"panel-248-2-1-0\" class=\"so-panel widget widget_black-studio-tinymce widget_black_studio_tinymce panel-first-child panel-last-child\" data-index=\"4\" ><div class=\"panel-widget-style panel-widget-style-for-248-2-1-0\" ><div class=\"textwidget\"><div class=\"elementor-element elementor-element-019b637 e-con-full e-flex e-con e-child\" data-id=\"019b637\" data-element_type=\"container\" data-settings=\"{&quot;content_width&quot;:&quot;full&quot;}\">\n<div class=\"elementor-element elementor-element-c7834cd elementor-widget elementor-widget-text-editor\" data-id=\"c7834cd\" data-element_type=\"widget\" data-widget_type=\"text-editor.default\">\n<div class=\"elementor-widget-container\">\n<p><span style=\"font-size: 14pt;\">A k\u00e9pz\u00e9s \u00f3rasz\u00e1ma: 220 \u00f3ra<\/span><\/p>\n<p><span style=\"font-size: 14pt;\">\u00dctemez\u00e9se: heti egyszer 4\u00d745 perc<\/span><\/p>\n<p><span style=\"font-size: 14pt;\">El\u0151felt\u00e9tel: felhaszn\u00e1l\u00f3 szint\u0171 sz\u00e1m\u00edt\u00e1stechnikai ismeretek<\/span><\/div>\n<\/div>\n<\/div>\n<\/div><\/div><\/div><\/div><\/div><div id=\"pg-248-3\"  class=\"panel-grid panel-no-style\" ><div id=\"pgc-248-3-0\"  class=\"panel-grid-cell\" ><div id=\"panel-248-3-0-0\" class=\"so-panel widget widget_black-studio-tinymce widget_black_studio_tinymce panel-first-child panel-last-child\" data-index=\"5\" ><div class=\"textwidget\"><div class=\"elementor-element elementor-element-cf6d821 e-flex e-con-boxed e-con e-parent\" data-id=\"cf6d821\" data-element_type=\"container\" data-settings=\"{&quot;content_width&quot;:&quot;boxed&quot;}\" data-core-v316-plus=\"true\">\n<div class=\"e-con-inner\">\n<div class=\"elementor-element elementor-element-be92bf1 elementor-widget elementor-widget-text-editor\" data-id=\"be92bf1\" data-element_type=\"widget\" data-widget_type=\"text-editor.default\">\n<div class=\"elementor-widget-container\">\n<div class=\"elementor-element elementor-element-658ab30 e-flex e-con-boxed e-con e-parent\" data-id=\"658ab30\" data-element_type=\"container\" data-settings=\"{&quot;content_width&quot;:&quot;boxed&quot;}\" data-core-v316-plus=\"true\">\n<div class=\"e-con-inner\">\n<div class=\"elementor-element elementor-element-3fb7360 elementor-widget elementor-widget-text-editor\" data-id=\"3fb7360\" data-element_type=\"widget\" data-widget_type=\"text-editor.default\">\n<div class=\"elementor-widget-container\">\n<h3>Amivel a k\u00e9pz\u00e9s sor\u00e1n foglalkozunk:<\/h3>\n<p><strong>H\u00e1l\u00f3zati \u00e9s szerver-kliens jogosults\u00e1gkezel\u00e9s<\/strong><br \/>\nMegtanulod, hogyan kezeld a h\u00e1l\u00f3zati \u00e9s szerver-kliens jogosults\u00e1gokat, hogy biztons\u00e1gos \u00e9s hat\u00e9kony alkalmaz\u00e1sokat fejlessz.<\/p>\n<p><strong>Webes prezent\u00e1ci\u00f3s technik\u00e1k<\/strong><br \/>\nElsaj\u00e1t\u00edtod a HTML \u00e9s CSS haszn\u00e1lat\u00e1t a webes tartalmak megjelen\u00edt\u00e9s\u00e9hez \u00e9s form\u00e1z\u00e1s\u00e1hoz.<\/p>\n<p><strong>Webszerver \u00fczemeltet\u00e9s<\/strong><br \/>\nMegismered a webszerverek m\u0171k\u00f6dtet\u00e9s\u00e9nek alapjait, bele\u00e9rtve a konfigur\u00e1ci\u00f3t \u00e9s a karbantart\u00e1st.<\/p>\n<p><strong>Webes kliens oldali programoz\u00e1s<\/strong><br \/>\n<span style=\"font-size: 14pt;\">K\u00e9szs\u00e9geket szerzel a kliens oldali programoz\u00e1sban, k\u00fcl\u00f6n\u00f6s tekintettel a JavaScript haszn\u00e1lat\u00e1ra.<\/span><\/p>\n<p><span style=\"font-size: 12pt;\"><strong>Adatb\u00e1ziskezel\u00e9s<\/strong><\/span><br \/>\n<span style=\"font-size: 12pt;\">M\u00e9lyrehat\u00f3 tud\u00e1st szerzel az adatb\u00e1zisok kezel\u00e9s\u00e9ben, bele\u00e9rtve a tervez\u00e9st, a lek\u00e9rdez\u00e9seket \u00e9s az optimaliz\u00e1l\u00e1st.<\/span><\/p>\n<p><span style=\"font-size: 12pt;\"><strong>\u00d6nle\u00edr\u00f3 adatkommunik\u00e1ci\u00f3 szerverek k\u00f6z\u00f6tt<\/strong><\/span><br \/>\n<span style=\"font-size: 12pt;\">Megismered az XML alap\u00fa dokumentumnyelveket \u00e9s adatkommunik\u00e1ci\u00f3t a szerverek k\u00f6z\u00f6tti adatcser\u00e9hez.<\/span><\/p>\n<p><span style=\"font-size: 12pt;\"><strong>XML adatb\u00e1zisok kezel\u00e9se<\/strong><\/span><br \/>\n<span style=\"font-size: 12pt;\">Elsaj\u00e1t\u00edtod az XML adatb\u00e1zisok kezel\u00e9s\u00e9nek technik\u00e1it \u00e9s m\u00f3dszereit.<\/span><\/p>\n<p><span style=\"font-size: 12pt;\"><strong>V\u00e1llalati szint\u0171 fejleszt\u0151i k\u00f6rnyezetek<\/strong><\/span><br \/>\n<span style=\"font-size: 12pt;\">Bemutatjuk a nagyv\u00e1llalati k\u00f6rnyezetekben haszn\u00e1lt fejleszt\u0151i eszk\u00f6z\u00f6ket, mint p\u00e9ld\u00e1ul a .Net \u00e9s Java platformok.<\/span><\/p>\n<p><span style=\"font-size: 12pt;\"><strong>Inform\u00e1ci\u00f3biztons\u00e1g<\/strong><\/span><br \/>\n<span style=\"font-size: 12pt;\">Megtanulod az adatv\u00e9delem \u00e9s kommunik\u00e1ci\u00f3s csatorn\u00e1k v\u00e9delm\u00e9nek alapjait, valamint az illet\u00e9ktelen hozz\u00e1f\u00e9r\u00e9s elleni v\u00e9dekez\u00e9s m\u00f3dszereit.<\/span><\/div>\n<\/div>\n<\/div>\n<\/div>\n<\/div>\n<\/div>\n<\/div>\n<\/div>\n<\/div><\/div><\/div><\/div><div id=\"pg-248-4\"  class=\"panel-grid panel-no-style\" ><div id=\"pgc-248-4-0\"  class=\"panel-grid-cell\" ><div id=\"panel-248-4-0-0\" class=\"so-panel widget widget_black-studio-tinymce widget_black_studio_tinymce panel-first-child panel-last-child\" data-index=\"6\" ><div class=\"textwidget\"><p style=\"text-align: center;\"><strong>Ha tov\u00e1bbi r\u00e9szleteket szeretn\u00e9l megtudni a k\u00e9pz\u00e9seinkr\u0151l, akkor iratkozz fel a h\u00edrlevel\u00fcnkre.<br \/>\n<\/strong><\/p>\n<p><script>(function() {\n\twindow.mc4wp = window.mc4wp || {\n\t\tlisteners: [],\n\t\tforms: {\n\t\t\ton: function(evt, cb) {\n\t\t\t\twindow.mc4wp.listeners.push(\n\t\t\t\t\t{\n\t\t\t\t\t\tevent   : evt,\n\t\t\t\t\t\tcallback: cb\n\t\t\t\t\t}\n\t\t\t\t);\n\t\t\t}\n\t\t}\n\t}\n})();\n<\/script><!-- Mailchimp for WordPress v4.9.14 - https:\/\/wordpress.org\/plugins\/mailchimp-for-wp\/ --><form id=\"mc4wp-form-1\" class=\"mc4wp-form mc4wp-form-417 mc4wp-form-basic\" method=\"post\" data-id=\"417\" data-name=\"Mailchimpes feliratkoz\u00f3s \u0171rlap\" ><div class=\"mc4wp-form-fields\"> <div id=\"mc_embed_shell\">\r\n     <link href=\"\/\/cdn-images.mailchimp.com\/embedcode\/classic-061523.css\" rel=\"stylesheet\" type=\"text\/css\">\r\n  <style type=\"text\/css\">\r\n        #mc_embed_signup{false;clear:left; font:14px Helvetica,Arial,sans-serif; width: 600px;}\r\n        \/* Add your own Mailchimp form style overrides in your site stylesheet or in this style block.\r\n        We recommend moving this block and the preceding CSS link to the HEAD of your HTML file. *\/\r\n<\/style> \r\n<div id=\"mc_embed_signup\">\r\n    \r\n        <div id=\"mc_embed_signup_scroll\"><h2>Tudj meg t\u00f6bbet<\/h2>\r\n            <div class=\"indicates-required\"><span class=\"asterisk\">*<\/span> k\u00f6telez\u0151 mez\u0151<\/div>\r\n            <div class=\"mc-field-group\"><label for=\"mce-EMAIL\">E-mail:<span class=\"asterisk\">*<\/span><\/label><input type=\"email\" name=\"EMAIL\" class=\"required email\" id=\"mce-EMAIL\" required=\"\" value=\"\"><\/div><div class=\"mc-field-group\"><label for=\"mce-FNAME\">Keresztn\u00e9v: <span class=\"asterisk\">*<\/span><\/label><input type=\"text\" name=\"FNAME\" class=\"required text\" id=\"mce-FNAME\" required=\"\" value=\"\"><\/div><div class=\"mc-field-group\"><label for=\"mce-MMERGE9\">\u00c9rdekl\u0151d\u00e9s <span class=\"asterisk\">*<\/span><\/label><select name=\"MMERGE9\" class=\"required\" id=\"mce-MMERGE9\"><option value=\"\"><\/option><option value=\"Digit\u00e1lis kult\u00fara - \u00c9retts\u00e9gi felk\u00e9sz\u00edt\u00e9s\">Digit\u00e1lis kult\u00fara - \u00c9retts\u00e9gi felk\u00e9sz\u00edt\u00e9s<\/option><option value=\"Webdesigner k\u00e9pz\u00e9s\">Webdesigner k\u00e9pz\u00e9s<\/option><option value=\"Wordpress k\u00e9pz\u00e9s\">WordPress k\u00e9pz\u00e9s<\/option><option value=\"Office magic - favorit 2 k\u00e9pz\u00e9s\">Office magic - favorit 2 k\u00e9pz\u00e9s<\/option><option value=\"PHP k\u00e9pz\u00e9s\">PHP k\u00e9pz\u00e9s<\/option><option value=\"\u00c1ltal\u00e1nos \u00e9rdekl\u0151d\u00e9s\">\u00c1ltal\u00e1nos \u00e9rdekl\u0151d\u00e9s<\/option><\/select><\/div><div class=\"mc-field-group\"><label for=\"mce-LNAME\">Vezet\u00e9kn\u00e9v: <\/label><input type=\"text\" name=\"LNAME\" class=\" text\" id=\"mce-LNAME\" value=\"\"><\/div><div class=\"mc-field-group\"><label for=\"mce-PHONE\">Telefonsz\u00e1m: <\/label><input type=\"text\" name=\"PHONE\" class=\"REQ_CSS\" id=\"mce-PHONE\" value=\"\"><\/div>\r\n          <div class=\"mc-field-group\"><label for=\"mce-BIRTHDAY-month\">Sz\u00fclet\u00e9snap: <\/label>\r\n          <div class=\"datefield\"><span class=\"subfield monthfield\"><input class=\"birthday REQ_CSS\" type=\"text\" pattern=\"[0-9]*\" placeholder=\"HH\" size=\"2\" maxlength=\"2\" name=\"BIRTHDAY[month]\" id=\"mce-BIRTHDAY-month\" value=\"\"><\/span> \/<span class=\"subfield dayfield\"><input class=\"birthday REQ_CSS\" type=\"text\" pattern=\"[0-9]*\" placeholder=\"NN\" size=\"2\" maxlength=\"2\" name=\"BIRTHDAY[day]\" id=\"mce-BIRTHDAY-day\" value=\"\"><\/span>\r\n          \t<span class=\"small-meta nowrap\">( h\u00f3nap \/ nap )<\/span><\/div><\/div>\r\n<div hidden=\"\"><input type=\"hidden\" name=\"tags\" value=\"13395\"><\/div> \r\n\r\n <\/div>\r\n  <div>\r\n  \t\t  <label>\r\n  \t\t\t<span class=\"asterisk\">*<\/span>\r\n  \t\t\t<input type=\"checkbox\" name=\"AGREE_TO_TERMS\" value=\"1\" required=\"\"> Hozz\u00e1j\u00e1rulok, hogy r\u00e9szemre a D-A Pro Regio Kft. \u00e9s t\u00e1rsc\u00e9gei prom\u00f3ci\u00f3s tartalm\u00fa h\u00edrleveleket k\u00fcldjenek.\r\n  \t\t  <\/label>\r\n          <label>\r\n            <span class=\"asterisk\">*<\/span>\r\n   \t \t\t<input type=\"checkbox\" name=\"AGREE_TO_TERMS2\" value=\"1\" required=\"\">Az Adatv\u00e9delmi t\u00e1j\u00e9koztat\u00f3t elolvastam, meg\u00e9rtettem \u00e9s hozz\u00e1j\u00e1rulok ahhoz, hogy a megadott adataimat \u2013 hozz\u00e1j\u00e1rul\u00e1som visszavon\u00e1s\u00e1ig - a D-A Pro Regio Kft., mint Adatkezel\u0151 az adatkezel\u00e9si t\u00e1j\u00e9koztat\u00f3ban foglaltaknak megfelel\u0151en kezelje, r\u00e9szemre h\u00edrlevelet k\u00fcldj\u00f6n.\r\n          <\/label>\r\n<\/div>\r\n        <div id=\"mce-responses\" class=\"clear\">\r\n            <div class=\"response\" id=\"mce-error-response\" style=\"display: none;\"><\/div>\r\n            <div class=\"response\" id=\"mce-success-response\" style=\"display: none;\"><\/div>\r\n        <\/div><div aria-hidden=\"true\" style=\"position: absolute; left: -5000px;\"><input type=\"text\" name=\"b_a9995909b6acd21c03a259853_cab19a954c\" tabindex=\"-1\" value=\"\"><\/div><div class=\"clear\"><input type=\"submit\" name=\"subscribe\" id=\"mc-embedded-subscribe\" class=\"button\" value=\"Feliratkozom\"><\/div>\r\n   \r\n\r\n<\/div>\r\n<script type=\"text\/javascript\" src=\"\/\/s3.amazonaws.com\/downloads.mailchimp.com\/js\/mc-validate.js\"><\/script><script type=\"text\/javascript\">(function($) {window.fnames = new Array(); window.ftypes = new Array();fnames[0]='EMAIL';ftypes[0]='email';fnames[1]='FNAME';ftypes[1]='text';fnames[9]='MMERGE9';ftypes[9]='dropdown';fnames[2]='LNAME';ftypes[2]='text';fnames[4]='PHONE';ftypes[4]='phone';fnames[5]='BIRTHDAY';ftypes[5]='birthday';fnames[3]='ADDRESS';ftypes[3]='address';fnames[6]='MMERGE6';ftypes[6]='text';fnames[7]='MMERGE7';ftypes[7]='number';fnames[8]='MMERGE8';ftypes[8]='text';}(jQuery));var $mcj = jQuery.noConflict(true);<\/script><\/div>\r\n<\/div><label style=\"display: none !important;\">Ha \u00d6n ember, hagyja \u00fcresen ezt a mez\u0151t: <input type=\"text\" name=\"_mc4wp_honeypot\" value=\"\" tabindex=\"-1\" autocomplete=\"off\" \/><\/label><input type=\"hidden\" name=\"_mc4wp_timestamp\" value=\"1778780798\" \/><input type=\"hidden\" name=\"_mc4wp_form_id\" value=\"417\" \/><input type=\"hidden\" name=\"_mc4wp_form_element_id\" value=\"mc4wp-form-1\" \/><div class=\"mc4wp-response\"><\/div><\/form><!-- \/ Mailchimp for WordPress Plugin --><\/p>\n<\/div><\/div><\/div><\/div><\/div>","protected":false},"excerpt":{"rendered":"<p>\u00a0 Webprogramoz\u00e1s: \u00f6sszetett dinamikus weboldal k\u00e9sz\u00edt\u00e9s! A k\u00e9pz\u00e9s interakt\u00edv gyakorlatokkal, val\u00f3s \u00e9letbeli projektekkel \u00e9s \u00e9l\u0151 mentor\u00e1l\u00e1ssal seg\u00edti a r\u00e9sztvev\u0151ket a tanul\u00e1sban. A r\u00e9sztvev\u0151k \u00f6n\u00e1ll\u00f3an tervezhetnek\u00a0&hellip;<\/p>\n","protected":false},"author":1,"featured_media":0,"parent":0,"menu_order":0,"comment_status":"closed","ping_status":"closed","template":"","meta":{"footnotes":""},"class_list":["post-248","page","type-page","status-publish","hentry"],"_links":{"self":[{"href":"https:\/\/www.daregio.hu\/index.php\/wp-json\/wp\/v2\/pages\/248"}],"collection":[{"href":"https:\/\/www.daregio.hu\/index.php\/wp-json\/wp\/v2\/pages"}],"about":[{"href":"https:\/\/www.daregio.hu\/index.php\/wp-json\/wp\/v2\/types\/page"}],"author":[{"embeddable":true,"href":"https:\/\/www.daregio.hu\/index.php\/wp-json\/wp\/v2\/users\/1"}],"replies":[{"embeddable":true,"href":"https:\/\/www.daregio.hu\/index.php\/wp-json\/wp\/v2\/comments?post=248"}],"version-history":[{"count":19,"href":"https:\/\/www.daregio.hu\/index.php\/wp-json\/wp\/v2\/pages\/248\/revisions"}],"predecessor-version":[{"id":252,"href":"https:\/\/www.daregio.hu\/index.php\/wp-json\/wp\/v2\/pages\/248\/revisions\/252"}],"wp:attachment":[{"href":"https:\/\/www.daregio.hu\/index.php\/wp-json\/wp\/v2\/media?parent=248"}],"curies":[{"name":"wp","href":"https:\/\/api.w.org\/{rel}","templated":true}]}}