{"id":259,"date":"2024-07-31T23:16:12","date_gmt":"2024-07-31T21:16:12","guid":{"rendered":"https:\/\/www.daregio.hu\/?page_id=259"},"modified":"2025-01-02T16:33:18","modified_gmt":"2025-01-02T15:33:18","slug":"wordpress-kepzes","status":"publish","type":"page","link":"https:\/\/www.daregio.hu\/index.php\/wordpress-kepzes\/","title":{"rendered":"WordPress k\u00e9pz\u00e9s"},"content":{"rendered":"<div id=\"pl-259\"  class=\"panel-layout\" ><div id=\"pg-259-0\"  class=\"panel-grid panel-no-style\" ><div id=\"pgc-259-0-0\"  class=\"panel-grid-cell\" ><div id=\"panel-259-0-0-0\" class=\"so-panel widget widget_black-studio-tinymce widget_black_studio_tinymce panel-first-child panel-last-child\" data-index=\"0\" ><div class=\"textwidget\"><h2 class=\"elementor-heading-title elementor-size-default\" style=\"text-align: center;\">Weboldalak \u00e9s blogok k\u00e9sz\u00edt\u00e9se k\u00f6nnyed\u00e9n<\/h2>\n<\/div><\/div><\/div><\/div><div id=\"pg-259-1\"  class=\"panel-grid panel-no-style\" ><div id=\"pgc-259-1-0\"  class=\"panel-grid-cell\" ><div id=\"panel-259-1-0-0\" class=\"so-panel widget widget_media_image panel-first-child panel-last-child\" data-index=\"1\" ><img decoding=\"async\" width=\"843\" height=\"438\" src=\"https:\/\/www.daregio.hu\/wp-content\/uploads\/2024\/07\/wp-titka-1024x532.jpg\" class=\"image wp-image-249  attachment-large size-large\" alt=\"\" style=\"max-width: 100%; height: auto;\" srcset=\"https:\/\/www.daregio.hu\/wp-content\/uploads\/2024\/07\/wp-titka-1024x532.jpg 1024w, https:\/\/www.daregio.hu\/wp-content\/uploads\/2024\/07\/wp-titka-300x156.jpg 300w, https:\/\/www.daregio.hu\/wp-content\/uploads\/2024\/07\/wp-titka-768x399.jpg 768w, https:\/\/www.daregio.hu\/wp-content\/uploads\/2024\/07\/wp-titka-1536x798.jpg 1536w, https:\/\/www.daregio.hu\/wp-content\/uploads\/2024\/07\/wp-titka.jpg 1900w\" sizes=\"(max-width: 843px) 100vw, 843px\" \/><\/div><\/div><div id=\"pgc-259-1-1\"  class=\"panel-grid-cell\" ><div id=\"panel-259-1-1-0\" class=\"so-panel widget widget_black-studio-tinymce widget_black_studio_tinymce panel-first-child panel-last-child\" data-index=\"2\" ><div class=\"panel-widget-style panel-widget-style-for-259-1-1-0\" ><div class=\"textwidget\"><div class=\"elementor-element elementor-element-019b637 e-con-full e-flex e-con e-child\" data-id=\"019b637\" data-element_type=\"container\" data-settings=\"{&quot;content_width&quot;:&quot;full&quot;}\">\n<div class=\"elementor-element elementor-element-c7834cd elementor-widget elementor-widget-text-editor\" data-id=\"c7834cd\" data-element_type=\"widget\" data-widget_type=\"text-editor.default\">\n<div class=\"elementor-widget-container\">\n<p><span style=\"font-size: 12pt;\">A <strong>WordPress <\/strong>k\u00e9pz\u00e9s\u00fcnk LIVE online t\u00e1voktat\u00e1s keretein bel\u00fcl val\u00f3sul meg.<\/span><\/p>\n<p><span style=\"font-size: 12pt;\">A k\u00e9pz\u00e9s \u00f3rasz\u00e1ma: 80 tan\u00f3ra<\/span><\/p>\n<p><span style=\"font-size: 12pt;\">\u00dctemez\u00e9se: heti egyszer 4x 45 perc<\/span><\/p>\n<p><span style=\"font-size: 12pt;\">El\u0151felt\u00e9tel: nincs<\/span><\/div>\n<\/div>\n<\/div>\n<\/div><\/div><\/div><\/div><\/div><div id=\"pg-259-2\"  class=\"panel-grid panel-no-style\" ><div id=\"pgc-259-2-0\"  class=\"panel-grid-cell\" ><div id=\"panel-259-2-0-0\" class=\"so-panel widget widget_black-studio-tinymce widget_black_studio_tinymce panel-first-child panel-last-child\" data-index=\"3\" ><div class=\"textwidget\"><div class=\"elementor-element elementor-element-cf6d821 e-flex e-con-boxed e-con e-parent\" data-id=\"cf6d821\" data-element_type=\"container\" data-settings=\"{&quot;content_width&quot;:&quot;boxed&quot;}\" data-core-v316-plus=\"true\">\n<div class=\"e-con-inner\">\n<div class=\"elementor-element elementor-element-be92bf1 elementor-widget elementor-widget-text-editor\" data-id=\"be92bf1\" data-element_type=\"widget\" data-widget_type=\"text-editor.default\">\n<div class=\"elementor-widget-container\">\n<p><span style=\"font-size: 12pt;\">A tananyag elemei:<\/span><\/p>\n<p><span style=\"font-size: 12pt;\"><strong>1. Vizu\u00e1lis tervez\u00e9s (a webdesign alapjai)<\/strong>: A sz\u00ednek, bet\u0171t\u00edpusok, k\u00e9pek \u00e9s grafikai elemek megismer\u00e9se, azok haszn\u00e1lata.<\/span><\/p>\n<p><span style=\"font-size: 12pt;\">A Canva online grafikai tervez\u0151 program megismer\u00e9se, a k\u00e9sz tervek megoszt\u00e1sa a Facebookon, Instagramon, (Twitteren) X-en.:<\/span><\/p>\n<ul>\n<li><span style=\"font-size: 12pt;\">El\u0151re elk\u00e9sz\u00edtett sablonok megismer\u00e9se a k\u00f6z\u00f6ss\u00e9gi m\u00e9dia posztok, plak\u00e1tok, prezent\u00e1ci\u00f3k stb. tervez\u00e9s\u00e9hez.<\/span><\/li>\n<li><span style=\"font-size: 12pt;\">Egyszer\u0171 haszn\u00e1lat. A k\u00e9pek \u00e9s sz\u00f6vegek k\u00f6nny\u0171 testreszab\u00e1sa \u00e9s mozgat\u00e1sa.<\/span><\/li>\n<li><span style=\"font-size: 12pt;\">Hozz\u00e1f\u00e9r\u00e9s t\u00f6bb milli\u00f3 k\u00e9phez, ikonhoz, illusztr\u00e1ci\u00f3hoz.<\/span><\/li>\n<\/ul>\n<p><span style=\"font-size: 12pt;\"><br \/>\n<strong>2. A felhaszn\u00e1l\u00f3i fel\u00fclet kialak\u00edt\u00e1sa: Gombok, \u0171rlapok, men\u00fck megtervez\u00e9se, elhelyez\u00e9se a weboldalakon.<\/strong><\/span><\/p>\n<ul>\n<li><span style=\"font-size: 12pt;\">Adobe XD fel\u00fclettervez\u00e9s:<\/span><\/li>\n<\/ul>\n<p><span style=\"font-size: 12pt;\">Az Adobe XD program kiv\u00e1l\u00f3an alkalmas mobil alkalmaz\u00e1sok, weboldalak \u00e9s egy\u00e9b digit\u00e1lis term\u00e9kek fel\u00fcleteinek tervez\u00e9s\u00e9re. Tartalmazza az \u00f6sszes sz\u00fcks\u00e9ges eszk\u00f6zt a grafikai elemek l\u00e9trehoz\u00e1s\u00e1hoz \u00e9s elrendez\u00e9s\u00e9hez.<br \/>\n<\/span><\/p>\n<p><span style=\"font-size: 12pt;\"><strong>3. Oldal kezel\u00e9s (funkcionalit\u00e1s)<\/strong>: Az oldalak haszn\u00e1lhat\u00f3s\u00e1g\u00e1nak megtervez\u00e9se, szerkeszt\u00e9se.<\/span><\/p>\n<p><span style=\"font-size: 12pt;\"><strong>4. Woocommerce web\u00e1ruh\u00e1z l\u00e9trehoz\u00e1sa:<\/strong> K\u00f6nnyen k\u00e9sz\u00edthet \u00e9s kezelhet web\u00e1ruh\u00e1zakat.<\/span><\/p>\n<p><span style=\"font-size: 12pt;\">A WooCommerce egy ny\u00edlt forr\u00e1sk\u00f3d\u00fa elektronikus kereskedelmi b\u0151v\u00edtm\u00e9ny a WordPress sz\u00e1m\u00e1ra.<\/span><\/p>\n<ul>\n<li><span style=\"font-size: 12pt;\">A WooCommerce-el automatikusan l\u00e9trehozhat n\u00e9h\u00e1ny alapvet\u0151 oldalt (Bolt, Kos\u00e1r, P\u00e9nzt\u00e1r, Saj\u00e1t fi\u00f3k).<\/span><\/li>\n<\/ul>\n<p><span style=\"font-size: 12pt;\">Olyan funkci\u00f3kat is hozz\u00e1adhat az oldalhoz, mint p\u00e9ld\u00e1ul a SEO optimaliz\u00e1l\u00e1s, az e-mail marketing, az \u00fcgyf\u00e9lszolg\u00e1lati eszk\u00f6z\u00f6k vagy a fizet\u00e9si rendszerek.<br \/>\n<\/span><\/p>\n<p><span style=\"font-size: 12pt;\"><strong>5. A mesters\u00e9ges intelligencia haszn\u00e1lata<\/strong>: K\u00e9pek \u00e9s sz\u00f6vegek gener\u00e1l\u00e1sa a g\u00e9pi intelligencia felhaszn\u00e1l\u00e1s\u00e1val.<\/span><\/p>\n<p><span style=\"font-size: 12pt;\">Az utas\u00edt\u00e1sok (promptok) leghat\u00e9konyabb, legc\u00e9lravezet\u0151bb m\u00f3dszereinek elsaj\u00e1t\u00edt\u00e1sa.<\/span><\/p>\n<p><span style=\"font-size: 12pt;\">Z\u00e1r\u00f3vizsga \u2013 teljes oldal elk\u00e9sz\u00edt\u00e9se, feladatok<\/span><\/div>\n<\/div>\n<\/div>\n<\/div>\n<\/div><\/div><\/div><\/div><div id=\"pg-259-3\"  class=\"panel-grid panel-no-style\" ><div id=\"pgc-259-3-0\"  class=\"panel-grid-cell\" ><div id=\"panel-259-3-0-0\" class=\"so-panel widget widget_black-studio-tinymce widget_black_studio_tinymce panel-first-child panel-last-child\" data-index=\"4\" ><div class=\"panel-widget-style panel-widget-style-for-259-3-0-0\" ><div class=\"textwidget\"><div class=\"elementor-element elementor-element-30a3287 e-con-full e-flex e-con e-child\" data-id=\"30a3287\" data-element_type=\"container\" data-settings=\"{&quot;content_width&quot;:&quot;full&quot;}\">\n<div class=\"elementor-element elementor-element-c42189f e-con-full e-flex e-con e-child\" data-id=\"c42189f\" data-element_type=\"container\" data-settings=\"{&quot;content_width&quot;:&quot;full&quot;,&quot;background_background&quot;:&quot;classic&quot;}\">\n<div class=\"elementor-element elementor-element-29769a6 elementor-widget__width-initial elementor-widget elementor-widget-text-editor\" data-id=\"29769a6\" data-element_type=\"widget\" data-widget_type=\"text-editor.default\">\n<div class=\"elementor-widget-container\">\n<p style=\"text-align: center;\"><span style=\"color: #ffffff;\"><strong>A k\u00e9pz\u00e9s \u00e1ra:<\/strong><\/span><\/p>\n<div id=\"pgc-259-3-0\" class=\"panel-grid-cell\" style=\"text-align: left;\">\n<div id=\"panel-259-3-0-0\" class=\"so-panel widget widget_black-studio-tinymce widget_black_studio_tinymce panel-first-child panel-last-child\" data-index=\"4\">\n<div class=\"panel-widget-style panel-widget-style-for-259-3-0-0\">\n<div class=\"textwidget\">\n<div class=\"elementor-element elementor-element-30a3287 e-con-full e-flex e-con e-child\" data-id=\"30a3287\" data-element_type=\"container\" data-settings=\"{&quot;content_width&quot;:&quot;full&quot;}\">\n<div class=\"elementor-element elementor-element-c42189f e-con-full e-flex e-con e-child\" data-id=\"c42189f\" data-element_type=\"container\" data-settings=\"{&quot;content_width&quot;:&quot;full&quot;,&quot;background_background&quot;:&quot;classic&quot;}\">\n<div class=\"elementor-element elementor-element-29769a6 elementor-widget__width-initial elementor-widget elementor-widget-text-editor\" data-id=\"29769a6\" data-element_type=\"widget\" data-widget_type=\"text-editor.default\">\n<div class=\"elementor-widget-container\">\n<p style=\"text-align: center;\"><span style=\"color: #ffffff;\"><strong>Egy\u00f6sszeg\u0171 fizet\u00e9s eset\u00e9n:<\/strong>\u00a0 1*20.000 Ft + 1*240.000 Ft = 260.000 Ft<\/span><\/p>\n<p style=\"text-align: center;\"><span style=\"color: #ffffff;\"><strong>R\u00e9szletfizet\u00e9s eset\u00e9n:<\/strong> 1*20.000 Ft + 8*32.500 Ft = 280.000 Ft<\/span><\/p>\n<\/div>\n<\/div>\n<\/div>\n<\/div>\n<\/div>\n<\/div>\n<\/div>\n<\/div>\n<\/div>\n<\/div>\n<\/div>\n<\/div>\n<\/div><\/div><\/div><\/div><\/div><div id=\"pg-259-4\"  class=\"panel-grid panel-no-style\" ><div id=\"pgc-259-4-0\"  class=\"panel-grid-cell\" ><div id=\"panel-259-4-0-0\" class=\"so-panel widget widget_black-studio-tinymce widget_black_studio_tinymce panel-first-child panel-last-child\" data-index=\"5\" ><div class=\"textwidget\"><div id=\"pg-259-4\" class=\"panel-grid panel-no-style\">\n<div id=\"pgc-259-4-0\" class=\"panel-grid-cell\">\n<div id=\"panel-259-4-0-0\" class=\"so-panel widget widget_black-studio-tinymce widget_black_studio_tinymce panel-first-child\" data-index=\"5\">\n<div class=\"textwidget\">\n<p style=\"text-align: center;\"><span style=\"font-size: 12pt;\">Ha tov\u00e1bbi r\u00e9szleteket szeretn\u00e9l megtudni a k\u00e9pz\u00e9seinkr\u0151l, akkor iratkozz fel a h\u00edrlevel\u00fcnkre, ha \u00e9rdekel a k\u00f6vetkez\u0151 indul\u00f3 k\u00e9pz\u00e9s\u00fcnk, jelentkezz b\u0151vebb inform\u00e1ci\u00f3k\u00e9rt, kattints ide:<\/span><\/p>\n<\/div>\n<\/div>\n<\/div>\n<\/div>\n<\/div><\/div><\/div><\/div><div id=\"pg-259-5\"  class=\"panel-grid panel-no-style\" ><div id=\"pgc-259-5-0\"  class=\"panel-grid-cell\" ><div id=\"panel-259-5-0-0\" class=\"so-panel widget widget_sow-button panel-first-child panel-last-child\" data-index=\"6\" ><div\n\t\t\t\n\t\t\tclass=\"so-widget-sow-button so-widget-sow-button-flat-1a6be60d51a4-259\"\n\t\t\t\n\t\t><div class=\"ow-button-base ow-button-align-center\">\n\t\t\t<a\n\t\t\t\t\thref=\"https:\/\/mailchi.mp\/a954ab83d6d2\/wordpress-jelentkezes\"\n\t\t\t\t\tclass=\"sowb-button ow-icon-placement-left ow-button-hover\" \t>\n\t\t<span>\n\t\t\t\n\t\t\t\u00c9RDEKL\u0150D\u00d6M\t\t<\/span>\n\t\t\t<\/a>\n\t<\/div>\n<\/div><\/div><\/div><\/div><div id=\"pg-259-6\"  class=\"panel-grid panel-no-style\" ><div id=\"pgc-259-6-0\"  class=\"panel-grid-cell\" ><div id=\"panel-259-6-0-0\" class=\"so-panel widget widget_black-studio-tinymce widget_black_studio_tinymce panel-first-child\" data-index=\"7\" ><div class=\"textwidget\"><p><script>(function() {\n\twindow.mc4wp = window.mc4wp || {\n\t\tlisteners: [],\n\t\tforms: {\n\t\t\ton: function(evt, cb) {\n\t\t\t\twindow.mc4wp.listeners.push(\n\t\t\t\t\t{\n\t\t\t\t\t\tevent   : evt,\n\t\t\t\t\t\tcallback: cb\n\t\t\t\t\t}\n\t\t\t\t);\n\t\t\t}\n\t\t}\n\t}\n})();\n<\/script><!-- Mailchimp for WordPress v4.9.14 - https:\/\/wordpress.org\/plugins\/mailchimp-for-wp\/ --><form id=\"mc4wp-form-1\" class=\"mc4wp-form mc4wp-form-417 mc4wp-form-basic\" method=\"post\" data-id=\"417\" data-name=\"Mailchimpes feliratkoz\u00f3s \u0171rlap\" ><div class=\"mc4wp-form-fields\"> <div id=\"mc_embed_shell\">\r\n     <link href=\"\/\/cdn-images.mailchimp.com\/embedcode\/classic-061523.css\" rel=\"stylesheet\" type=\"text\/css\">\r\n  <style type=\"text\/css\">\r\n        #mc_embed_signup{false;clear:left; font:14px Helvetica,Arial,sans-serif; width: 600px;}\r\n        \/* Add your own Mailchimp form style overrides in your site stylesheet or in this style block.\r\n        We recommend moving this block and the preceding CSS link to the HEAD of your HTML file. *\/\r\n<\/style> \r\n<div id=\"mc_embed_signup\">\r\n    \r\n        <div id=\"mc_embed_signup_scroll\"><h2>Tudj meg t\u00f6bbet<\/h2>\r\n            <div class=\"indicates-required\"><span class=\"asterisk\">*<\/span> k\u00f6telez\u0151 mez\u0151<\/div>\r\n            <div class=\"mc-field-group\"><label for=\"mce-EMAIL\">E-mail:<span class=\"asterisk\">*<\/span><\/label><input type=\"email\" name=\"EMAIL\" class=\"required email\" id=\"mce-EMAIL\" required=\"\" value=\"\"><\/div><div class=\"mc-field-group\"><label for=\"mce-FNAME\">Keresztn\u00e9v: <span class=\"asterisk\">*<\/span><\/label><input type=\"text\" name=\"FNAME\" class=\"required text\" id=\"mce-FNAME\" required=\"\" value=\"\"><\/div><div class=\"mc-field-group\"><label for=\"mce-MMERGE9\">\u00c9rdekl\u0151d\u00e9s <span class=\"asterisk\">*<\/span><\/label><select name=\"MMERGE9\" class=\"required\" id=\"mce-MMERGE9\"><option value=\"\"><\/option><option value=\"Digit\u00e1lis kult\u00fara - \u00c9retts\u00e9gi felk\u00e9sz\u00edt\u00e9s\">Digit\u00e1lis kult\u00fara - \u00c9retts\u00e9gi felk\u00e9sz\u00edt\u00e9s<\/option><option value=\"Webdesigner k\u00e9pz\u00e9s\">Webdesigner k\u00e9pz\u00e9s<\/option><option value=\"Wordpress k\u00e9pz\u00e9s\">WordPress k\u00e9pz\u00e9s<\/option><option value=\"Office magic - favorit 2 k\u00e9pz\u00e9s\">Office magic - favorit 2 k\u00e9pz\u00e9s<\/option><option value=\"PHP k\u00e9pz\u00e9s\">PHP k\u00e9pz\u00e9s<\/option><option value=\"\u00c1ltal\u00e1nos \u00e9rdekl\u0151d\u00e9s\">\u00c1ltal\u00e1nos \u00e9rdekl\u0151d\u00e9s<\/option><\/select><\/div><div class=\"mc-field-group\"><label for=\"mce-LNAME\">Vezet\u00e9kn\u00e9v: <\/label><input type=\"text\" name=\"LNAME\" class=\" text\" id=\"mce-LNAME\" value=\"\"><\/div><div class=\"mc-field-group\"><label for=\"mce-PHONE\">Telefonsz\u00e1m: <\/label><input type=\"text\" name=\"PHONE\" class=\"REQ_CSS\" id=\"mce-PHONE\" value=\"\"><\/div>\r\n          <div class=\"mc-field-group\"><label for=\"mce-BIRTHDAY-month\">Sz\u00fclet\u00e9snap: <\/label>\r\n          <div class=\"datefield\"><span class=\"subfield monthfield\"><input class=\"birthday REQ_CSS\" type=\"text\" pattern=\"[0-9]*\" placeholder=\"HH\" size=\"2\" maxlength=\"2\" name=\"BIRTHDAY[month]\" id=\"mce-BIRTHDAY-month\" value=\"\"><\/span> \/<span class=\"subfield dayfield\"><input class=\"birthday REQ_CSS\" type=\"text\" pattern=\"[0-9]*\" placeholder=\"NN\" size=\"2\" maxlength=\"2\" name=\"BIRTHDAY[day]\" id=\"mce-BIRTHDAY-day\" value=\"\"><\/span>\r\n          \t<span class=\"small-meta nowrap\">( h\u00f3nap \/ nap )<\/span><\/div><\/div>\r\n<div hidden=\"\"><input type=\"hidden\" name=\"tags\" value=\"13395\"><\/div> \r\n\r\n <\/div>\r\n  <div>\r\n  \t\t  <label>\r\n  \t\t\t<span class=\"asterisk\">*<\/span>\r\n  \t\t\t<input type=\"checkbox\" name=\"AGREE_TO_TERMS\" value=\"1\" required=\"\"> Hozz\u00e1j\u00e1rulok, hogy r\u00e9szemre a D-A Pro Regio Kft. \u00e9s t\u00e1rsc\u00e9gei prom\u00f3ci\u00f3s tartalm\u00fa h\u00edrleveleket k\u00fcldjenek.\r\n  \t\t  <\/label>\r\n          <label>\r\n            <span class=\"asterisk\">*<\/span>\r\n   \t \t\t<input type=\"checkbox\" name=\"AGREE_TO_TERMS2\" value=\"1\" required=\"\">Az Adatv\u00e9delmi t\u00e1j\u00e9koztat\u00f3t elolvastam, meg\u00e9rtettem \u00e9s hozz\u00e1j\u00e1rulok ahhoz, hogy a megadott adataimat \u2013 hozz\u00e1j\u00e1rul\u00e1som visszavon\u00e1s\u00e1ig - a D-A Pro Regio Kft., mint Adatkezel\u0151 az adatkezel\u00e9si t\u00e1j\u00e9koztat\u00f3ban foglaltaknak megfelel\u0151en kezelje, r\u00e9szemre h\u00edrlevelet k\u00fcldj\u00f6n.\r\n          <\/label>\r\n<\/div>\r\n        <div id=\"mce-responses\" class=\"clear\">\r\n            <div class=\"response\" id=\"mce-error-response\" style=\"display: none;\"><\/div>\r\n            <div class=\"response\" id=\"mce-success-response\" style=\"display: none;\"><\/div>\r\n        <\/div><div aria-hidden=\"true\" style=\"position: absolute; left: -5000px;\"><input type=\"text\" name=\"b_a9995909b6acd21c03a259853_cab19a954c\" tabindex=\"-1\" value=\"\"><\/div><div class=\"clear\"><input type=\"submit\" name=\"subscribe\" id=\"mc-embedded-subscribe\" class=\"button\" value=\"Feliratkozom\"><\/div>\r\n   \r\n\r\n<\/div>\r\n<script type=\"text\/javascript\" src=\"\/\/s3.amazonaws.com\/downloads.mailchimp.com\/js\/mc-validate.js\"><\/script><script type=\"text\/javascript\">(function($) {window.fnames = new Array(); window.ftypes = new Array();fnames[0]='EMAIL';ftypes[0]='email';fnames[1]='FNAME';ftypes[1]='text';fnames[9]='MMERGE9';ftypes[9]='dropdown';fnames[2]='LNAME';ftypes[2]='text';fnames[4]='PHONE';ftypes[4]='phone';fnames[5]='BIRTHDAY';ftypes[5]='birthday';fnames[3]='ADDRESS';ftypes[3]='address';fnames[6]='MMERGE6';ftypes[6]='text';fnames[7]='MMERGE7';ftypes[7]='number';fnames[8]='MMERGE8';ftypes[8]='text';}(jQuery));var $mcj = jQuery.noConflict(true);<\/script><\/div>\r\n<\/div><label style=\"display: none !important;\">Ha \u00d6n ember, hagyja \u00fcresen ezt a mez\u0151t: <input type=\"text\" name=\"_mc4wp_honeypot\" value=\"\" tabindex=\"-1\" autocomplete=\"off\" \/><\/label><input type=\"hidden\" name=\"_mc4wp_timestamp\" value=\"1778780692\" \/><input type=\"hidden\" name=\"_mc4wp_form_id\" value=\"417\" \/><input type=\"hidden\" name=\"_mc4wp_form_element_id\" value=\"mc4wp-form-1\" \/><div class=\"mc4wp-response\"><\/div><\/form><!-- \/ Mailchimp for WordPress Plugin --><\/p>\n<\/div><\/div><div id=\"panel-259-6-0-1\" class=\"so-panel widget widget_black-studio-tinymce widget_black_studio_tinymce panel-last-child\" data-index=\"8\" ><div class=\"textwidget\"><\/div><\/div><\/div><\/div><\/div>","protected":false},"excerpt":{"rendered":"<p>Weboldalak \u00e9s blogok k\u00e9sz\u00edt\u00e9se k\u00f6nnyed\u00e9n A WordPress k\u00e9pz\u00e9s\u00fcnk LIVE online t\u00e1voktat\u00e1s keretein bel\u00fcl val\u00f3sul meg. A k\u00e9pz\u00e9s \u00f3rasz\u00e1ma: 80 tan\u00f3ra \u00dctemez\u00e9se: heti egyszer 4x 45&hellip;<\/p>\n","protected":false},"author":1,"featured_media":0,"parent":0,"menu_order":0,"comment_status":"closed","ping_status":"closed","template":"","meta":{"footnotes":""},"class_list":["post-259","page","type-page","status-publish","hentry"],"_links":{"self":[{"href":"https:\/\/www.daregio.hu\/index.php\/wp-json\/wp\/v2\/pages\/259"}],"collection":[{"href":"https:\/\/www.daregio.hu\/index.php\/wp-json\/wp\/v2\/pages"}],"about":[{"href":"https:\/\/www.daregio.hu\/index.php\/wp-json\/wp\/v2\/types\/page"}],"author":[{"embeddable":true,"href":"https:\/\/www.daregio.hu\/index.php\/wp-json\/wp\/v2\/users\/1"}],"replies":[{"embeddable":true,"href":"https:\/\/www.daregio.hu\/index.php\/wp-json\/wp\/v2\/comments?post=259"}],"version-history":[{"count":50,"href":"https:\/\/www.daregio.hu\/index.php\/wp-json\/wp\/v2\/pages\/259\/revisions"}],"predecessor-version":[{"id":433,"href":"https:\/\/www.daregio.hu\/index.php\/wp-json\/wp\/v2\/pages\/259\/revisions\/433"}],"wp:attachment":[{"href":"https:\/\/www.daregio.hu\/index.php\/wp-json\/wp\/v2\/media?parent=259"}],"curies":[{"name":"wp","href":"https:\/\/api.w.org\/{rel}","templated":true}]}}