{"id":266,"date":"2024-07-31T22:06:56","date_gmt":"2024-07-31T20:06:56","guid":{"rendered":"https:\/\/www.daregio.hu\/?page_id=266"},"modified":"2025-01-28T21:12:19","modified_gmt":"2025-01-28T20:12:19","slug":"office-magic-favorit-2-kepzes","status":"publish","type":"page","link":"https:\/\/www.daregio.hu\/index.php\/office-magic-favorit-2-kepzes\/","title":{"rendered":"Office magic &#8211; favorit 2  k\u00e9pz\u00e9s"},"content":{"rendered":"<div id=\"pl-266\"  class=\"panel-layout\" ><div id=\"pg-266-0\"  class=\"panel-grid panel-no-style\" ><div id=\"pgc-266-0-0\"  class=\"panel-grid-cell\" ><div id=\"panel-266-0-0-0\" class=\"so-panel widget widget_black-studio-tinymce widget_black_studio_tinymce panel-first-child panel-last-child\" data-index=\"0\" ><div class=\"panel-widget-style panel-widget-style-for-266-0-0-0\" ><div class=\"textwidget\"><div class=\"elementor-element elementor-element-58fa738 e-flex e-con-boxed e-con e-parent\" data-id=\"58fa738\" data-element_type=\"container\" data-settings=\"{&quot;content_width&quot;:&quot;boxed&quot;}\" data-core-v316-plus=\"true\">\n<div class=\"e-con-inner\">\n<div class=\"elementor-element elementor-element-725117e elementor-widget elementor-widget-text-editor\" data-id=\"725117e\" data-element_type=\"widget\" data-widget_type=\"text-editor.default\">\n<div class=\"elementor-widget-container\">\n<div dir=\"auto\" style=\"text-align: center;\"><span style=\"font-size: 14pt;\"><strong>Office magic - irodai var\u00e1zslatok mesterfokon<\/strong><\/span><\/div>\n<\/div>\n<\/div>\n<div dir=\"auto\" style=\"text-align: justify;\"><\/div>\n<div class=\"elementor-element elementor-element-725117e elementor-widget elementor-widget-text-editor\" data-id=\"725117e\" data-element_type=\"widget\" data-widget_type=\"text-editor.default\">\n<div class=\"elementor-widget-container\">\n<div dir=\"auto\" style=\"text-align: justify;\"><span style=\"font-size: 12pt;\">Ez a kurzus kiv\u00e1l\u00f3 lehet\u0151s\u00e9get ny\u00fajt mindazoknak, akik szeretn\u00e9k fejleszteni irodai k\u00e9szs\u00e9geiket \u00e9s m\u00e9lyebb betekint\u00e9st nyern\u00e9nek az irodai informatik\u00e1ba. A tanfolyam sor\u00e1n r\u00e9szletesen foglalkozunk dokumentumk\u00e9sz\u00edt\u00e9ssel, bele\u00e9rtve az Office szoftvereket, p\u00e9ld\u00e1ul a Word-\u00f6t \u00e9s az Excel-t. Megismerheted az oper\u00e1ci\u00f3s rendszerek alapjait, \u00e9s kih\u00edv\u00e1sokat jelent\u0151 projektjeink r\u00e9v\u00e9n gyakorlati tapasztalatokat szerezhetsz.<\/span><\/div>\n<div dir=\"auto\" style=\"text-align: justify;\"><\/div>\n<div dir=\"auto\" style=\"text-align: justify;\"><span style=\"font-size: 12pt;\">A k\u00e9pz\u00e9sen \u00e1tvezet\u00fcnk a k\u00f6rlev\u00e9l\u00edr\u00e1s m\u0171v\u00e9szet\u00e9be, \u00e9s megosztjuk a hat\u00e9kony kommunik\u00e1ci\u00f3hoz sz\u00fcks\u00e9ges bev\u00e1lt gyakorlatokat. Emellett a sz\u00e1m\u00edt\u00f3g\u00e9p fel\u00e9p\u00edt\u00e9s\u00e9vel kapcsolatos ismereteket is \u00e1tadunk, hogy a r\u00e9sztvev\u0151k teljes k\u00f6r\u0171en meg\u00e9rts\u00e9k a hardver \u00e9s szoftver k\u00f6lcs\u00f6nhat\u00e1s\u00e1t.<\/span><\/div>\n<div dir=\"auto\" style=\"text-align: justify;\"><\/div>\n<\/div>\n<\/div>\n<\/div>\n<\/div>\n<\/div><\/div><\/div><\/div><\/div><div id=\"pg-266-1\"  class=\"panel-grid panel-no-style\" ><div id=\"pgc-266-1-0\"  class=\"panel-grid-cell\" ><div id=\"panel-266-1-0-0\" class=\"so-panel widget widget_media_image panel-first-child panel-last-child\" data-index=\"1\" ><img decoding=\"async\" width=\"843\" height=\"561\" src=\"https:\/\/www.daregio.hu\/wp-content\/uploads\/2024\/07\/girl-1328418_1280-1024x682.jpg\" class=\"image wp-image-67  attachment-large size-large\" alt=\"\" style=\"max-width: 100%; height: auto;\" srcset=\"https:\/\/www.daregio.hu\/wp-content\/uploads\/2024\/07\/girl-1328418_1280-1024x682.jpg 1024w, https:\/\/www.daregio.hu\/wp-content\/uploads\/2024\/07\/girl-1328418_1280-300x200.jpg 300w, https:\/\/www.daregio.hu\/wp-content\/uploads\/2024\/07\/girl-1328418_1280-768x512.jpg 768w, https:\/\/www.daregio.hu\/wp-content\/uploads\/2024\/07\/girl-1328418_1280-272x182.jpg 272w, https:\/\/www.daregio.hu\/wp-content\/uploads\/2024\/07\/girl-1328418_1280.jpg 1280w\" sizes=\"(max-width: 843px) 100vw, 843px\" \/><\/div><\/div><div id=\"pgc-266-1-1\"  class=\"panel-grid-cell\" ><div id=\"panel-266-1-1-0\" class=\"so-panel widget widget_black-studio-tinymce widget_black_studio_tinymce panel-first-child panel-last-child\" data-index=\"2\" ><div class=\"panel-widget-style panel-widget-style-for-266-1-1-0\" ><div class=\"textwidget\"><div class=\"elementor-element elementor-element-019b637 e-con-full e-flex e-con e-child\" data-id=\"019b637\" data-element_type=\"container\" data-settings=\"{&quot;content_width&quot;:&quot;full&quot;}\">\n<div class=\"elementor-element elementor-element-c7834cd elementor-widget elementor-widget-text-editor\" data-id=\"c7834cd\" data-element_type=\"widget\" data-widget_type=\"text-editor.default\">\n<div class=\"elementor-widget-container\">\n<p><span style=\"font-size: 12pt;\">A k\u00e9pz\u00e9s\u00fcnk LIVE online t\u00e1voktat\u00e1s keretein bel\u00fcl val\u00f3sul meg.<\/span><\/p>\n<p><span style=\"font-size: 12pt;\">A k\u00e9pz\u00e9s \u00f3rasz\u00e1ma: 144 tan\u00f3ra<\/span><\/p>\n<p><span style=\"font-size: 12pt;\">\u00dctemez\u00e9se: heti egyszer 4x 45 perc<\/span><\/p>\n<p><span style=\"font-size: 12pt;\">El\u0151felt\u00e9tel: nincs<\/span><\/div>\n<\/div>\n<\/div>\n<\/div><\/div><\/div><\/div><\/div><div id=\"pg-266-2\"  class=\"panel-grid panel-no-style\" ><div id=\"pgc-266-2-0\"  class=\"panel-grid-cell\" ><div id=\"panel-266-2-0-0\" class=\"so-panel widget widget_black-studio-tinymce widget_black_studio_tinymce panel-first-child panel-last-child\" data-index=\"3\" ><div class=\"textwidget\"><div class=\"elementor-element elementor-element-cf6d821 e-flex e-con-boxed e-con e-parent\" data-id=\"cf6d821\" data-element_type=\"container\" data-settings=\"{&quot;content_width&quot;:&quot;boxed&quot;}\" data-core-v316-plus=\"true\">\n<div class=\"e-con-inner\">\n<div class=\"elementor-element elementor-element-be92bf1 elementor-widget elementor-widget-text-editor\" data-id=\"be92bf1\" data-element_type=\"widget\" data-widget_type=\"text-editor.default\">\n<div class=\"elementor-widget-container\">\n<div class=\"elementor-element elementor-element-9c9a444 e-flex e-con-boxed e-con e-parent\" data-id=\"9c9a444\" data-element_type=\"container\" data-settings=\"{&quot;content_width&quot;:&quot;boxed&quot;}\" data-core-v316-plus=\"true\">\n<div class=\"e-con-inner\">\n<div class=\"elementor-element elementor-element-916baba elementor-widget elementor-widget-text-editor\" data-id=\"916baba\" data-element_type=\"widget\" data-widget_type=\"text-editor.default\">\n<div class=\"elementor-widget-container\">\n<p><span style=\"font-size: 14pt;\"><strong>Office magic \u2013 Irodai var\u00e1zslatok<\/strong><\/span><\/p>\n<ol>\n<li aria-level=\"1\"><span style=\"font-size: 12pt;\"><strong>A k\u00e9pz\u00e9s\u00fcnk az alapokt\u00f3l \u00e9p\u00edtkezik.<\/strong> Bemutatjuk a sz\u00e1m\u00edt\u00f3g\u00e9pek r\u00e9szeit. Elmagyar\u00e1zzuk a processzor a mem\u00f3ri\u00e1k, \u00e9s a t\u00e1rhelyek valamint a szerverek \u00e9s felh\u0151 t\u00e1rhelyek szerep\u00e9t.<\/span><\/li>\n<li aria-level=\"1\"><strong><span style=\"font-size: 12pt;\">A tanul\u00f3k r\u00e9szletesen megismerkednek a windows oper\u00e1ci\u00f3s rendszerrel, annak be\u00e1ll\u00edt\u00e1saival, haszn\u00e1lat\u00e1val.\u00a0<\/span><\/strong><\/li>\n<li aria-level=\"1\"><span style=\"font-size: 12pt;\"><strong>Megtanulnak a t\u00e1rhelyekkel b\u00e1nni, f\u00e1jlokat m\u00e1solni, \u00e1thelyezni \u00e9s t\u00f6r\u00f6lni.<\/strong> K\u00e9pesek lesznek programokat telep\u00edteni, elt\u00e1vol\u00edtani, adatv\u00e9delmi be\u00e1ll\u00edt\u00e1sokat kezelni, v\u00edrusokat keresni, hib\u00e1kat orvosolni.\u00a0<\/span><\/li>\n<li aria-level=\"1\"><strong><span style=\"font-size: 12pt;\">Megtanulnak felhaszn\u00e1l\u00f3i fi\u00f3kokat l\u00e9trehozni:<\/span><\/strong>\n<ul>\n<li aria-level=\"2\"><span style=\"font-size: 12pt;\">Google<\/span><\/li>\n<li aria-level=\"2\"><span style=\"font-size: 12pt;\">Microsoft<\/span><\/li>\n<li aria-level=\"2\"><span style=\"font-size: 12pt;\">Facebook<\/span><\/li>\n<li aria-level=\"2\"><span style=\"font-size: 12pt;\">Instagram<\/span><\/li>\n<li aria-level=\"2\"><span style=\"font-size: 12pt;\">YouTube<\/span><\/li>\n<\/ul>\n<\/li>\n<li aria-level=\"1\"><strong><span style=\"font-size: 12pt;\">Az irodai programok k\u00f6z\u00fcl a Microsoft Office csomag elemeit halad\u00f3 szinten megtan\u00edtjuk.<\/span><\/strong>\n<ul>\n<li aria-level=\"2\"><span style=\"font-size: 12pt;\">Word \u2013 sz\u00f6vegszerkeszt\u00e9s<\/span><\/li>\n<li aria-level=\"2\"><span style=\"font-size: 12pt;\">Excel \u2013 t\u00e1bl\u00e1zatkezel\u00e9s<\/span><\/li>\n<li aria-level=\"2\"><span style=\"font-size: 12pt;\">PowerPoint \u2013 bemutat\u00f3k k\u00e9sz\u00edt\u00e9se<\/span><\/li>\n<li aria-level=\"2\"><span style=\"font-size: 12pt;\">Access \u2013 adatb\u00e1zis kezel\u00e9s<\/span><\/li>\n<\/ul>\n<\/li>\n<li aria-level=\"1\"><strong><span style=\"font-size: 12pt;\">Tan\u00edtjuk a k\u00e9pek szerkeszt\u00e9s\u00e9t, \u00e1talak\u00edt\u00e1s\u00e1t, feliratoz\u00e1s\u00e1t.<\/span><\/strong><\/li>\n<li aria-level=\"1\"><span style=\"font-size: 12pt;\"><strong>Megtan\u00edtjuk a weboldalak k\u00e9sz\u00edt\u00e9s\u00e9nek alapjait.<\/strong> HTML oldalakat k\u00e9sz\u00edt\u00fcnk CSS form\u00e1z\u00e1s seg\u00edts\u00e9g\u00e9vel. Bepillant\u00e1st enged\u00fcnk a sablonokkal k\u00e9sz\u00fcl\u0151 honlapok vil\u00e1g\u00e1ba, \u00edgy p\u00e9ld\u00e1ul a WordPress vagy a Webnode oldalak k\u00e9sz\u00edt\u00e9s\u00e9be is.<\/span><\/li>\n<li aria-level=\"1\"><span style=\"font-size: 12pt;\"><strong>Fontosnak tartjuk a sz\u00e1m\u00edt\u00f3g\u00e9pes \u00fcgyint\u00e9z\u00e9s megtanul\u00e1s\u00e1t is.<\/strong> A regisztr\u00e1ci\u00f3k, megrendel\u00e9sek, sz\u00e1ml\u00e1k, banki \u00e9s id\u0151pont foglal\u00f3 alkalmaz\u00e1sok haszn\u00e1lat\u00e1t is \u00e1ttekintj\u00fck.<\/span>\n<ul>\n<li aria-level=\"2\"><span style=\"font-size: 12pt;\">\u00dcgyf\u00e9lkapu<\/span><\/li>\n<li aria-level=\"2\"><span style=\"font-size: 12pt;\">D\u00edjnet<\/span><\/li>\n<li aria-level=\"2\"><span style=\"font-size: 12pt;\">PayPal<\/span><\/li>\n<\/ul>\n<\/li>\n<\/ol>\n<\/div>\n<\/div>\n<\/div>\n<\/div>\n<\/div>\n<\/div>\n<\/div>\n<\/div>\n<\/div><\/div><\/div><\/div><div id=\"pg-266-3\"  class=\"panel-grid panel-no-style\" ><div id=\"pgc-266-3-0\"  class=\"panel-grid-cell\" ><div id=\"panel-266-3-0-0\" class=\"so-panel widget widget_black-studio-tinymce widget_black_studio_tinymce panel-first-child panel-last-child\" data-index=\"4\" ><div class=\"textwidget\"><p style=\"text-align: center;\"><strong>Ha tov\u00e1bbi r\u00e9szleteket szeretn\u00e9l megtudni a k\u00e9pz\u00e9seinkr\u0151l, akkor iratkozz fel a h\u00edrlevel\u00fcnkre.<\/strong><\/p>\n<p><script>(function() {\n\twindow.mc4wp = window.mc4wp || {\n\t\tlisteners: [],\n\t\tforms: {\n\t\t\ton: function(evt, cb) {\n\t\t\t\twindow.mc4wp.listeners.push(\n\t\t\t\t\t{\n\t\t\t\t\t\tevent   : evt,\n\t\t\t\t\t\tcallback: cb\n\t\t\t\t\t}\n\t\t\t\t);\n\t\t\t}\n\t\t}\n\t}\n})();\n<\/script><!-- Mailchimp for WordPress v4.9.14 - https:\/\/wordpress.org\/plugins\/mailchimp-for-wp\/ --><form id=\"mc4wp-form-1\" class=\"mc4wp-form mc4wp-form-417 mc4wp-form-basic\" method=\"post\" data-id=\"417\" data-name=\"Mailchimpes feliratkoz\u00f3s \u0171rlap\" ><div class=\"mc4wp-form-fields\"> <div id=\"mc_embed_shell\">\r\n     <link href=\"\/\/cdn-images.mailchimp.com\/embedcode\/classic-061523.css\" rel=\"stylesheet\" type=\"text\/css\">\r\n  <style type=\"text\/css\">\r\n        #mc_embed_signup{false;clear:left; font:14px Helvetica,Arial,sans-serif; width: 600px;}\r\n        \/* Add your own Mailchimp form style overrides in your site stylesheet or in this style block.\r\n        We recommend moving this block and the preceding CSS link to the HEAD of your HTML file. *\/\r\n<\/style> \r\n<div id=\"mc_embed_signup\">\r\n    \r\n        <div id=\"mc_embed_signup_scroll\"><h2>Tudj meg t\u00f6bbet<\/h2>\r\n            <div class=\"indicates-required\"><span class=\"asterisk\">*<\/span> k\u00f6telez\u0151 mez\u0151<\/div>\r\n            <div class=\"mc-field-group\"><label for=\"mce-EMAIL\">E-mail:<span class=\"asterisk\">*<\/span><\/label><input type=\"email\" name=\"EMAIL\" class=\"required email\" id=\"mce-EMAIL\" required=\"\" value=\"\"><\/div><div class=\"mc-field-group\"><label for=\"mce-FNAME\">Keresztn\u00e9v: <span class=\"asterisk\">*<\/span><\/label><input type=\"text\" name=\"FNAME\" class=\"required text\" id=\"mce-FNAME\" required=\"\" value=\"\"><\/div><div class=\"mc-field-group\"><label for=\"mce-MMERGE9\">\u00c9rdekl\u0151d\u00e9s <span class=\"asterisk\">*<\/span><\/label><select name=\"MMERGE9\" class=\"required\" id=\"mce-MMERGE9\"><option value=\"\"><\/option><option value=\"Digit\u00e1lis kult\u00fara - \u00c9retts\u00e9gi felk\u00e9sz\u00edt\u00e9s\">Digit\u00e1lis kult\u00fara - \u00c9retts\u00e9gi felk\u00e9sz\u00edt\u00e9s<\/option><option value=\"Webdesigner k\u00e9pz\u00e9s\">Webdesigner k\u00e9pz\u00e9s<\/option><option value=\"Wordpress k\u00e9pz\u00e9s\">WordPress k\u00e9pz\u00e9s<\/option><option value=\"Office magic - favorit 2 k\u00e9pz\u00e9s\">Office magic - favorit 2 k\u00e9pz\u00e9s<\/option><option value=\"PHP k\u00e9pz\u00e9s\">PHP k\u00e9pz\u00e9s<\/option><option value=\"\u00c1ltal\u00e1nos \u00e9rdekl\u0151d\u00e9s\">\u00c1ltal\u00e1nos \u00e9rdekl\u0151d\u00e9s<\/option><\/select><\/div><div class=\"mc-field-group\"><label for=\"mce-LNAME\">Vezet\u00e9kn\u00e9v: <\/label><input type=\"text\" name=\"LNAME\" class=\" text\" id=\"mce-LNAME\" value=\"\"><\/div><div class=\"mc-field-group\"><label for=\"mce-PHONE\">Telefonsz\u00e1m: <\/label><input type=\"text\" name=\"PHONE\" class=\"REQ_CSS\" id=\"mce-PHONE\" value=\"\"><\/div>\r\n          <div class=\"mc-field-group\"><label for=\"mce-BIRTHDAY-month\">Sz\u00fclet\u00e9snap: <\/label>\r\n          <div class=\"datefield\"><span class=\"subfield monthfield\"><input class=\"birthday REQ_CSS\" type=\"text\" pattern=\"[0-9]*\" placeholder=\"HH\" size=\"2\" maxlength=\"2\" name=\"BIRTHDAY[month]\" id=\"mce-BIRTHDAY-month\" value=\"\"><\/span> \/<span class=\"subfield dayfield\"><input class=\"birthday REQ_CSS\" type=\"text\" pattern=\"[0-9]*\" placeholder=\"NN\" size=\"2\" maxlength=\"2\" name=\"BIRTHDAY[day]\" id=\"mce-BIRTHDAY-day\" value=\"\"><\/span>\r\n          \t<span class=\"small-meta nowrap\">( h\u00f3nap \/ nap )<\/span><\/div><\/div>\r\n<div hidden=\"\"><input type=\"hidden\" name=\"tags\" value=\"13395\"><\/div> \r\n\r\n <\/div>\r\n  <div>\r\n  \t\t  <label>\r\n  \t\t\t<span class=\"asterisk\">*<\/span>\r\n  \t\t\t<input type=\"checkbox\" name=\"AGREE_TO_TERMS\" value=\"1\" required=\"\"> Hozz\u00e1j\u00e1rulok, hogy r\u00e9szemre a D-A Pro Regio Kft. \u00e9s t\u00e1rsc\u00e9gei prom\u00f3ci\u00f3s tartalm\u00fa h\u00edrleveleket k\u00fcldjenek.\r\n  \t\t  <\/label>\r\n          <label>\r\n            <span class=\"asterisk\">*<\/span>\r\n   \t \t\t<input type=\"checkbox\" name=\"AGREE_TO_TERMS2\" value=\"1\" required=\"\">Az Adatv\u00e9delmi t\u00e1j\u00e9koztat\u00f3t elolvastam, meg\u00e9rtettem \u00e9s hozz\u00e1j\u00e1rulok ahhoz, hogy a megadott adataimat \u2013 hozz\u00e1j\u00e1rul\u00e1som visszavon\u00e1s\u00e1ig - a D-A Pro Regio Kft., mint Adatkezel\u0151 az adatkezel\u00e9si t\u00e1j\u00e9koztat\u00f3ban foglaltaknak megfelel\u0151en kezelje, r\u00e9szemre h\u00edrlevelet k\u00fcldj\u00f6n.\r\n          <\/label>\r\n<\/div>\r\n        <div id=\"mce-responses\" class=\"clear\">\r\n            <div class=\"response\" id=\"mce-error-response\" style=\"display: none;\"><\/div>\r\n            <div class=\"response\" id=\"mce-success-response\" style=\"display: none;\"><\/div>\r\n        <\/div><div aria-hidden=\"true\" style=\"position: absolute; left: -5000px;\"><input type=\"text\" name=\"b_a9995909b6acd21c03a259853_cab19a954c\" tabindex=\"-1\" value=\"\"><\/div><div class=\"clear\"><input type=\"submit\" name=\"subscribe\" id=\"mc-embedded-subscribe\" class=\"button\" value=\"Feliratkozom\"><\/div>\r\n   \r\n\r\n<\/div>\r\n<script type=\"text\/javascript\" src=\"\/\/s3.amazonaws.com\/downloads.mailchimp.com\/js\/mc-validate.js\"><\/script><script type=\"text\/javascript\">(function($) {window.fnames = new Array(); window.ftypes = new Array();fnames[0]='EMAIL';ftypes[0]='email';fnames[1]='FNAME';ftypes[1]='text';fnames[9]='MMERGE9';ftypes[9]='dropdown';fnames[2]='LNAME';ftypes[2]='text';fnames[4]='PHONE';ftypes[4]='phone';fnames[5]='BIRTHDAY';ftypes[5]='birthday';fnames[3]='ADDRESS';ftypes[3]='address';fnames[6]='MMERGE6';ftypes[6]='text';fnames[7]='MMERGE7';ftypes[7]='number';fnames[8]='MMERGE8';ftypes[8]='text';}(jQuery));var $mcj = jQuery.noConflict(true);<\/script><\/div>\r\n<\/div><label style=\"display: none !important;\">Ha \u00d6n ember, hagyja \u00fcresen ezt a mez\u0151t: <input type=\"text\" name=\"_mc4wp_honeypot\" value=\"\" tabindex=\"-1\" autocomplete=\"off\" \/><\/label><input type=\"hidden\" name=\"_mc4wp_timestamp\" value=\"1778780740\" \/><input type=\"hidden\" name=\"_mc4wp_form_id\" value=\"417\" \/><input type=\"hidden\" name=\"_mc4wp_form_element_id\" value=\"mc4wp-form-1\" \/><div class=\"mc4wp-response\"><\/div><\/form><!-- \/ Mailchimp for WordPress Plugin --><\/p>\n<\/div><\/div><\/div><\/div><\/div>","protected":false},"excerpt":{"rendered":"<p>Office magic &#8211; irodai var\u00e1zslatok mesterfokon Ez a kurzus kiv\u00e1l\u00f3 lehet\u0151s\u00e9get ny\u00fajt mindazoknak, akik szeretn\u00e9k fejleszteni irodai k\u00e9szs\u00e9geiket \u00e9s m\u00e9lyebb betekint\u00e9st nyern\u00e9nek az irodai informatik\u00e1ba.&hellip;<\/p>\n","protected":false},"author":1,"featured_media":0,"parent":0,"menu_order":0,"comment_status":"closed","ping_status":"closed","template":"","meta":{"footnotes":""},"class_list":["post-266","page","type-page","status-publish","hentry"],"_links":{"self":[{"href":"https:\/\/www.daregio.hu\/index.php\/wp-json\/wp\/v2\/pages\/266"}],"collection":[{"href":"https:\/\/www.daregio.hu\/index.php\/wp-json\/wp\/v2\/pages"}],"about":[{"href":"https:\/\/www.daregio.hu\/index.php\/wp-json\/wp\/v2\/types\/page"}],"author":[{"embeddable":true,"href":"https:\/\/www.daregio.hu\/index.php\/wp-json\/wp\/v2\/users\/1"}],"replies":[{"embeddable":true,"href":"https:\/\/www.daregio.hu\/index.php\/wp-json\/wp\/v2\/comments?post=266"}],"version-history":[{"count":16,"href":"https:\/\/www.daregio.hu\/index.php\/wp-json\/wp\/v2\/pages\/266\/revisions"}],"predecessor-version":[{"id":858,"href":"https:\/\/www.daregio.hu\/index.php\/wp-json\/wp\/v2\/pages\/266\/revisions\/858"}],"wp:attachment":[{"href":"https:\/\/www.daregio.hu\/index.php\/wp-json\/wp\/v2\/media?parent=266"}],"curies":[{"name":"wp","href":"https:\/\/api.w.org\/{rel}","templated":true}]}}