{"id":311,"date":"2024-08-01T00:26:38","date_gmt":"2024-07-31T22:26:38","guid":{"rendered":"https:\/\/www.daregio.hu\/?page_id=311"},"modified":"2025-11-04T18:53:56","modified_gmt":"2025-11-04T17:53:56","slug":"online-infomatikai-kepzesek-d-a-pro-regio-2","status":"publish","type":"page","link":"https:\/\/www.daregio.hu\/index.php\/online-infomatikai-kepzesek-d-a-pro-regio-2\/","title":{"rendered":"K\u00c9PZ\u00c9SEINK"},"content":{"rendered":"<div id=\"pl-311\"  class=\"panel-layout\" ><div id=\"pg-311-0\"  class=\"panel-grid panel-has-style\" ><div class=\"panel-row-style panel-row-style-for-311-0\" ><div id=\"pgc-311-0-0\"  class=\"panel-grid-cell\" ><div id=\"panel-311-0-0-0\" class=\"so-panel widget widget_black-studio-tinymce widget_black_studio_tinymce panel-first-child panel-last-child\" data-index=\"0\" ><div class=\"textwidget\"><p><span style=\"font-size: 14pt;\"><strong>WEBDESIGNER<\/strong><\/span><\/p>\n<p>A k\u00e9pz\u00e9s \u00f3rasz\u00e1ma: 144 tan\u00f3ra<\/p>\n<p>\u00dctemez\u00e9se: heti egyszer 4x 45 perc<\/p>\n<p style=\"text-align: left;\"><strong><span style=\"font-size: 14pt; color: #3366ff;\"><a href=\"https:\/\/www.daregio.hu\/index.php\/webdesigner-online-kepzes\/\">M\u00e9g t\u00f6bb inf\u00f3<\/a><br \/>\n<\/span><\/strong><\/p>\n<\/div><\/div><\/div><div id=\"pgc-311-0-1\"  class=\"panel-grid-cell\" ><div id=\"panel-311-0-1-0\" class=\"so-panel widget widget_black-studio-tinymce widget_black_studio_tinymce panel-first-child panel-last-child\" data-index=\"1\" ><div class=\"textwidget\"><p><span style=\"font-size: 14pt;\"><strong>WORDPRESS K\u00c9PZ\u00c9S<\/strong><\/span><\/p>\n<p>A k\u00e9pz\u00e9s \u00f3rasz\u00e1ma: 80 tan\u00f3ra<\/p>\n<p>\u00dctemez\u00e9se: heti egyszer 4x 45 perc<\/p>\n<p><a href=\"https:\/\/www.daregio.hu\/index.php\/wordpress-kepzes\/\"><span style=\"color: #3366ff;\"><strong><span style=\"font-size: 14pt;\">M\u00e9g t\u00f6bb inf\u00f3<\/span><\/strong><\/span><\/a><\/p>\n<p>&nbsp;<\/p>\n<\/div><\/div><\/div><div id=\"pgc-311-0-2\"  class=\"panel-grid-cell\" ><div id=\"panel-311-0-2-0\" class=\"so-panel widget widget_black-studio-tinymce widget_black_studio_tinymce panel-first-child panel-last-child\" data-index=\"2\" ><div class=\"textwidget\"><p><span style=\"font-size: 14pt;\"><strong>OFFICE MAGIC K\u00c9PZ\u00c9S<br \/>\n<\/strong><\/span><\/p>\n<p>A k\u00e9pz\u00e9s \u00f3rasz\u00e1ma: 144 tan\u00f3ra<\/p>\n<p>\u00dctemez\u00e9se: heti egyszer 4x 45 perc<\/p>\n<p><a href=\"https:\/\/www.daregio.hu\/index.php\/office-magic-favorit-2-kepzes\/\"><strong><span style=\"font-size: 14pt; color: #3366ff;\">M\u00e9g t\u00f6bb inf\u00f3<\/span><\/strong><\/a><\/p>\n<\/div><\/div><\/div><div id=\"pgc-311-0-3\"  class=\"panel-grid-cell\" ><div id=\"panel-311-0-3-0\" class=\"so-panel widget widget_black-studio-tinymce widget_black_studio_tinymce panel-first-child panel-last-child\" data-index=\"3\" ><div class=\"textwidget\"><div id=\"pgc-248-2-1\" class=\"panel-grid-cell\">\n<div id=\"panel-248-2-1-0\" class=\"so-panel widget widget_black-studio-tinymce widget_black_studio_tinymce panel-first-child panel-last-child\" data-index=\"3\">\n<div class=\"panel-widget-style panel-widget-style-for-248-2-1-0\">\n<div class=\"textwidget\">\n<div class=\"elementor-element elementor-element-019b637 e-con-full e-flex e-con e-child\" data-id=\"019b637\" data-element_type=\"container\" data-settings=\"{&quot;content_width&quot;:&quot;full&quot;}\">\n<div class=\"elementor-element elementor-element-c7834cd elementor-widget elementor-widget-text-editor\" data-id=\"c7834cd\" data-element_type=\"widget\" data-widget_type=\"text-editor.default\">\n<div class=\"elementor-widget-container\">\n<p><span style=\"font-size: 14pt;\"><strong>WEBPROGRAMOZ\u00c1S<\/strong><\/span><\/p>\n<p>A k\u00e9pz\u00e9s \u00f3rasz\u00e1ma: 220 \u00f3ra<\/p>\n<p>\u00dctemez\u00e9se: heti egyszer 4\u00d745 perc<\/p>\n<p><a href=\"https:\/\/www.daregio.hu\/index.php\/webprogramozas\/\"><strong><span style=\"font-size: 14pt; color: #3366ff;\">M\u00e9g t\u00f6bb inf\u00f3<\/span><\/strong><\/a><\/div>\n<\/div>\n<\/div>\n<\/div>\n<\/div>\n<\/div>\n<\/div>\n<\/div><\/div><\/div><\/div><\/div><div id=\"pg-311-1\"  class=\"panel-grid panel-has-style\" ><div class=\"panel-row-style panel-row-style-for-311-1\" ><div id=\"pgc-311-1-0\"  class=\"panel-grid-cell\" ><div id=\"panel-311-1-0-0\" class=\"so-panel widget widget_black-studio-tinymce widget_black_studio_tinymce panel-first-child panel-last-child\" data-index=\"4\" ><div class=\"textwidget\"><p><span style=\"font-size: 14pt;\"><strong>PYTHON START<\/strong><\/span><\/p>\n<p>A k\u00e9pz\u00e9s \u00f3rasz\u00e1ma: 240 tan\u00f3ra<\/p>\n<p>\u00dctemez\u00e9se: heti egyszer 4x 45 perc<\/p>\n<p style=\"text-align: left;\"><strong><span style=\"font-size: 14pt; color: #3366ff;\"><a href=\"https:\/\/www.daregio.hu\/index.php\/python\/\">M\u00e9g t\u00f6bb inf\u00f3<\/a><br \/>\n<\/span><\/strong><\/p>\n<\/div><\/div><\/div><div id=\"pgc-311-1-1\"  class=\"panel-grid-cell\" ><div id=\"panel-311-1-1-0\" class=\"so-panel widget widget_black-studio-tinymce widget_black_studio_tinymce panel-first-child panel-last-child\" data-index=\"5\" ><div class=\"textwidget\"><p><span style=\"font-size: 14pt;\"><strong>PYTHON HALAD\u00d3<\/strong><\/span><\/p>\n<p>A k\u00e9pz\u00e9s \u00f3rasz\u00e1ma: 100 tan\u00f3ra<\/p>\n<p>\u00dctemez\u00e9se: heti egyszer 4x 45 perc<\/p>\n<p><a href=\"https:\/\/www.daregio.hu\/index.php\/python-halado\/\"><span style=\"color: #3366ff;\"><strong><span style=\"font-size: 14pt;\">M\u00e9g t\u00f6bb inf\u00f3<\/span><\/strong><\/span><\/a><\/p>\n<p>&nbsp;<\/p>\n<\/div><\/div><\/div><div id=\"pgc-311-1-2\"  class=\"panel-grid-cell\" ><div id=\"panel-311-1-2-0\" class=\"so-panel widget widget_black-studio-tinymce widget_black_studio_tinymce panel-first-child panel-last-child\" data-index=\"6\" ><div class=\"textwidget\"><p><span style=\"font-size: 12pt;\"><strong>MESTERS\u00c9GES INTELLIGENCIA<\/strong><\/span><\/p>\n<p>A k\u00e9pz\u00e9s \u00f3rasz\u00e1ma: 40 tan\u00f3ra<\/p>\n<p>\u00dctemez\u00e9se: heti egyszer 4x 45 perc<\/p>\n<p><a href=\"https:\/\/www.daregio.hu\/index.php\/mesterseges-intelligencia-a-mindennapokban\/\"><span style=\"color: #3366ff;\"><strong><span style=\"font-size: 14pt;\">M\u00e9g t\u00f6bb inf\u00f3<\/span><\/strong><\/span><\/a><\/p>\n<p>&nbsp;<\/p>\n<\/div><\/div><\/div><div id=\"pgc-311-1-3\"  class=\"panel-grid-cell\" ><div id=\"panel-311-1-3-0\" class=\"so-panel widget widget_black-studio-tinymce widget_black_studio_tinymce panel-first-child panel-last-child\" data-index=\"7\" ><div class=\"textwidget\"><div id=\"pgc-248-2-1\" class=\"panel-grid-cell\">\n<div id=\"panel-248-2-1-0\" class=\"so-panel widget widget_black-studio-tinymce widget_black_studio_tinymce panel-first-child panel-last-child\" data-index=\"3\">\n<div class=\"panel-widget-style panel-widget-style-for-248-2-1-0\">\n<div class=\"textwidget\">\n<div class=\"elementor-element elementor-element-019b637 e-con-full e-flex e-con e-child\" data-id=\"019b637\" data-element_type=\"container\" data-settings=\"{&quot;content_width&quot;:&quot;full&quot;}\">\n<div class=\"elementor-element elementor-element-c7834cd elementor-widget elementor-widget-text-editor\" data-id=\"c7834cd\" data-element_type=\"widget\" data-widget_type=\"text-editor.default\">\n<div class=\"elementor-widget-container\">\n<p>&nbsp;<\/p><\/div>\n<\/div>\n<\/div>\n<\/div>\n<\/div>\n<\/div>\n<\/div>\n<\/div><\/div><\/div><\/div><\/div><\/div>","protected":false},"excerpt":{"rendered":"<p>WEBDESIGNER A k\u00e9pz\u00e9s \u00f3rasz\u00e1ma: 144 tan\u00f3ra \u00dctemez\u00e9se: heti egyszer 4x 45 perc M\u00e9g t\u00f6bb inf\u00f3 WORDPRESS K\u00c9PZ\u00c9S A k\u00e9pz\u00e9s \u00f3rasz\u00e1ma: 80 tan\u00f3ra \u00dctemez\u00e9se: heti egyszer&hellip;<\/p>\n","protected":false},"author":1,"featured_media":0,"parent":0,"menu_order":0,"comment_status":"closed","ping_status":"closed","template":"","meta":{"footnotes":""},"class_list":["post-311","page","type-page","status-publish","hentry"],"_links":{"self":[{"href":"https:\/\/www.daregio.hu\/index.php\/wp-json\/wp\/v2\/pages\/311"}],"collection":[{"href":"https:\/\/www.daregio.hu\/index.php\/wp-json\/wp\/v2\/pages"}],"about":[{"href":"https:\/\/www.daregio.hu\/index.php\/wp-json\/wp\/v2\/types\/page"}],"author":[{"embeddable":true,"href":"https:\/\/www.daregio.hu\/index.php\/wp-json\/wp\/v2\/users\/1"}],"replies":[{"embeddable":true,"href":"https:\/\/www.daregio.hu\/index.php\/wp-json\/wp\/v2\/comments?post=311"}],"version-history":[{"count":38,"href":"https:\/\/www.daregio.hu\/index.php\/wp-json\/wp\/v2\/pages\/311\/revisions"}],"predecessor-version":[{"id":1021,"href":"https:\/\/www.daregio.hu\/index.php\/wp-json\/wp\/v2\/pages\/311\/revisions\/1021"}],"wp:attachment":[{"href":"https:\/\/www.daregio.hu\/index.php\/wp-json\/wp\/v2\/media?parent=311"}],"curies":[{"name":"wp","href":"https:\/\/api.w.org\/{rel}","templated":true}]}}