{"id":82,"date":"2024-07-24T12:15:41","date_gmt":"2024-07-24T10:15:41","guid":{"rendered":"https:\/\/www.daregio.hu\/?page_id=82"},"modified":"2024-11-18T09:01:55","modified_gmt":"2024-11-18T08:01:55","slug":"webdesigner-online-kepzes","status":"publish","type":"page","link":"https:\/\/www.daregio.hu\/index.php\/webdesigner-online-kepzes\/","title":{"rendered":"Webdesigner"},"content":{"rendered":"<div id=\"pl-82\"  class=\"panel-layout\" ><div id=\"pg-82-0\"  class=\"panel-grid panel-no-style\" ><div id=\"pgc-82-0-0\"  class=\"panel-grid-cell\" ><div id=\"panel-82-0-0-0\" class=\"so-panel widget widget_black-studio-tinymce widget_black_studio_tinymce panel-first-child panel-last-child\" data-index=\"0\" ><div class=\"textwidget\"><h3 style=\"text-align: center;\">Fedezd fel a webdesign \u00e9s multim\u00e9dia vil\u00e1g\u00e1t vel\u00fcnk!<\/h3>\n<\/div><\/div><\/div><\/div><div id=\"pg-82-1\"  class=\"panel-grid panel-no-style\" ><div id=\"pgc-82-1-0\"  class=\"panel-grid-cell\" ><div id=\"panel-82-1-0-0\" class=\"so-panel widget widget_black-studio-tinymce widget_black_studio_tinymce panel-first-child panel-last-child\" data-index=\"1\" ><div class=\"textwidget\"><p style=\"text-align: center;\"><span style=\"font-size: 14pt;\">K\u00e9pz\u00e9s\u00fcnk \u00e1tfog\u00f3 ismereteket ny\u00fajt a webdesign \u00e9s multim\u00e9dia ter\u00fclet\u00e9n, amelyek seg\u00edts\u00e9g\u00e9vel magabiztosan mozoghatsz a kreat\u00edv ipar\u00e1gban.<\/span><\/p>\n<\/div><\/div><\/div><\/div><div id=\"pg-82-2\"  class=\"panel-grid panel-no-style\" ><div id=\"pgc-82-2-0\"  class=\"panel-grid-cell\" ><div id=\"panel-82-2-0-0\" class=\"so-panel widget widget_media_image panel-first-child panel-last-child\" data-index=\"2\" ><img decoding=\"async\" width=\"843\" height=\"265\" src=\"https:\/\/www.daregio.hu\/wp-content\/uploads\/2024\/07\/mobile-2643083_1920-1024x322.jpg\" class=\"image wp-image-86  attachment-large size-large\" alt=\"\" style=\"max-width: 100%; height: auto;\" srcset=\"https:\/\/www.daregio.hu\/wp-content\/uploads\/2024\/07\/mobile-2643083_1920-1024x322.jpg 1024w, https:\/\/www.daregio.hu\/wp-content\/uploads\/2024\/07\/mobile-2643083_1920-300x94.jpg 300w, https:\/\/www.daregio.hu\/wp-content\/uploads\/2024\/07\/mobile-2643083_1920-768x241.jpg 768w, https:\/\/www.daregio.hu\/wp-content\/uploads\/2024\/07\/mobile-2643083_1920-1536x482.jpg 1536w, https:\/\/www.daregio.hu\/wp-content\/uploads\/2024\/07\/mobile-2643083_1920.jpg 1920w\" sizes=\"(max-width: 843px) 100vw, 843px\" \/><\/div><\/div><div id=\"pgc-82-2-1\"  class=\"panel-grid-cell\" ><div id=\"panel-82-2-1-0\" class=\"so-panel widget widget_black-studio-tinymce widget_black_studio_tinymce panel-first-child panel-last-child\" data-index=\"3\" ><div class=\"textwidget\"><div class=\"elementor-element elementor-element-019b637 e-con-full e-flex e-con e-child\" data-id=\"019b637\" data-element_type=\"container\" data-settings=\"{&quot;content_width&quot;:&quot;full&quot;}\">\n<div class=\"elementor-element elementor-element-c7834cd elementor-widget elementor-widget-text-editor\" data-id=\"c7834cd\" data-element_type=\"widget\" data-widget_type=\"text-editor.default\">\n<div class=\"elementor-widget-container\">\n<p>A <strong>Webdesign <\/strong>k\u00e9pz\u00e9s\u00fcnk LIVE online t\u00e1voktat\u00e1s keretein bel\u00fcl val\u00f3sul meg.<\/p>\n<p>A k\u00e9pz\u00e9s \u00f3rasz\u00e1ma: 144 tan\u00f3ra<\/p>\n<p>\u00dctemez\u00e9se: heti egyszer 4x 45 perc<\/p>\n<p>El\u0151felt\u00e9tel: nincs<\/p><\/div>\n<\/div>\n<\/div>\n<\/div><\/div><\/div><\/div><div id=\"pg-82-3\"  class=\"panel-grid panel-no-style\" ><div id=\"pgc-82-3-0\"  class=\"panel-grid-cell\" ><div id=\"panel-82-3-0-0\" class=\"so-panel widget widget_black-studio-tinymce widget_black_studio_tinymce panel-first-child panel-last-child\" data-index=\"4\" ><div class=\"textwidget\"><div class=\"elementor-element elementor-element-cf6d821 e-flex e-con-boxed e-con e-parent\" data-id=\"cf6d821\" data-element_type=\"container\" data-settings=\"{&quot;content_width&quot;:&quot;boxed&quot;}\" data-core-v316-plus=\"true\">\n<div class=\"e-con-inner\">\n<div class=\"elementor-element elementor-element-be92bf1 elementor-widget elementor-widget-text-editor\" data-id=\"be92bf1\" data-element_type=\"widget\" data-widget_type=\"text-editor.default\">\n<div class=\"elementor-widget-container\">\n<p>Az al\u00e1bbi t\u00e9mak\u00f6r\u00f6kben biztos\u00edtunk\u00a0 oktat\u00e1st:<\/p>\n<ul>\n<li><strong>Interakt\u00edv anyagok szerkeszt\u00e9se \u00e9s arculattervez\u00e9s<\/strong>: Tanuld meg, hogyan k\u00e9sz\u00edts vonz\u00f3 \u00e9s felhaszn\u00e1l\u00f3bar\u00e1t interakt\u00edv anyagokat, valamint hogyan tervezd meg a m\u00e1rk\u00e1k arculat\u00e1t.<\/li>\n<li><strong>Grafikai design k\u00e9sz\u00edt\u00e9se<\/strong>: Fedezd fel a grafikai tervez\u00e9s alapjait, hogy professzion\u00e1lis \u00e9s eszt\u00e9tikus grafikai anyagokat hozz l\u00e9tre.<\/li>\n<li><strong>Multim\u00e9di\u00e1s elemek k\u00e9sz\u00edt\u00e9se \u00e9s szerkeszt\u00e9se<\/strong>: K\u00e9sz\u00edts \u00e9s szerkessz k\u00e9peket, hangokat \u00e9s vide\u00f3kat, optimaliz\u00e1ld \u0151ket k\u00fcl\u00f6nb\u00f6z\u0151 m\u00e9diumokra (offline, webes, mobil).<\/li>\n<li><strong>Multim\u00e9dia alkalmaz\u00e1sok tervez\u00e9se \u00e9s kivitelez\u00e9se<\/strong>: Ismerd meg a multim\u00e9di\u00e1s alkalmaz\u00e1sok funkcion\u00e1lis \u00e9s technikai tervez\u00e9s\u00e9nek \u00e9s kivitelez\u00e9s\u00e9nek folyamat\u00e1t.<\/li>\n<li><strong>Anim\u00e1ci\u00f3k programoz\u00e1sa (ActionScript 3.0)<\/strong>: Saj\u00e1t\u00edtsd el az anim\u00e1ci\u00f3k programoz\u00e1s\u00e1nak technik\u00e1it ActionScript 3.0 nyelven.<\/li>\n<li><strong>Multim\u00e9di\u00e1s interakt\u00edv weboldalak k\u00e9sz\u00edt\u00e9se<\/strong>: Tanuld meg, hogyan k\u00e9sz\u00edts interakt\u00edv \u00e9s dinamikus weboldalakat multim\u00e9di\u00e1s tartalmakkal.<\/li>\n<li><strong>Hang- \u00e9s filmtechnikai m\u0171veletek<\/strong>: Ismerd meg a hang- \u00e9s filmtechnikai m\u0171veletek alapjait, hogy professzion\u00e1lis min\u0151s\u00e9g\u0171 tartalmakat k\u00e9sz\u00edthess.<\/li>\n<li><strong>Multim\u00e9di\u00e1s rekl\u00e1manyagok \u00e9s oktat\u00f3programok k\u00e9sz\u00edt\u00e9se<\/strong>: Tervezd meg \u00e9s \u00e1ll\u00edtsd \u00f6ssze multim\u00e9di\u00e1s rekl\u00e1manyagokat, oktat\u00f3programokat, j\u00e1t\u00e9kokat \u00e9s m\u00e1s felhaszn\u00e1l\u00e1si c\u00e9l\u00fa programelemeket.<\/li>\n<\/ul>\n<\/div>\n<\/div>\n<\/div>\n<\/div>\n<\/div><\/div><\/div><\/div><div id=\"pg-82-4\"  class=\"panel-grid panel-no-style\" ><div id=\"pgc-82-4-0\"  class=\"panel-grid-cell\" ><div id=\"panel-82-4-0-0\" class=\"so-panel widget widget_black-studio-tinymce widget_black_studio_tinymce panel-first-child panel-last-child\" data-index=\"5\" ><div class=\"textwidget\"><p style=\"text-align: center;\"><span style=\"color: #000080;\"><strong><span style=\"font-size: 14pt;\">Ha tov\u00e1bbi r\u00e9szleteket szeretn\u00e9l megtudni a k\u00e9pz\u00e9seinkr\u0151l, t\u00f6ltsd ki a lenti mez\u0151ket \u00e9s jelentkez\u00fcnk.<\/span><\/strong><\/span><\/p>\n<p><script>(function() {\n\twindow.mc4wp = window.mc4wp || {\n\t\tlisteners: [],\n\t\tforms: {\n\t\t\ton: function(evt, cb) {\n\t\t\t\twindow.mc4wp.listeners.push(\n\t\t\t\t\t{\n\t\t\t\t\t\tevent   : evt,\n\t\t\t\t\t\tcallback: cb\n\t\t\t\t\t}\n\t\t\t\t);\n\t\t\t}\n\t\t}\n\t}\n})();\n<\/script><!-- Mailchimp for WordPress v4.9.14 - https:\/\/wordpress.org\/plugins\/mailchimp-for-wp\/ --><form id=\"mc4wp-form-1\" class=\"mc4wp-form mc4wp-form-417 mc4wp-form-basic\" method=\"post\" data-id=\"417\" data-name=\"Mailchimpes feliratkoz\u00f3s \u0171rlap\" ><div class=\"mc4wp-form-fields\"> <div id=\"mc_embed_shell\">\r\n     <link href=\"\/\/cdn-images.mailchimp.com\/embedcode\/classic-061523.css\" rel=\"stylesheet\" type=\"text\/css\">\r\n  <style type=\"text\/css\">\r\n        #mc_embed_signup{false;clear:left; font:14px Helvetica,Arial,sans-serif; width: 600px;}\r\n        \/* Add your own Mailchimp form style overrides in your site stylesheet or in this style block.\r\n        We recommend moving this block and the preceding CSS link to the HEAD of your HTML file. *\/\r\n<\/style> \r\n<div id=\"mc_embed_signup\">\r\n    \r\n        <div id=\"mc_embed_signup_scroll\"><h2>Tudj meg t\u00f6bbet<\/h2>\r\n            <div class=\"indicates-required\"><span class=\"asterisk\">*<\/span> k\u00f6telez\u0151 mez\u0151<\/div>\r\n            <div class=\"mc-field-group\"><label for=\"mce-EMAIL\">E-mail:<span class=\"asterisk\">*<\/span><\/label><input type=\"email\" name=\"EMAIL\" class=\"required email\" id=\"mce-EMAIL\" required=\"\" value=\"\"><\/div><div class=\"mc-field-group\"><label for=\"mce-FNAME\">Keresztn\u00e9v: <span class=\"asterisk\">*<\/span><\/label><input type=\"text\" name=\"FNAME\" class=\"required text\" id=\"mce-FNAME\" required=\"\" value=\"\"><\/div><div class=\"mc-field-group\"><label for=\"mce-MMERGE9\">\u00c9rdekl\u0151d\u00e9s <span class=\"asterisk\">*<\/span><\/label><select name=\"MMERGE9\" class=\"required\" id=\"mce-MMERGE9\"><option value=\"\"><\/option><option value=\"Digit\u00e1lis kult\u00fara - \u00c9retts\u00e9gi felk\u00e9sz\u00edt\u00e9s\">Digit\u00e1lis kult\u00fara - \u00c9retts\u00e9gi felk\u00e9sz\u00edt\u00e9s<\/option><option value=\"Webdesigner k\u00e9pz\u00e9s\">Webdesigner k\u00e9pz\u00e9s<\/option><option value=\"Wordpress k\u00e9pz\u00e9s\">WordPress k\u00e9pz\u00e9s<\/option><option value=\"Office magic - favorit 2 k\u00e9pz\u00e9s\">Office magic - favorit 2 k\u00e9pz\u00e9s<\/option><option value=\"PHP k\u00e9pz\u00e9s\">PHP k\u00e9pz\u00e9s<\/option><option value=\"\u00c1ltal\u00e1nos \u00e9rdekl\u0151d\u00e9s\">\u00c1ltal\u00e1nos \u00e9rdekl\u0151d\u00e9s<\/option><\/select><\/div><div class=\"mc-field-group\"><label for=\"mce-LNAME\">Vezet\u00e9kn\u00e9v: <\/label><input type=\"text\" name=\"LNAME\" class=\" text\" id=\"mce-LNAME\" value=\"\"><\/div><div class=\"mc-field-group\"><label for=\"mce-PHONE\">Telefonsz\u00e1m: <\/label><input type=\"text\" name=\"PHONE\" class=\"REQ_CSS\" id=\"mce-PHONE\" value=\"\"><\/div>\r\n          <div class=\"mc-field-group\"><label for=\"mce-BIRTHDAY-month\">Sz\u00fclet\u00e9snap: <\/label>\r\n          <div class=\"datefield\"><span class=\"subfield monthfield\"><input class=\"birthday REQ_CSS\" type=\"text\" pattern=\"[0-9]*\" placeholder=\"HH\" size=\"2\" maxlength=\"2\" name=\"BIRTHDAY[month]\" id=\"mce-BIRTHDAY-month\" value=\"\"><\/span> \/<span class=\"subfield dayfield\"><input class=\"birthday REQ_CSS\" type=\"text\" pattern=\"[0-9]*\" placeholder=\"NN\" size=\"2\" maxlength=\"2\" name=\"BIRTHDAY[day]\" id=\"mce-BIRTHDAY-day\" value=\"\"><\/span>\r\n          \t<span class=\"small-meta nowrap\">( h\u00f3nap \/ nap )<\/span><\/div><\/div>\r\n<div hidden=\"\"><input type=\"hidden\" name=\"tags\" value=\"13395\"><\/div> \r\n\r\n <\/div>\r\n  <div>\r\n  \t\t  <label>\r\n  \t\t\t<span class=\"asterisk\">*<\/span>\r\n  \t\t\t<input type=\"checkbox\" name=\"AGREE_TO_TERMS\" value=\"1\" required=\"\"> Hozz\u00e1j\u00e1rulok, hogy r\u00e9szemre a D-A Pro Regio Kft. \u00e9s t\u00e1rsc\u00e9gei prom\u00f3ci\u00f3s tartalm\u00fa h\u00edrleveleket k\u00fcldjenek.\r\n  \t\t  <\/label>\r\n          <label>\r\n            <span class=\"asterisk\">*<\/span>\r\n   \t \t\t<input type=\"checkbox\" name=\"AGREE_TO_TERMS2\" value=\"1\" required=\"\">Az Adatv\u00e9delmi t\u00e1j\u00e9koztat\u00f3t elolvastam, meg\u00e9rtettem \u00e9s hozz\u00e1j\u00e1rulok ahhoz, hogy a megadott adataimat \u2013 hozz\u00e1j\u00e1rul\u00e1som visszavon\u00e1s\u00e1ig - a D-A Pro Regio Kft., mint Adatkezel\u0151 az adatkezel\u00e9si t\u00e1j\u00e9koztat\u00f3ban foglaltaknak megfelel\u0151en kezelje, r\u00e9szemre h\u00edrlevelet k\u00fcldj\u00f6n.\r\n          <\/label>\r\n<\/div>\r\n        <div id=\"mce-responses\" class=\"clear\">\r\n            <div class=\"response\" id=\"mce-error-response\" style=\"display: none;\"><\/div>\r\n            <div class=\"response\" id=\"mce-success-response\" style=\"display: none;\"><\/div>\r\n        <\/div><div aria-hidden=\"true\" style=\"position: absolute; left: -5000px;\"><input type=\"text\" name=\"b_a9995909b6acd21c03a259853_cab19a954c\" tabindex=\"-1\" value=\"\"><\/div><div class=\"clear\"><input type=\"submit\" name=\"subscribe\" id=\"mc-embedded-subscribe\" class=\"button\" value=\"Feliratkozom\"><\/div>\r\n   \r\n\r\n<\/div>\r\n<script type=\"text\/javascript\" src=\"\/\/s3.amazonaws.com\/downloads.mailchimp.com\/js\/mc-validate.js\"><\/script><script type=\"text\/javascript\">(function($) {window.fnames = new Array(); window.ftypes = new Array();fnames[0]='EMAIL';ftypes[0]='email';fnames[1]='FNAME';ftypes[1]='text';fnames[9]='MMERGE9';ftypes[9]='dropdown';fnames[2]='LNAME';ftypes[2]='text';fnames[4]='PHONE';ftypes[4]='phone';fnames[5]='BIRTHDAY';ftypes[5]='birthday';fnames[3]='ADDRESS';ftypes[3]='address';fnames[6]='MMERGE6';ftypes[6]='text';fnames[7]='MMERGE7';ftypes[7]='number';fnames[8]='MMERGE8';ftypes[8]='text';}(jQuery));var $mcj = jQuery.noConflict(true);<\/script><\/div>\r\n<\/div><label style=\"display: none !important;\">Ha \u00d6n ember, hagyja \u00fcresen ezt a mez\u0151t: <input type=\"text\" name=\"_mc4wp_honeypot\" value=\"\" tabindex=\"-1\" autocomplete=\"off\" \/><\/label><input type=\"hidden\" name=\"_mc4wp_timestamp\" value=\"1778772285\" \/><input type=\"hidden\" name=\"_mc4wp_form_id\" value=\"417\" \/><input type=\"hidden\" name=\"_mc4wp_form_element_id\" value=\"mc4wp-form-1\" \/><div class=\"mc4wp-response\"><\/div><\/form><!-- \/ Mailchimp for WordPress Plugin --><\/p>\n<\/div><\/div><\/div><\/div><\/div>","protected":false},"excerpt":{"rendered":"<p>Fedezd fel a webdesign \u00e9s multim\u00e9dia vil\u00e1g\u00e1t vel\u00fcnk! K\u00e9pz\u00e9s\u00fcnk \u00e1tfog\u00f3 ismereteket ny\u00fajt a webdesign \u00e9s multim\u00e9dia ter\u00fclet\u00e9n, amelyek seg\u00edts\u00e9g\u00e9vel magabiztosan mozoghatsz a kreat\u00edv ipar\u00e1gban.<\/p>\n","protected":false},"author":1,"featured_media":0,"parent":0,"menu_order":0,"comment_status":"closed","ping_status":"closed","template":"","meta":{"footnotes":""},"class_list":["post-82","page","type-page","status-publish","hentry"],"_links":{"self":[{"href":"https:\/\/www.daregio.hu\/index.php\/wp-json\/wp\/v2\/pages\/82"}],"collection":[{"href":"https:\/\/www.daregio.hu\/index.php\/wp-json\/wp\/v2\/pages"}],"about":[{"href":"https:\/\/www.daregio.hu\/index.php\/wp-json\/wp\/v2\/types\/page"}],"author":[{"embeddable":true,"href":"https:\/\/www.daregio.hu\/index.php\/wp-json\/wp\/v2\/users\/1"}],"replies":[{"embeddable":true,"href":"https:\/\/www.daregio.hu\/index.php\/wp-json\/wp\/v2\/comments?post=82"}],"version-history":[{"count":23,"href":"https:\/\/www.daregio.hu\/index.php\/wp-json\/wp\/v2\/pages\/82\/revisions"}],"predecessor-version":[{"id":732,"href":"https:\/\/www.daregio.hu\/index.php\/wp-json\/wp\/v2\/pages\/82\/revisions\/732"}],"wp:attachment":[{"href":"https:\/\/www.daregio.hu\/index.php\/wp-json\/wp\/v2\/media?parent=82"}],"curies":[{"name":"wp","href":"https:\/\/api.w.org\/{rel}","templated":true}]}}