{"id":884,"date":"2025-09-05T21:35:02","date_gmt":"2025-09-05T19:35:02","guid":{"rendered":"https:\/\/www.daregio.hu\/?page_id=884"},"modified":"2025-09-06T06:54:51","modified_gmt":"2025-09-06T04:54:51","slug":"python","status":"publish","type":"page","link":"https:\/\/www.daregio.hu\/index.php\/python\/","title":{"rendered":"PYTHON START"},"content":{"rendered":"<div id=\"pl-884\"  class=\"panel-layout\" ><div id=\"pg-884-0\"  class=\"panel-grid panel-no-style\" ><div id=\"pgc-884-0-0\"  class=\"panel-grid-cell\" ><div id=\"panel-884-0-0-0\" class=\"so-panel widget widget_black-studio-tinymce widget_black_studio_tinymce panel-first-child panel-last-child\" data-index=\"0\" ><div class=\"textwidget\"><h3 style=\"text-align: center;\"><strong><span class=\"html-span xdj266r x14z9mp xat24cr x1lziwak xexx8yu xyri2b x18d9i69 x1c1uobl x1hl2dhg x16tdsg8 x1vvkbs x4k7w5x x1h91t0o x1h9r5lt x1jfb8zj xv2umb2 x1beo9mf xaigb6o x12ejxvf x3igimt xarpa2k xedcshv x1lytzrv x1t2pt76 x7ja8zs x1qrby5j\"><span class=\"x193iq5w xeuugli x13faqbe x1vvkbs x1xmvt09 x1lliihq x1s928wv xhkezso x1gmr53x x1cpjm7i x1fgarty x1943h6x xudqn12 x3x7a5m x6prxxf xvq8zen xo1l8bm x14ctfv\" dir=\"auto\">Python start k\u00e9pz\u00e9s<\/span><\/span><\/strong><\/h3>\n<\/div><\/div><\/div><\/div><div id=\"pg-884-1\"  class=\"panel-grid panel-no-style\" ><div id=\"pgc-884-1-0\"  class=\"panel-grid-cell\" ><div id=\"panel-884-1-0-0\" class=\"so-panel widget widget_black-studio-tinymce widget_black_studio_tinymce panel-first-child panel-last-child\" data-index=\"1\" ><div class=\"textwidget\"><div class=\"elementor-widget-container\" style=\"text-align: center;\">\n<h3><span class=\"html-span xdj266r x14z9mp xat24cr x1lziwak xexx8yu xyri2b x18d9i69 x1c1uobl x1hl2dhg x16tdsg8 x1vvkbs x4k7w5x x1h91t0o x1h9r5lt x1jfb8zj xv2umb2 x1beo9mf xaigb6o x12ejxvf x3igimt xarpa2k xedcshv x1lytzrv x1t2pt76 x7ja8zs x1qrby5j\"><span class=\"x193iq5w xeuugli x13faqbe x1vvkbs x1xmvt09 x1lliihq x1s928wv xhkezso x1gmr53x x1cpjm7i x1fgarty x1943h6x xudqn12 x3x7a5m x6prxxf xvq8zen xo1l8bm x14ctfv\" dir=\"auto\">Tanulj meg programozni az alapokt\u00f3l, \u00e9s v\u00e1lj magabiztos webfejleszt\u0151v\u00e9!<\/span><\/span><\/h3>\n<\/div>\n<\/div><\/div><\/div><\/div><div id=\"pg-884-2\"  class=\"panel-grid panel-no-style\" ><div id=\"pgc-884-2-0\"  class=\"panel-grid-cell\" ><div id=\"panel-884-2-0-0\" class=\"so-panel widget widget_media_image panel-first-child panel-last-child\" data-index=\"2\" ><img decoding=\"async\" width=\"843\" height=\"631\" src=\"https:\/\/www.daregio.hu\/wp-content\/uploads\/2025\/09\/computer-program-coding-screen-1024x767.jpg\" class=\"image wp-image-889  attachment-large size-large\" alt=\"\" style=\"max-width: 100%; height: auto;\" srcset=\"https:\/\/www.daregio.hu\/wp-content\/uploads\/2025\/09\/computer-program-coding-screen-1024x767.jpg 1024w, https:\/\/www.daregio.hu\/wp-content\/uploads\/2025\/09\/computer-program-coding-screen-300x225.jpg 300w, https:\/\/www.daregio.hu\/wp-content\/uploads\/2025\/09\/computer-program-coding-screen-768x575.jpg 768w, https:\/\/www.daregio.hu\/wp-content\/uploads\/2025\/09\/computer-program-coding-screen-1536x1150.jpg 1536w, https:\/\/www.daregio.hu\/wp-content\/uploads\/2025\/09\/computer-program-coding-screen.jpg 1920w\" sizes=\"(max-width: 843px) 100vw, 843px\" \/><\/div><\/div><div id=\"pgc-884-2-1\"  class=\"panel-grid-cell\" ><div id=\"panel-884-2-1-0\" class=\"so-panel widget widget_black-studio-tinymce widget_black_studio_tinymce panel-first-child panel-last-child\" data-index=\"3\" ><div class=\"panel-widget-style panel-widget-style-for-884-2-1-0\" ><div class=\"textwidget\"><div id=\"pg-884-2\" class=\"panel-grid panel-no-style\">\n<div id=\"pgc-884-2-0\" class=\"panel-grid-cell\">\n<div id=\"panel-884-2-0-1\" class=\"so-panel widget widget_black-studio-tinymce widget_black_studio_tinymce panel-last-child\" data-index=\"3\">\n<div class=\"textwidget\"><\/div>\n<\/div>\n<\/div>\n<\/div>\n<div id=\"pg-884-3\" class=\"panel-grid panel-no-style\">\n<div id=\"pgc-884-3-0\" class=\"panel-grid-cell\">\n<div id=\"panel-884-3-0-0\" class=\"so-panel widget widget_black-studio-tinymce widget_black_studio_tinymce panel-first-child panel-last-child\" data-index=\"4\">\n<div class=\"textwidget\">\n<div class=\"elementor-element elementor-element-cf6d821 e-flex e-con-boxed e-con e-parent\" data-id=\"cf6d821\" data-element_type=\"container\" data-settings=\"{&quot;content_width&quot;:&quot;boxed&quot;}\" data-core-v316-plus=\"true\">\n<div class=\"e-con-inner\">\n<div class=\"elementor-element elementor-element-be92bf1 elementor-widget elementor-widget-text-editor\" data-id=\"be92bf1\" data-element_type=\"widget\" data-widget_type=\"text-editor.default\">\n<div class=\"elementor-widget-container\">\n<div class=\"elementor-widget-container\" style=\"text-align: justify;\"><\/div>\n<div class=\"elementor-widget-container\" style=\"text-align: justify;\"><span class=\"html-span xdj266r x14z9mp xat24cr x1lziwak xexx8yu xyri2b x18d9i69 x1c1uobl x1hl2dhg x16tdsg8 x1vvkbs x4k7w5x x1h91t0o x1h9r5lt x1jfb8zj xv2umb2 x1beo9mf xaigb6o x12ejxvf x3igimt xarpa2k xedcshv x1lytzrv x1t2pt76 x7ja8zs x1qrby5j\"><span class=\"x193iq5w xeuugli x13faqbe x1vvkbs x1xmvt09 x1lliihq x1s928wv xhkezso x1gmr53x x1cpjm7i x1fgarty x1943h6x xudqn12 x3x7a5m x6prxxf xvq8zen xo1l8bm x14ctfv\" dir=\"auto\">Ez a 240 \u00f3r\u00e1s, \u00e1tfog\u00f3 k\u00e9pz\u00e9s azoknak sz\u00f3l, akik szeretn\u00e9nek elm\u00e9lyedni a programoz\u00e1s vil\u00e1g\u00e1ban, \u00e9s a Python nyelv seg\u00edts\u00e9g\u00e9vel profi webfejleszt\u0151i tud\u00e1st szerezni. <\/span><\/span><\/div>\n<div><\/div>\n<div class=\"elementor-widget-container\" style=\"text-align: justify;\"><span class=\"html-span xdj266r x14z9mp xat24cr x1lziwak xexx8yu xyri2b x18d9i69 x1c1uobl x1hl2dhg x16tdsg8 x1vvkbs x4k7w5x x1h91t0o x1h9r5lt x1jfb8zj xv2umb2 x1beo9mf xaigb6o x12ejxvf x3igimt xarpa2k xedcshv x1lytzrv x1t2pt76 x7ja8zs x1qrby5j\"><span class=\"x193iq5w xeuugli x13faqbe x1vvkbs x1xmvt09 x1lliihq x1s928wv xhkezso x1gmr53x x1cpjm7i x1fgarty x1943h6x xudqn12 x3x7a5m x6prxxf xvq8zen xo1l8bm x14ctfv\" dir=\"auto\">A tanfolyam v\u00e9g\u00e9re k\u00e9pes leszel \u00f6n\u00e1ll\u00f3an modern, min\u0151s\u00e9gi webalkalmaz\u00e1sokat fejleszteni a Django keretrendszerrel.<\/span><\/span><\/div>\n<\/div>\n<\/div>\n<\/div>\n<\/div>\n<\/div>\n<\/div>\n<\/div>\n<\/div>\n<\/div><\/div><\/div><\/div><\/div><div id=\"pg-884-3\"  class=\"panel-grid panel-no-style\" ><div id=\"pgc-884-3-0\"  class=\"panel-grid-cell\" ><div id=\"panel-884-3-0-0\" class=\"so-panel widget widget_black-studio-tinymce widget_black_studio_tinymce panel-first-child panel-last-child\" data-index=\"4\" ><div class=\"textwidget\"><div class=\"elementor-element elementor-element-cf6d821 e-flex e-con-boxed e-con e-parent\" data-id=\"cf6d821\" data-element_type=\"container\" data-settings=\"{&quot;content_width&quot;:&quot;boxed&quot;}\" data-core-v316-plus=\"true\">\n<div class=\"e-con-inner\">\n<div class=\"elementor-element elementor-element-be92bf1 elementor-widget elementor-widget-text-editor\" data-id=\"be92bf1\" data-element_type=\"widget\" data-widget_type=\"text-editor.default\">\n<div class=\"elementor-widget-container\">\n<div><\/div>\n<\/div>\n<div class=\"elementor-widget-container\"><span class=\"html-span xdj266r x14z9mp xat24cr x1lziwak xexx8yu xyri2b x18d9i69 x1c1uobl x1hl2dhg x16tdsg8 x1vvkbs x4k7w5x x1h91t0o x1h9r5lt x1jfb8zj xv2umb2 x1beo9mf xaigb6o x12ejxvf x3igimt xarpa2k xedcshv x1lytzrv x1t2pt76 x7ja8zs x1qrby5j\"><span class=\"x193iq5w xeuugli x13faqbe x1vvkbs x1xmvt09 x1lliihq x1s928wv xhkezso x1gmr53x x1cpjm7i x1fgarty x1943h6x xudqn12 x3x7a5m x6prxxf xvq8zen xo1l8bm x14ctfv\" dir=\"auto\"><strong>Mit k\u00edn\u00e1l a k\u00e9pz\u00e9s?<\/strong> <\/span><\/span><\/div>\n<ul>\n<li class=\"elementor-widget-container\"><span class=\"html-span xdj266r x14z9mp xat24cr x1lziwak xexx8yu xyri2b x18d9i69 x1c1uobl x1hl2dhg x16tdsg8 x1vvkbs x4k7w5x x1h91t0o x1h9r5lt x1jfb8zj xv2umb2 x1beo9mf xaigb6o x12ejxvf x3igimt xarpa2k xedcshv x1lytzrv x1t2pt76 x7ja8zs x1qrby5j\"><span class=\"x193iq5w xeuugli x13faqbe x1vvkbs x1xmvt09 x1lliihq x1s928wv xhkezso x1gmr53x x1cpjm7i x1fgarty x1943h6x xudqn12 x3x7a5m x6prxxf xvq8zen xo1l8bm x14ctfv\" dir=\"auto\">Alapokt\u00f3l indulva megismered a programoz\u00e1s logik\u00e1j\u00e1t \u00e9s a Python nyelv saj\u00e1toss\u00e1gait. <\/span><\/span><\/li>\n<li class=\"elementor-widget-container\"><span class=\"html-span xdj266r x14z9mp xat24cr x1lziwak xexx8yu xyri2b x18d9i69 x1c1uobl x1hl2dhg x16tdsg8 x1vvkbs x4k7w5x x1h91t0o x1h9r5lt x1jfb8zj xv2umb2 x1beo9mf xaigb6o x12ejxvf x3igimt xarpa2k xedcshv x1lytzrv x1t2pt76 x7ja8zs x1qrby5j\"><span class=\"x193iq5w xeuugli x13faqbe x1vvkbs x1xmvt09 x1lliihq x1s928wv xhkezso x1gmr53x x1cpjm7i x1fgarty x1943h6x xudqn12 x3x7a5m x6prxxf xvq8zen xo1l8bm x14ctfv\" dir=\"auto\">Fokozatosan eljutsz az objektumorient\u00e1lt programoz\u00e1sig, adatkezel\u00e9sig, valamint az algoritmikus gondolkod\u00e1sig.<\/span><\/span><\/li>\n<li class=\"elementor-widget-container\"><span class=\"html-span xdj266r x14z9mp xat24cr x1lziwak xexx8yu xyri2b x18d9i69 x1c1uobl x1hl2dhg x16tdsg8 x1vvkbs x4k7w5x x1h91t0o x1h9r5lt x1jfb8zj xv2umb2 x1beo9mf xaigb6o x12ejxvf x3igimt xarpa2k xedcshv x1lytzrv x1t2pt76 x7ja8zs x1qrby5j\"><span class=\"x193iq5w xeuugli x13faqbe x1vvkbs x1xmvt09 x1lliihq x1s928wv xhkezso x1gmr53x x1cpjm7i x1fgarty x1943h6x xudqn12 x3x7a5m x6prxxf xvq8zen xo1l8bm x14ctfv\" dir=\"auto\"> Bevezet\u00e9st kapsz az adatb\u00e1zisok haszn\u00e1lat\u00e1ba Megtanulod a Django keretrendszer m\u0171k\u00f6d\u00e9s\u00e9t \u00e9s fel\u00e9p\u00edt\u00e9s\u00e9t, amellyel robusztus \u00e9s biztons\u00e1gos webalkalmaz\u00e1sokat lehet k\u00e9sz\u00edteni. <\/span><\/span><\/li>\n<li class=\"elementor-widget-container\"><span class=\"html-span xdj266r x14z9mp xat24cr x1lziwak xexx8yu xyri2b x18d9i69 x1c1uobl x1hl2dhg x16tdsg8 x1vvkbs x4k7w5x x1h91t0o x1h9r5lt x1jfb8zj xv2umb2 x1beo9mf xaigb6o x12ejxvf x3igimt xarpa2k xedcshv x1lytzrv x1t2pt76 x7ja8zs x1qrby5j\"><span class=\"x193iq5w xeuugli x13faqbe x1vvkbs x1xmvt09 x1lliihq x1s928wv xhkezso x1gmr53x x1cpjm7i x1fgarty x1943h6x xudqn12 x3x7a5m x6prxxf xvq8zen xo1l8bm x14ctfv\" dir=\"auto\">Val\u00f3s, gyakorlati projekteken kereszt\u00fcl fejleszted tud\u00e1sod, \u00edgy a k\u00e9pz\u00e9s v\u00e9g\u00e9re egy portf\u00f3li\u00f3val is rendelkezel. <\/span><\/span><\/li>\n<\/ul>\n<div class=\"elementor-widget-container\"><strong><span class=\"html-span xdj266r x14z9mp xat24cr x1lziwak xexx8yu xyri2b x18d9i69 x1c1uobl x1hl2dhg x16tdsg8 x1vvkbs x4k7w5x x1h91t0o x1h9r5lt x1jfb8zj xv2umb2 x1beo9mf xaigb6o x12ejxvf x3igimt xarpa2k xedcshv x1lytzrv x1t2pt76 x7ja8zs x1qrby5j\"><span class=\"x193iq5w xeuugli x13faqbe x1vvkbs x1xmvt09 x1lliihq x1s928wv xhkezso x1gmr53x x1cpjm7i x1fgarty x1943h6x xudqn12 x3x7a5m x6prxxf xvq8zen xo1l8bm x14ctfv\" dir=\"auto\">Hogyan zajlik?<\/span><\/span><\/strong><\/div>\n<ul>\n<li class=\"elementor-widget-container\"><span class=\"html-span xdj266r x14z9mp xat24cr x1lziwak xexx8yu xyri2b x18d9i69 x1c1uobl x1hl2dhg x16tdsg8 x1vvkbs x4k7w5x x1h91t0o x1h9r5lt x1jfb8zj xv2umb2 x1beo9mf xaigb6o x12ejxvf x3igimt xarpa2k xedcshv x1lytzrv x1t2pt76 x7ja8zs x1qrby5j\"><span class=\"x193iq5w xeuugli x13faqbe x1vvkbs x1xmvt09 x1lliihq x1s928wv xhkezso x1gmr53x x1cpjm7i x1fgarty x1943h6x xudqn12 x3x7a5m x6prxxf xvq8zen xo1l8bm x14ctfv\" dir=\"auto\"> Id\u0151tartam: 240 \u00f3ra <\/span><\/span><\/li>\n<li class=\"elementor-widget-container\"><span class=\"html-span xdj266r x14z9mp xat24cr x1lziwak xexx8yu xyri2b x18d9i69 x1c1uobl x1hl2dhg x16tdsg8 x1vvkbs x4k7w5x x1h91t0o x1h9r5lt x1jfb8zj xv2umb2 x1beo9mf xaigb6o x12ejxvf x3igimt xarpa2k xedcshv x1lytzrv x1t2pt76 x7ja8zs x1qrby5j\"><span class=\"x193iq5w xeuugli x13faqbe x1vvkbs x1xmvt09 x1lliihq x1s928wv xhkezso x1gmr53x x1cpjm7i x1fgarty x1943h6x xudqn12 x3x7a5m x6prxxf xvq8zen xo1l8bm x14ctfv\" dir=\"auto\">Oktat\u00e1s form\u00e1ja:teljesen online<\/span><\/span><\/li>\n<li class=\"elementor-widget-container\"><span class=\"html-span xdj266r x14z9mp xat24cr x1lziwak xexx8yu xyri2b x18d9i69 x1c1uobl x1hl2dhg x16tdsg8 x1vvkbs x4k7w5x x1h91t0o x1h9r5lt x1jfb8zj xv2umb2 x1beo9mf xaigb6o x12ejxvf x3igimt xarpa2k xedcshv x1lytzrv x1t2pt76 x7ja8zs x1qrby5j\"><span class=\"x193iq5w xeuugli x13faqbe x1vvkbs x1xmvt09 x1lliihq x1s928wv xhkezso x1gmr53x x1cpjm7i x1fgarty x1943h6x xudqn12 x3x7a5m x6prxxf xvq8zen xo1l8bm x14ctfv\" dir=\"auto\"> \u00dctemez\u00e9s: heti 1 alkalom, \u00e9l\u0151, interakt\u00edv online \u00f3ra<\/span><\/span><\/li>\n<li class=\"elementor-widget-container\"><span class=\"html-span xdj266r x14z9mp xat24cr x1lziwak xexx8yu xyri2b x18d9i69 x1c1uobl x1hl2dhg x16tdsg8 x1vvkbs x4k7w5x x1h91t0o x1h9r5lt x1jfb8zj xv2umb2 x1beo9mf xaigb6o x12ejxvf x3igimt xarpa2k xedcshv x1lytzrv x1t2pt76 x7ja8zs x1qrby5j\"><span class=\"x193iq5w xeuugli x13faqbe x1vvkbs x1xmvt09 x1lliihq x1s928wv xhkezso x1gmr53x x1cpjm7i x1fgarty x1943h6x xudqn12 x3x7a5m x6prxxf xvq8zen xo1l8bm x14ctfv\" dir=\"auto\"> Hozz\u00e1f\u00e9r\u00e9s tananyagokhoz, gyakorlati feladatokhoz \u00e9s mentori t\u00e1mogat\u00e1shoz <\/span><\/span><\/li>\n<\/ul>\n<div class=\"elementor-widget-container\"><span class=\"html-span xdj266r x14z9mp xat24cr x1lziwak xexx8yu xyri2b x18d9i69 x1c1uobl x1hl2dhg x16tdsg8 x1vvkbs x4k7w5x x1h91t0o x1h9r5lt x1jfb8zj xv2umb2 x1beo9mf xaigb6o x12ejxvf x3igimt xarpa2k xedcshv x1lytzrv x1t2pt76 x7ja8zs x1qrby5j\"><span class=\"x193iq5w xeuugli x13faqbe x1vvkbs x1xmvt09 x1lliihq x1s928wv xhkezso x1gmr53x x1cpjm7i x1fgarty x1943h6x xudqn12 x3x7a5m x6prxxf xvq8zen xo1l8bm x14ctfv\" dir=\"auto\"><strong>Kinek aj\u00e1nljuk?<\/strong> <\/span><\/span><\/div>\n<ul>\n<li class=\"elementor-widget-container\"><span class=\"html-span xdj266r x14z9mp xat24cr x1lziwak xexx8yu xyri2b x18d9i69 x1c1uobl x1hl2dhg x16tdsg8 x1vvkbs x4k7w5x x1h91t0o x1h9r5lt x1jfb8zj xv2umb2 x1beo9mf xaigb6o x12ejxvf x3igimt xarpa2k xedcshv x1lytzrv x1t2pt76 x7ja8zs x1qrby5j\"><span class=\"x193iq5w xeuugli x13faqbe x1vvkbs x1xmvt09 x1lliihq x1s928wv xhkezso x1gmr53x x1cpjm7i x1fgarty x1943h6x xudqn12 x3x7a5m x6prxxf xvq8zen xo1l8bm x14ctfv\" dir=\"auto\">Teljesen kezd\u0151knek, akik most ismerkednek a programoz\u00e1ssal. <\/span><\/span><\/li>\n<li class=\"elementor-widget-container\"><span class=\"html-span xdj266r x14z9mp xat24cr x1lziwak xexx8yu xyri2b x18d9i69 x1c1uobl x1hl2dhg x16tdsg8 x1vvkbs x4k7w5x x1h91t0o x1h9r5lt x1jfb8zj xv2umb2 x1beo9mf xaigb6o x12ejxvf x3igimt xarpa2k xedcshv x1lytzrv x1t2pt76 x7ja8zs x1qrby5j\"><span class=\"x193iq5w xeuugli x13faqbe x1vvkbs x1xmvt09 x1lliihq x1s928wv xhkezso x1gmr53x x1cpjm7i x1fgarty x1943h6x xudqn12 x3x7a5m x6prxxf xvq8zen xo1l8bm x14ctfv\" dir=\"auto\">Azoknak, akik szeretn\u00e9nek karriert v\u00e1ltani \u00e9s a webfejleszt\u00e9s fel\u00e9 elindulni. <\/span><\/span><\/li>\n<li class=\"elementor-widget-container\"><span class=\"html-span xdj266r x14z9mp xat24cr x1lziwak xexx8yu xyri2b x18d9i69 x1c1uobl x1hl2dhg x16tdsg8 x1vvkbs x4k7w5x x1h91t0o x1h9r5lt x1jfb8zj xv2umb2 x1beo9mf xaigb6o x12ejxvf x3igimt xarpa2k xedcshv x1lytzrv x1t2pt76 x7ja8zs x1qrby5j\"><span class=\"x193iq5w xeuugli x13faqbe x1vvkbs x1xmvt09 x1lliihq x1s928wv xhkezso x1gmr53x x1cpjm7i x1fgarty x1943h6x xudqn12 x3x7a5m x6prxxf xvq8zen xo1l8bm x14ctfv\" dir=\"auto\">B\u00e1rkinek, aki Python \u00e9s Django alapos elsaj\u00e1t\u00edt\u00e1s\u00e1val szeretne piack\u00e9pes tud\u00e1sra szert tenni.<\/span><\/span><\/li>\n<\/ul>\n<\/div>\n<\/div>\n<\/div>\n<\/div><\/div><\/div><\/div><div id=\"pg-884-4\"  class=\"panel-grid panel-no-style\" ><div id=\"pgc-884-4-0\"  class=\"panel-grid-cell\" ><div id=\"panel-884-4-0-0\" class=\"so-panel widget widget_black-studio-tinymce widget_black_studio_tinymce panel-first-child panel-last-child\" data-index=\"5\" ><div class=\"textwidget\"><p style=\"text-align: center;\"><span style=\"color: #000080;\"><strong><span style=\"font-size: 14pt;\">Ha tov\u00e1bbi r\u00e9szleteket szeretn\u00e9l megtudni a k\u00e9pz\u00e9seinkr\u0151l, t\u00f6ltsd ki a lenti mez\u0151ket \u00e9s jelentkez\u00fcnk.<\/span><\/strong><\/span><\/p>\n<p><script>(function() {\n\twindow.mc4wp = window.mc4wp || {\n\t\tlisteners: [],\n\t\tforms: {\n\t\t\ton: function(evt, cb) {\n\t\t\t\twindow.mc4wp.listeners.push(\n\t\t\t\t\t{\n\t\t\t\t\t\tevent   : evt,\n\t\t\t\t\t\tcallback: cb\n\t\t\t\t\t}\n\t\t\t\t);\n\t\t\t}\n\t\t}\n\t}\n})();\n<\/script><!-- Mailchimp for WordPress v4.9.14 - https:\/\/wordpress.org\/plugins\/mailchimp-for-wp\/ --><form id=\"mc4wp-form-1\" class=\"mc4wp-form mc4wp-form-417 mc4wp-form-basic\" method=\"post\" data-id=\"417\" data-name=\"Mailchimpes feliratkoz\u00f3s \u0171rlap\" ><div class=\"mc4wp-form-fields\"> <div id=\"mc_embed_shell\">\r\n     <link href=\"\/\/cdn-images.mailchimp.com\/embedcode\/classic-061523.css\" rel=\"stylesheet\" type=\"text\/css\">\r\n  <style type=\"text\/css\">\r\n        #mc_embed_signup{false;clear:left; font:14px Helvetica,Arial,sans-serif; width: 600px;}\r\n        \/* Add your own Mailchimp form style overrides in your site stylesheet or in this style block.\r\n        We recommend moving this block and the preceding CSS link to the HEAD of your HTML file. *\/\r\n<\/style> \r\n<div id=\"mc_embed_signup\">\r\n    \r\n        <div id=\"mc_embed_signup_scroll\"><h2>Tudj meg t\u00f6bbet<\/h2>\r\n            <div class=\"indicates-required\"><span class=\"asterisk\">*<\/span> k\u00f6telez\u0151 mez\u0151<\/div>\r\n            <div class=\"mc-field-group\"><label for=\"mce-EMAIL\">E-mail:<span class=\"asterisk\">*<\/span><\/label><input type=\"email\" name=\"EMAIL\" class=\"required email\" id=\"mce-EMAIL\" required=\"\" value=\"\"><\/div><div class=\"mc-field-group\"><label for=\"mce-FNAME\">Keresztn\u00e9v: <span class=\"asterisk\">*<\/span><\/label><input type=\"text\" name=\"FNAME\" class=\"required text\" id=\"mce-FNAME\" required=\"\" value=\"\"><\/div><div class=\"mc-field-group\"><label for=\"mce-MMERGE9\">\u00c9rdekl\u0151d\u00e9s <span class=\"asterisk\">*<\/span><\/label><select name=\"MMERGE9\" class=\"required\" id=\"mce-MMERGE9\"><option value=\"\"><\/option><option value=\"Digit\u00e1lis kult\u00fara - \u00c9retts\u00e9gi felk\u00e9sz\u00edt\u00e9s\">Digit\u00e1lis kult\u00fara - \u00c9retts\u00e9gi felk\u00e9sz\u00edt\u00e9s<\/option><option value=\"Webdesigner k\u00e9pz\u00e9s\">Webdesigner k\u00e9pz\u00e9s<\/option><option value=\"Wordpress k\u00e9pz\u00e9s\">WordPress k\u00e9pz\u00e9s<\/option><option value=\"Office magic - favorit 2 k\u00e9pz\u00e9s\">Office magic - favorit 2 k\u00e9pz\u00e9s<\/option><option value=\"PHP k\u00e9pz\u00e9s\">PHP k\u00e9pz\u00e9s<\/option><option value=\"\u00c1ltal\u00e1nos \u00e9rdekl\u0151d\u00e9s\">\u00c1ltal\u00e1nos \u00e9rdekl\u0151d\u00e9s<\/option><\/select><\/div><div class=\"mc-field-group\"><label for=\"mce-LNAME\">Vezet\u00e9kn\u00e9v: <\/label><input type=\"text\" name=\"LNAME\" class=\" text\" id=\"mce-LNAME\" value=\"\"><\/div><div class=\"mc-field-group\"><label for=\"mce-PHONE\">Telefonsz\u00e1m: <\/label><input type=\"text\" name=\"PHONE\" class=\"REQ_CSS\" id=\"mce-PHONE\" value=\"\"><\/div>\r\n          <div class=\"mc-field-group\"><label for=\"mce-BIRTHDAY-month\">Sz\u00fclet\u00e9snap: <\/label>\r\n          <div class=\"datefield\"><span class=\"subfield monthfield\"><input class=\"birthday REQ_CSS\" type=\"text\" pattern=\"[0-9]*\" placeholder=\"HH\" size=\"2\" maxlength=\"2\" name=\"BIRTHDAY[month]\" id=\"mce-BIRTHDAY-month\" value=\"\"><\/span> \/<span class=\"subfield dayfield\"><input class=\"birthday REQ_CSS\" type=\"text\" pattern=\"[0-9]*\" placeholder=\"NN\" size=\"2\" maxlength=\"2\" name=\"BIRTHDAY[day]\" id=\"mce-BIRTHDAY-day\" value=\"\"><\/span>\r\n          \t<span class=\"small-meta nowrap\">( h\u00f3nap \/ nap )<\/span><\/div><\/div>\r\n<div hidden=\"\"><input type=\"hidden\" name=\"tags\" value=\"13395\"><\/div> \r\n\r\n <\/div>\r\n  <div>\r\n  \t\t  <label>\r\n  \t\t\t<span class=\"asterisk\">*<\/span>\r\n  \t\t\t<input type=\"checkbox\" name=\"AGREE_TO_TERMS\" value=\"1\" required=\"\"> Hozz\u00e1j\u00e1rulok, hogy r\u00e9szemre a D-A Pro Regio Kft. \u00e9s t\u00e1rsc\u00e9gei prom\u00f3ci\u00f3s tartalm\u00fa h\u00edrleveleket k\u00fcldjenek.\r\n  \t\t  <\/label>\r\n          <label>\r\n            <span class=\"asterisk\">*<\/span>\r\n   \t \t\t<input type=\"checkbox\" name=\"AGREE_TO_TERMS2\" value=\"1\" required=\"\">Az Adatv\u00e9delmi t\u00e1j\u00e9koztat\u00f3t elolvastam, meg\u00e9rtettem \u00e9s hozz\u00e1j\u00e1rulok ahhoz, hogy a megadott adataimat \u2013 hozz\u00e1j\u00e1rul\u00e1som visszavon\u00e1s\u00e1ig - a D-A Pro Regio Kft., mint Adatkezel\u0151 az adatkezel\u00e9si t\u00e1j\u00e9koztat\u00f3ban foglaltaknak megfelel\u0151en kezelje, r\u00e9szemre h\u00edrlevelet k\u00fcldj\u00f6n.\r\n          <\/label>\r\n<\/div>\r\n        <div id=\"mce-responses\" class=\"clear\">\r\n            <div class=\"response\" id=\"mce-error-response\" style=\"display: none;\"><\/div>\r\n            <div class=\"response\" id=\"mce-success-response\" style=\"display: none;\"><\/div>\r\n        <\/div><div aria-hidden=\"true\" style=\"position: absolute; left: -5000px;\"><input type=\"text\" name=\"b_a9995909b6acd21c03a259853_cab19a954c\" tabindex=\"-1\" value=\"\"><\/div><div class=\"clear\"><input type=\"submit\" name=\"subscribe\" id=\"mc-embedded-subscribe\" class=\"button\" value=\"Feliratkozom\"><\/div>\r\n   \r\n\r\n<\/div>\r\n<script type=\"text\/javascript\" src=\"\/\/s3.amazonaws.com\/downloads.mailchimp.com\/js\/mc-validate.js\"><\/script><script type=\"text\/javascript\">(function($) {window.fnames = new Array(); window.ftypes = new Array();fnames[0]='EMAIL';ftypes[0]='email';fnames[1]='FNAME';ftypes[1]='text';fnames[9]='MMERGE9';ftypes[9]='dropdown';fnames[2]='LNAME';ftypes[2]='text';fnames[4]='PHONE';ftypes[4]='phone';fnames[5]='BIRTHDAY';ftypes[5]='birthday';fnames[3]='ADDRESS';ftypes[3]='address';fnames[6]='MMERGE6';ftypes[6]='text';fnames[7]='MMERGE7';ftypes[7]='number';fnames[8]='MMERGE8';ftypes[8]='text';}(jQuery));var $mcj = jQuery.noConflict(true);<\/script><\/div>\r\n<\/div><label style=\"display: none !important;\">Ha \u00d6n ember, hagyja \u00fcresen ezt a mez\u0151t: <input type=\"text\" name=\"_mc4wp_honeypot\" value=\"\" tabindex=\"-1\" autocomplete=\"off\" \/><\/label><input type=\"hidden\" name=\"_mc4wp_timestamp\" value=\"1778784559\" \/><input type=\"hidden\" name=\"_mc4wp_form_id\" value=\"417\" \/><input type=\"hidden\" name=\"_mc4wp_form_element_id\" value=\"mc4wp-form-1\" \/><div class=\"mc4wp-response\"><\/div><\/form><!-- \/ Mailchimp for WordPress Plugin --><\/p>\n<\/div><\/div><\/div><\/div><\/div>","protected":false},"excerpt":{"rendered":"<p>Python start k\u00e9pz\u00e9s Tanulj meg programozni az alapokt\u00f3l, \u00e9s v\u00e1lj magabiztos webfejleszt\u0151v\u00e9!<\/p>\n","protected":false},"author":1,"featured_media":0,"parent":0,"menu_order":0,"comment_status":"closed","ping_status":"closed","template":"","meta":{"footnotes":""},"class_list":["post-884","page","type-page","status-publish","hentry"],"_links":{"self":[{"href":"https:\/\/www.daregio.hu\/index.php\/wp-json\/wp\/v2\/pages\/884"}],"collection":[{"href":"https:\/\/www.daregio.hu\/index.php\/wp-json\/wp\/v2\/pages"}],"about":[{"href":"https:\/\/www.daregio.hu\/index.php\/wp-json\/wp\/v2\/types\/page"}],"author":[{"embeddable":true,"href":"https:\/\/www.daregio.hu\/index.php\/wp-json\/wp\/v2\/users\/1"}],"replies":[{"embeddable":true,"href":"https:\/\/www.daregio.hu\/index.php\/wp-json\/wp\/v2\/comments?post=884"}],"version-history":[{"count":12,"href":"https:\/\/www.daregio.hu\/index.php\/wp-json\/wp\/v2\/pages\/884\/revisions"}],"predecessor-version":[{"id":888,"href":"https:\/\/www.daregio.hu\/index.php\/wp-json\/wp\/v2\/pages\/884\/revisions\/888"}],"wp:attachment":[{"href":"https:\/\/www.daregio.hu\/index.php\/wp-json\/wp\/v2\/media?parent=884"}],"curies":[{"name":"wp","href":"https:\/\/api.w.org\/{rel}","templated":true}]}}