{"id":893,"date":"2025-09-05T21:55:16","date_gmt":"2025-09-05T19:55:16","guid":{"rendered":"https:\/\/www.daregio.hu\/?page_id=893"},"modified":"2025-09-18T18:27:17","modified_gmt":"2025-09-18T16:27:17","slug":"python-halado","status":"publish","type":"page","link":"https:\/\/www.daregio.hu\/index.php\/python-halado\/","title":{"rendered":"PYTHON HALAD\u00d3"},"content":{"rendered":"<div id=\"pl-893\"  class=\"panel-layout\" ><div id=\"pg-893-0\"  class=\"panel-grid panel-no-style\" ><div id=\"pgc-893-0-0\"  class=\"panel-grid-cell\" ><div id=\"panel-893-0-0-0\" class=\"so-panel widget widget_black-studio-tinymce widget_black_studio_tinymce panel-first-child panel-last-child\" data-index=\"0\" ><div class=\"textwidget\"><h3 style=\"text-align: center;\"><strong><span class=\"html-span xdj266r x14z9mp xat24cr x1lziwak xexx8yu xyri2b x18d9i69 x1c1uobl x1hl2dhg x16tdsg8 x1vvkbs x4k7w5x x1h91t0o x1h9r5lt x1jfb8zj xv2umb2 x1beo9mf xaigb6o x12ejxvf x3igimt xarpa2k xedcshv x1lytzrv x1t2pt76 x7ja8zs x1qrby5j\"><span class=\"x193iq5w xeuugli x13faqbe x1vvkbs x1xmvt09 x1lliihq x1s928wv xhkezso x1gmr53x x1cpjm7i x1fgarty x1943h6x xudqn12 x3x7a5m x6prxxf xvq8zen xo1l8bm x14ctfv\" dir=\"auto\">Halad\u00f3 Python \u00e9s Django webfejleszt\u0151 k\u00e9pz\u00e9s<\/span><\/span><\/strong><\/h3>\n<\/div><\/div><\/div><\/div><div id=\"pg-893-1\"  class=\"panel-grid panel-no-style\" ><div id=\"pgc-893-1-0\"  class=\"panel-grid-cell\" ><div id=\"panel-893-1-0-0\" class=\"so-panel widget widget_black-studio-tinymce widget_black_studio_tinymce panel-first-child panel-last-child\" data-index=\"1\" ><div class=\"textwidget\"><div class=\"elementor-widget-container\" style=\"text-align: center;\">\n<h3><span class=\"html-span xdj266r x14z9mp xat24cr x1lziwak xexx8yu xyri2b x18d9i69 x1c1uobl x1hl2dhg x16tdsg8 x1vvkbs x4k7w5x x1h91t0o x1h9r5lt x1jfb8zj xv2umb2 x1beo9mf xaigb6o x12ejxvf x3igimt xarpa2k xedcshv x1lytzrv x1t2pt76 x7ja8zs x1qrby5j\"><span class=\"x193iq5w xeuugli x13faqbe x1vvkbs x1xmvt09 x1lliihq x1s928wv xhkezso x1gmr53x x1cpjm7i x1fgarty x1943h6x xudqn12 x3x7a5m x6prxxf xvq8zen xo1l8bm x14ctfv\" dir=\"auto\"> M\u00e1r rendelkezel programoz\u00e1si alapismeretekkel? <\/span><\/span><\/h3>\n<\/div>\n<\/div><\/div><\/div><\/div><div id=\"pg-893-2\"  class=\"panel-grid panel-no-style\" ><div id=\"pgc-893-2-0\"  class=\"panel-grid-cell\" ><div id=\"panel-893-2-0-0\" class=\"so-panel widget widget_media_image panel-first-child panel-last-child\" data-index=\"2\" ><img decoding=\"async\" width=\"843\" height=\"562\" src=\"https:\/\/www.daregio.hu\/wp-content\/uploads\/2025\/09\/programming-background-collage-1024x683.jpg\" class=\"image wp-image-894  attachment-large size-large\" alt=\"\" style=\"max-width: 100%; height: auto;\" srcset=\"https:\/\/www.daregio.hu\/wp-content\/uploads\/2025\/09\/programming-background-collage-1024x683.jpg 1024w, https:\/\/www.daregio.hu\/wp-content\/uploads\/2025\/09\/programming-background-collage-300x200.jpg 300w, https:\/\/www.daregio.hu\/wp-content\/uploads\/2025\/09\/programming-background-collage-768x512.jpg 768w, https:\/\/www.daregio.hu\/wp-content\/uploads\/2025\/09\/programming-background-collage-1536x1024.jpg 1536w, https:\/\/www.daregio.hu\/wp-content\/uploads\/2025\/09\/programming-background-collage-272x182.jpg 272w, https:\/\/www.daregio.hu\/wp-content\/uploads\/2025\/09\/programming-background-collage-720x480.jpg 720w, https:\/\/www.daregio.hu\/wp-content\/uploads\/2025\/09\/programming-background-collage.jpg 1920w\" sizes=\"(max-width: 843px) 100vw, 843px\" \/><\/div><\/div><div id=\"pgc-893-2-1\"  class=\"panel-grid-cell\" ><div id=\"panel-893-2-1-0\" class=\"so-panel widget widget_black-studio-tinymce widget_black_studio_tinymce panel-first-child panel-last-child\" data-index=\"3\" ><div class=\"panel-widget-style panel-widget-style-for-893-2-1-0\" ><div class=\"textwidget\"><div><strong>L\u00e9pj szintet, \u00e9s v\u00e1lj profi webfejleszt\u0151v\u00e9!<\/strong><\/div>\n<div><\/div>\n<div><\/div>\n<div class=\"elementor-widget-container\" style=\"text-align: justify;\"><span class=\"html-span xdj266r x14z9mp xat24cr x1lziwak xexx8yu xyri2b x18d9i69 x1c1uobl x1hl2dhg x16tdsg8 x1vvkbs x4k7w5x x1h91t0o x1h9r5lt x1jfb8zj xv2umb2 x1beo9mf xaigb6o x12ejxvf x3igimt xarpa2k xedcshv x1lytzrv x1t2pt76 x7ja8zs x1qrby5j\"><span class=\"x193iq5w xeuugli x13faqbe x1vvkbs x1xmvt09 x1lliihq x1s928wv xhkezso x1gmr53x x1cpjm7i x1fgarty x1943h6x xudqn12 x3x7a5m x6prxxf xvq8zen xo1l8bm x14ctfv\" dir=\"auto\">Ez a 100 \u00f3r\u00e1s halad\u00f3 tanfolyam azok sz\u00e1m\u00e1ra k\u00e9sz\u00fclt, akik m\u00e1r rendelkeznek programoz\u00e1si el\u0151ismerettel, de szeretn\u00e9nek megismerkedni a Python vil\u00e1g\u00e1val \u00e9s tov\u00e1bbfejleszteni a tud\u00e1sukat a modern webfejleszt\u00e9s ir\u00e1ny\u00e1ba. <\/span><\/span><\/div>\n<div class=\"elementor-widget-container\" style=\"text-align: justify;\"><span class=\"html-span xdj266r x14z9mp xat24cr x1lziwak xexx8yu xyri2b x18d9i69 x1c1uobl x1hl2dhg x16tdsg8 x1vvkbs x4k7w5x x1h91t0o x1h9r5lt x1jfb8zj xv2umb2 x1beo9mf xaigb6o x12ejxvf x3igimt xarpa2k xedcshv x1lytzrv x1t2pt76 x7ja8zs x1qrby5j\"><span class=\"x193iq5w xeuugli x13faqbe x1vvkbs x1xmvt09 x1lliihq x1s928wv xhkezso x1gmr53x x1cpjm7i x1fgarty x1943h6x xudqn12 x3x7a5m x6prxxf xvq8zen xo1l8bm x14ctfv\" dir=\"auto\">A k\u00e9pz\u00e9s sor\u00e1n elm\u00e9ly\u00fclsz a Django keretrendszerben, \u00e9s megtanulod, hogyan \u00e9p\u00edts \u00f6n\u00e1ll\u00f3an stabil, biztons\u00e1gos \u00e9s sk\u00e1l\u00e1zhat\u00f3 webalkalmaz\u00e1sokat. <\/span><\/span><\/div>\n<\/div><\/div><\/div><\/div><\/div><div id=\"pg-893-3\"  class=\"panel-grid panel-no-style\" ><div id=\"pgc-893-3-0\"  class=\"panel-grid-cell\" ><div id=\"panel-893-3-0-0\" class=\"so-panel widget widget_black-studio-tinymce widget_black_studio_tinymce panel-first-child panel-last-child\" data-index=\"4\" ><div class=\"textwidget\"><div class=\"elementor-element elementor-element-cf6d821 e-flex e-con-boxed e-con e-parent\" data-id=\"cf6d821\" data-element_type=\"container\" data-settings=\"{&quot;content_width&quot;:&quot;boxed&quot;}\" data-core-v316-plus=\"true\">\n<div class=\"e-con-inner\">\n<div class=\"elementor-element elementor-element-be92bf1 elementor-widget elementor-widget-text-editor\" data-id=\"be92bf1\" data-element_type=\"widget\" data-widget_type=\"text-editor.default\">\n<div class=\"elementor-widget-container\"><\/div>\n<div class=\"elementor-widget-container\"><span class=\"html-span xdj266r x14z9mp xat24cr x1lziwak xexx8yu xyri2b x18d9i69 x1c1uobl x1hl2dhg x16tdsg8 x1vvkbs x4k7w5x x1h91t0o x1h9r5lt x1jfb8zj xv2umb2 x1beo9mf xaigb6o x12ejxvf x3igimt xarpa2k xedcshv x1lytzrv x1t2pt76 x7ja8zs x1qrby5j\"><span class=\"x193iq5w xeuugli x13faqbe x1vvkbs x1xmvt09 x1lliihq x1s928wv xhkezso x1gmr53x x1cpjm7i x1fgarty x1943h6x xudqn12 x3x7a5m x6prxxf xvq8zen xo1l8bm x14ctfv\" dir=\"auto\"><strong>Mit k\u00edn\u00e1l a k\u00e9pz\u00e9s?<\/strong> <\/span><\/span><\/div>\n<ul>\n<li class=\"elementor-widget-container\"><span class=\"html-span xdj266r x14z9mp xat24cr x1lziwak xexx8yu xyri2b x18d9i69 x1c1uobl x1hl2dhg x16tdsg8 x1vvkbs x4k7w5x x1h91t0o x1h9r5lt x1jfb8zj xv2umb2 x1beo9mf xaigb6o x12ejxvf x3igimt xarpa2k xedcshv x1lytzrv x1t2pt76 x7ja8zs x1qrby5j\"><span class=\"x193iq5w xeuugli x13faqbe x1vvkbs x1xmvt09 x1lliihq x1s928wv xhkezso x1gmr53x x1cpjm7i x1fgarty x1943h6x xudqn12 x3x7a5m x6prxxf xvq8zen xo1l8bm x14ctfv\" dir=\"auto\">Megismered a Python nyelv saj\u00e1toss\u00e1gait. <\/span><\/span><\/li>\n<li class=\"elementor-widget-container\"><span class=\"html-span xdj266r x14z9mp xat24cr x1lziwak xexx8yu xyri2b x18d9i69 x1c1uobl x1hl2dhg x16tdsg8 x1vvkbs x4k7w5x x1h91t0o x1h9r5lt x1jfb8zj xv2umb2 x1beo9mf xaigb6o x12ejxvf x3igimt xarpa2k xedcshv x1lytzrv x1t2pt76 x7ja8zs x1qrby5j\"><span class=\"x193iq5w xeuugli x13faqbe x1vvkbs x1xmvt09 x1lliihq x1s928wv xhkezso x1gmr53x x1cpjm7i x1fgarty x1943h6x xudqn12 x3x7a5m x6prxxf xvq8zen xo1l8bm x14ctfv\" dir=\"auto\">R\u00e9szletes betekint\u00e9s a Django m\u0171k\u00f6d\u00e9s\u00e9be \u00e9s eszk\u00f6zt\u00e1r\u00e1ba. <\/span><\/span><\/li>\n<li class=\"elementor-widget-container\"><span class=\"html-span xdj266r x14z9mp xat24cr x1lziwak xexx8yu xyri2b x18d9i69 x1c1uobl x1hl2dhg x16tdsg8 x1vvkbs x4k7w5x x1h91t0o x1h9r5lt x1jfb8zj xv2umb2 x1beo9mf xaigb6o x12ejxvf x3igimt xarpa2k xedcshv x1lytzrv x1t2pt76 x7ja8zs x1qrby5j\"><span class=\"x193iq5w xeuugli x13faqbe x1vvkbs x1xmvt09 x1lliihq x1s928wv xhkezso x1gmr53x x1cpjm7i x1fgarty x1943h6x xudqn12 x3x7a5m x6prxxf xvq8zen xo1l8bm x14ctfv\" dir=\"auto\">Adatb\u00e1zisok kezel\u00e9se, rel\u00e1ci\u00f3s \u00e9s ORM megk\u00f6zel\u00edt\u00e9ssel.<\/span><\/span><\/li>\n<li class=\"elementor-widget-container\"><span class=\"html-span xdj266r x14z9mp xat24cr x1lziwak xexx8yu xyri2b x18d9i69 x1c1uobl x1hl2dhg x16tdsg8 x1vvkbs x4k7w5x x1h91t0o x1h9r5lt x1jfb8zj xv2umb2 x1beo9mf xaigb6o x12ejxvf x3igimt xarpa2k xedcshv x1lytzrv x1t2pt76 x7ja8zs x1qrby5j\"><span class=\"x193iq5w xeuugli x13faqbe x1vvkbs x1xmvt09 x1lliihq x1s928wv xhkezso x1gmr53x x1cpjm7i x1fgarty x1943h6x xudqn12 x3x7a5m x6prxxf xvq8zen xo1l8bm x14ctfv\" dir=\"auto\"> Felhaszn\u00e1l\u00f3kezel\u00e9s, biztons\u00e1g, jogosults\u00e1gok \u00e9s autentik\u00e1ci\u00f3. <\/span><\/span><\/li>\n<li class=\"elementor-widget-container\"><span class=\"html-span xdj266r x14z9mp xat24cr x1lziwak xexx8yu xyri2b x18d9i69 x1c1uobl x1hl2dhg x16tdsg8 x1vvkbs x4k7w5x x1h91t0o x1h9r5lt x1jfb8zj xv2umb2 x1beo9mf xaigb6o x12ejxvf x3igimt xarpa2k xedcshv x1lytzrv x1t2pt76 x7ja8zs x1qrby5j\"><span class=\"x193iq5w xeuugli x13faqbe x1vvkbs x1xmvt09 x1lliihq x1s928wv xhkezso x1gmr53x x1cpjm7i x1fgarty x1943h6x xudqn12 x3x7a5m x6prxxf xvq8zen xo1l8bm x14ctfv\" dir=\"auto\">API-k fejleszt\u00e9se Django REST Framework seg\u00edts\u00e9g\u00e9vel. <\/span><\/span><\/li>\n<li class=\"elementor-widget-container\"><span class=\"html-span xdj266r x14z9mp xat24cr x1lziwak xexx8yu xyri2b x18d9i69 x1c1uobl x1hl2dhg x16tdsg8 x1vvkbs x4k7w5x x1h91t0o x1h9r5lt x1jfb8zj xv2umb2 x1beo9mf xaigb6o x12ejxvf x3igimt xarpa2k xedcshv x1lytzrv x1t2pt76 x7ja8zs x1qrby5j\"><span class=\"x193iq5w xeuugli x13faqbe x1vvkbs x1xmvt09 x1lliihq x1s928wv xhkezso x1gmr53x x1cpjm7i x1fgarty x1943h6x xudqn12 x3x7a5m x6prxxf xvq8zen xo1l8bm x14ctfv\" dir=\"auto\">Val\u00f3s projektek \u00e9s komplex feladatok megold\u00e1sa, portf\u00f3li\u00f3\u00e9p\u00edt\u00e9s.<\/span><\/span><\/li>\n<\/ul>\n<div class=\"elementor-widget-container\"><span class=\"html-span xdj266r x14z9mp xat24cr x1lziwak xexx8yu xyri2b x18d9i69 x1c1uobl x1hl2dhg x16tdsg8 x1vvkbs x4k7w5x x1h91t0o x1h9r5lt x1jfb8zj xv2umb2 x1beo9mf xaigb6o x12ejxvf x3igimt xarpa2k xedcshv x1lytzrv x1t2pt76 x7ja8zs x1qrby5j\"><span class=\"x193iq5w xeuugli x13faqbe x1vvkbs x1xmvt09 x1lliihq x1s928wv xhkezso x1gmr53x x1cpjm7i x1fgarty x1943h6x xudqn12 x3x7a5m x6prxxf xvq8zen xo1l8bm x14ctfv\" dir=\"auto\"><strong> Hogyan zajlik?<\/strong> <\/span><\/span><\/div>\n<ul>\n<li class=\"elementor-widget-container\"><span class=\"html-span xdj266r x14z9mp xat24cr x1lziwak xexx8yu xyri2b x18d9i69 x1c1uobl x1hl2dhg x16tdsg8 x1vvkbs x4k7w5x x1h91t0o x1h9r5lt x1jfb8zj xv2umb2 x1beo9mf xaigb6o x12ejxvf x3igimt xarpa2k xedcshv x1lytzrv x1t2pt76 x7ja8zs x1qrby5j\"><span class=\"x193iq5w xeuugli x13faqbe x1vvkbs x1xmvt09 x1lliihq x1s928wv xhkezso x1gmr53x x1cpjm7i x1fgarty x1943h6x xudqn12 x3x7a5m x6prxxf xvq8zen xo1l8bm x14ctfv\" dir=\"auto\">Id\u0151tartam: 100 \u00f3ra <\/span><\/span><\/li>\n<li class=\"elementor-widget-container\"><span class=\"html-span xdj266r x14z9mp xat24cr x1lziwak xexx8yu xyri2b x18d9i69 x1c1uobl x1hl2dhg x16tdsg8 x1vvkbs x4k7w5x x1h91t0o x1h9r5lt x1jfb8zj xv2umb2 x1beo9mf xaigb6o x12ejxvf x3igimt xarpa2k xedcshv x1lytzrv x1t2pt76 x7ja8zs x1qrby5j\"><span class=\"x193iq5w xeuugli x13faqbe x1vvkbs x1xmvt09 x1lliihq x1s928wv xhkezso x1gmr53x x1cpjm7i x1fgarty x1943h6x xudqn12 x3x7a5m x6prxxf xvq8zen xo1l8bm x14ctfv\" dir=\"auto\">Oktat\u00e1s form\u00e1ja: teljesen online <\/span><\/span><\/li>\n<li class=\"elementor-widget-container\"><span class=\"html-span xdj266r x14z9mp xat24cr x1lziwak xexx8yu xyri2b x18d9i69 x1c1uobl x1hl2dhg x16tdsg8 x1vvkbs x4k7w5x x1h91t0o x1h9r5lt x1jfb8zj xv2umb2 x1beo9mf xaigb6o x12ejxvf x3igimt xarpa2k xedcshv x1lytzrv x1t2pt76 x7ja8zs x1qrby5j\"><span class=\"x193iq5w xeuugli x13faqbe x1vvkbs x1xmvt09 x1lliihq x1s928wv xhkezso x1gmr53x x1cpjm7i x1fgarty x1943h6x xudqn12 x3x7a5m x6prxxf xvq8zen xo1l8bm x14ctfv\" dir=\"auto\">\u00dctemez\u00e9s: heti 1 alkalom, \u00e9l\u0151, interakt\u00edv online \u00f3ra<\/span><\/span><\/li>\n<li class=\"elementor-widget-container\"><span class=\"html-span xdj266r x14z9mp xat24cr x1lziwak xexx8yu xyri2b x18d9i69 x1c1uobl x1hl2dhg x16tdsg8 x1vvkbs x4k7w5x x1h91t0o x1h9r5lt x1jfb8zj xv2umb2 x1beo9mf xaigb6o x12ejxvf x3igimt xarpa2k xedcshv x1lytzrv x1t2pt76 x7ja8zs x1qrby5j\"><span class=\"x193iq5w xeuugli x13faqbe x1vvkbs x1xmvt09 x1lliihq x1s928wv xhkezso x1gmr53x x1cpjm7i x1fgarty x1943h6x xudqn12 x3x7a5m x6prxxf xvq8zen xo1l8bm x14ctfv\" dir=\"auto\"> Tananyagok, gyakorlati feladatok \u00e9s mentori t\u00e1mogat\u00e1s <\/span><\/span><\/li>\n<\/ul>\n<div class=\"elementor-widget-container\"><strong><span class=\"html-span xdj266r x14z9mp xat24cr x1lziwak xexx8yu xyri2b x18d9i69 x1c1uobl x1hl2dhg x16tdsg8 x1vvkbs x4k7w5x x1h91t0o x1h9r5lt x1jfb8zj xv2umb2 x1beo9mf xaigb6o x12ejxvf x3igimt xarpa2k xedcshv x1lytzrv x1t2pt76 x7ja8zs x1qrby5j\"><span class=\"x193iq5w xeuugli x13faqbe x1vvkbs x1xmvt09 x1lliihq x1s928wv xhkezso x1gmr53x x1cpjm7i x1fgarty x1943h6x xudqn12 x3x7a5m x6prxxf xvq8zen xo1l8bm x14ctfv\" dir=\"auto\">Kinek aj\u00e1nljuk?<\/span><\/span><\/strong><\/div>\n<ul>\n<li class=\"elementor-widget-container\"><span class=\"html-span xdj266r x14z9mp xat24cr x1lziwak xexx8yu xyri2b x18d9i69 x1c1uobl x1hl2dhg x16tdsg8 x1vvkbs x4k7w5x x1h91t0o x1h9r5lt x1jfb8zj xv2umb2 x1beo9mf xaigb6o x12ejxvf x3igimt xarpa2k xedcshv x1lytzrv x1t2pt76 x7ja8zs x1qrby5j\"><span class=\"x193iq5w xeuugli x13faqbe x1vvkbs x1xmvt09 x1lliihq x1s928wv xhkezso x1gmr53x x1cpjm7i x1fgarty x1943h6x xudqn12 x3x7a5m x6prxxf xvq8zen xo1l8bm x14ctfv\" dir=\"auto\">Programoz\u00e1si alapismerettel rendelkez\u0151knek, akik webfejleszt\u0151k\u00e9nt szeretn\u00e9nek elhelyezkedni. <\/span><\/span><\/li>\n<li class=\"elementor-widget-container\"><span class=\"html-span xdj266r x14z9mp xat24cr x1lziwak xexx8yu xyri2b x18d9i69 x1c1uobl x1hl2dhg x16tdsg8 x1vvkbs x4k7w5x x1h91t0o x1h9r5lt x1jfb8zj xv2umb2 x1beo9mf xaigb6o x12ejxvf x3igimt xarpa2k xedcshv x1lytzrv x1t2pt76 x7ja8zs x1qrby5j\"><span class=\"x193iq5w xeuugli x13faqbe x1vvkbs x1xmvt09 x1lliihq x1s928wv xhkezso x1gmr53x x1cpjm7i x1fgarty x1943h6x xudqn12 x3x7a5m x6prxxf xvq8zen xo1l8bm x14ctfv\" dir=\"auto\">B\u00e1rkinek, aki szeretn\u00e9 gyors\u00edtott, intenz\u00edvebb form\u00e1ban elsaj\u00e1t\u00edtani a Django alap\u00fa webfejleszt\u00e9st. <\/span><\/span><\/li>\n<li class=\"elementor-widget-container\"><span class=\"html-span xdj266r x14z9mp xat24cr x1lziwak xexx8yu xyri2b x18d9i69 x1c1uobl x1hl2dhg x16tdsg8 x1vvkbs x4k7w5x x1h91t0o x1h9r5lt x1jfb8zj xv2umb2 x1beo9mf xaigb6o x12ejxvf x3igimt xarpa2k xedcshv x1lytzrv x1t2pt76 x7ja8zs x1qrby5j\"><span class=\"x193iq5w xeuugli x13faqbe x1vvkbs x1xmvt09 x1lliihq x1s928wv xhkezso x1gmr53x x1cpjm7i x1fgarty x1943h6x xudqn12 x3x7a5m x6prxxf xvq8zen xo1l8bm x14ctfv\" dir=\"auto\">A tanfolyam v\u00e9g\u00e9re k\u00e9pes leszel \u00f6n\u00e1ll\u00f3an modern, min\u0151s\u00e9gi webalkalmaz\u00e1sokat fejleszteni a Django keretrendszerrel.<\/span><\/span><\/li>\n<\/ul>\n<\/div>\n<\/div>\n<\/div>\n<\/div><\/div><\/div><\/div><div id=\"pg-893-4\"  class=\"panel-grid panel-no-style\" ><div id=\"pgc-893-4-0\"  class=\"panel-grid-cell\" ><div id=\"panel-893-4-0-0\" class=\"so-panel widget widget_black-studio-tinymce widget_black_studio_tinymce panel-first-child panel-last-child\" data-index=\"5\" ><div class=\"panel-widget-style panel-widget-style-for-893-4-0-0\" ><div class=\"textwidget\"><p style=\"text-align: center;\"><span style=\"color: #ffffff;\"><strong>A k\u00e9pz\u00e9s \u00e1ra:<\/strong><\/span><\/p>\n<div id=\"pgc-259-3-0\" class=\"panel-grid-cell\">\n<div id=\"panel-259-3-0-0\" class=\"so-panel widget widget_black-studio-tinymce widget_black_studio_tinymce panel-first-child panel-last-child\" data-index=\"4\">\n<div class=\"panel-widget-style panel-widget-style-for-259-3-0-0\">\n<div class=\"textwidget\">\n<div class=\"elementor-element elementor-element-30a3287 e-con-full e-flex e-con e-child\" data-id=\"30a3287\" data-element_type=\"container\" data-settings=\"{&quot;content_width&quot;:&quot;full&quot;}\">\n<div class=\"elementor-element elementor-element-c42189f e-con-full e-flex e-con e-child\" data-id=\"c42189f\" data-element_type=\"container\" data-settings=\"{&quot;content_width&quot;:&quot;full&quot;,&quot;background_background&quot;:&quot;classic&quot;}\">\n<div class=\"elementor-element elementor-element-29769a6 elementor-widget__width-initial elementor-widget elementor-widget-text-editor\" data-id=\"29769a6\" data-element_type=\"widget\" data-widget_type=\"text-editor.default\">\n<div class=\"elementor-widget-container\">\n<p style=\"text-align: center;\"><span style=\"color: #ffffff;\"><strong>Egy\u00f6sszeg\u0171 fizet\u00e9s eset\u00e9n:<\/strong>\u00a0 1*30.000 Ft + 1*240.000 Ft = 270.000 Ft<\/span><\/p>\n<p style=\"text-align: center;\"><span style=\"color: #ffffff;\"><strong>R\u00e9szletfizet\u00e9s eset\u00e9n:<\/strong> 1*30.000 Ft + 8*<span class=\"html-span xdj266r x14z9mp xat24cr x1lziwak xexx8yu xyri2b x18d9i69 x1c1uobl x1hl2dhg x16tdsg8 x1vvkbs x4k7w5x x1h91t0o x1h9r5lt x1jfb8zj xv2umb2 x1beo9mf xaigb6o x12ejxvf x3igimt xarpa2k xedcshv x1lytzrv x1t2pt76 x7ja8zs x1qrby5j\"><span class=\"x193iq5w xeuugli x13faqbe x1vvkbs x1xmvt09 x1lliihq x1s928wv xhkezso x1gmr53x x1cpjm7i x1fgarty x1943h6x xudqn12 x3x7a5m x6prxxf xvq8zen xo1l8bm xzsf02u\" dir=\"auto\">36.250<\/span><\/span> Ft = 320.000 Ft<\/span><\/p>\n<\/div>\n<\/div>\n<\/div>\n<\/div>\n<\/div>\n<\/div>\n<\/div>\n<\/div>\n<\/div><\/div><\/div><\/div><\/div><div id=\"pg-893-5\"  class=\"panel-grid panel-no-style\" ><div id=\"pgc-893-5-0\"  class=\"panel-grid-cell\" ><div id=\"panel-893-5-0-0\" class=\"so-panel widget widget_black-studio-tinymce widget_black_studio_tinymce panel-first-child panel-last-child\" data-index=\"6\" ><div class=\"textwidget\"><p style=\"text-align: center;\"><strong><span style=\"font-size: 12pt;\">Ha tov\u00e1bbi r\u00e9szleteket szeretn\u00e9l megtudni a k\u00e9pz\u00e9seinkr\u0151l, akkor iratkozz fel a h\u00edrlevel\u00fcnkre, ha \u00e9rdekel a k\u00f6vetkez\u0151 indul\u00f3 k\u00e9pz\u00e9s\u00fcnk, jelentkezz b\u0151vebb inform\u00e1ci\u00f3k\u00e9rt, kattints ide:<\/span><\/strong><\/p>\n<\/div><\/div><\/div><\/div><div id=\"pg-893-6\"  class=\"panel-grid panel-no-style\" ><div id=\"pgc-893-6-0\"  class=\"panel-grid-cell\" ><div id=\"panel-893-6-0-0\" class=\"so-panel widget widget_sow-button panel-first-child panel-last-child\" data-index=\"7\" ><div\n\t\t\t\n\t\t\tclass=\"so-widget-sow-button so-widget-sow-button-flat-1a6be60d51a4-893\"\n\t\t\t\n\t\t><div class=\"ow-button-base ow-button-align-center\">\n\t\t\t<a\n\t\t\t\t\thref=\"https:\/\/mailchi.mp\/daregio\/python-halad_landingp\"\n\t\t\t\t\tclass=\"sowb-button ow-icon-placement-left ow-button-hover\" \t>\n\t\t<span>\n\t\t\t\n\t\t\t\u00c9RDEKL\u0150D\u00d6M\t\t<\/span>\n\t\t\t<\/a>\n\t<\/div>\n<\/div><\/div><\/div><\/div><div id=\"pg-893-7\"  class=\"panel-grid panel-no-style\" ><div id=\"pgc-893-7-0\"  class=\"panel-grid-cell\" ><div id=\"panel-893-7-0-0\" class=\"so-panel widget widget_black-studio-tinymce widget_black_studio_tinymce panel-first-child panel-last-child\" data-index=\"8\" ><div class=\"textwidget\"><p style=\"text-align: center;\">\n<p><script>(function() {\n\twindow.mc4wp = window.mc4wp || {\n\t\tlisteners: [],\n\t\tforms: {\n\t\t\ton: function(evt, cb) {\n\t\t\t\twindow.mc4wp.listeners.push(\n\t\t\t\t\t{\n\t\t\t\t\t\tevent   : evt,\n\t\t\t\t\t\tcallback: cb\n\t\t\t\t\t}\n\t\t\t\t);\n\t\t\t}\n\t\t}\n\t}\n})();\n<\/script><!-- Mailchimp for WordPress v4.9.14 - https:\/\/wordpress.org\/plugins\/mailchimp-for-wp\/ --><form id=\"mc4wp-form-1\" class=\"mc4wp-form mc4wp-form-417 mc4wp-form-basic\" method=\"post\" data-id=\"417\" data-name=\"Mailchimpes feliratkoz\u00f3s \u0171rlap\" ><div class=\"mc4wp-form-fields\"> <div id=\"mc_embed_shell\">\r\n     <link href=\"\/\/cdn-images.mailchimp.com\/embedcode\/classic-061523.css\" rel=\"stylesheet\" type=\"text\/css\">\r\n  <style type=\"text\/css\">\r\n        #mc_embed_signup{false;clear:left; font:14px Helvetica,Arial,sans-serif; width: 600px;}\r\n        \/* Add your own Mailchimp form style overrides in your site stylesheet or in this style block.\r\n        We recommend moving this block and the preceding CSS link to the HEAD of your HTML file. *\/\r\n<\/style> \r\n<div id=\"mc_embed_signup\">\r\n    \r\n        <div id=\"mc_embed_signup_scroll\"><h2>Tudj meg t\u00f6bbet<\/h2>\r\n            <div class=\"indicates-required\"><span class=\"asterisk\">*<\/span> k\u00f6telez\u0151 mez\u0151<\/div>\r\n            <div class=\"mc-field-group\"><label for=\"mce-EMAIL\">E-mail:<span class=\"asterisk\">*<\/span><\/label><input type=\"email\" name=\"EMAIL\" class=\"required email\" id=\"mce-EMAIL\" required=\"\" value=\"\"><\/div><div class=\"mc-field-group\"><label for=\"mce-FNAME\">Keresztn\u00e9v: <span class=\"asterisk\">*<\/span><\/label><input type=\"text\" name=\"FNAME\" class=\"required text\" id=\"mce-FNAME\" required=\"\" value=\"\"><\/div><div class=\"mc-field-group\"><label for=\"mce-MMERGE9\">\u00c9rdekl\u0151d\u00e9s <span class=\"asterisk\">*<\/span><\/label><select name=\"MMERGE9\" class=\"required\" id=\"mce-MMERGE9\"><option value=\"\"><\/option><option value=\"Digit\u00e1lis kult\u00fara - \u00c9retts\u00e9gi felk\u00e9sz\u00edt\u00e9s\">Digit\u00e1lis kult\u00fara - \u00c9retts\u00e9gi felk\u00e9sz\u00edt\u00e9s<\/option><option value=\"Webdesigner k\u00e9pz\u00e9s\">Webdesigner k\u00e9pz\u00e9s<\/option><option value=\"Wordpress k\u00e9pz\u00e9s\">WordPress k\u00e9pz\u00e9s<\/option><option value=\"Office magic - favorit 2 k\u00e9pz\u00e9s\">Office magic - favorit 2 k\u00e9pz\u00e9s<\/option><option value=\"PHP k\u00e9pz\u00e9s\">PHP k\u00e9pz\u00e9s<\/option><option value=\"\u00c1ltal\u00e1nos \u00e9rdekl\u0151d\u00e9s\">\u00c1ltal\u00e1nos \u00e9rdekl\u0151d\u00e9s<\/option><\/select><\/div><div class=\"mc-field-group\"><label for=\"mce-LNAME\">Vezet\u00e9kn\u00e9v: <\/label><input type=\"text\" name=\"LNAME\" class=\" text\" id=\"mce-LNAME\" value=\"\"><\/div><div class=\"mc-field-group\"><label for=\"mce-PHONE\">Telefonsz\u00e1m: <\/label><input type=\"text\" name=\"PHONE\" class=\"REQ_CSS\" id=\"mce-PHONE\" value=\"\"><\/div>\r\n          <div class=\"mc-field-group\"><label for=\"mce-BIRTHDAY-month\">Sz\u00fclet\u00e9snap: <\/label>\r\n          <div class=\"datefield\"><span class=\"subfield monthfield\"><input class=\"birthday REQ_CSS\" type=\"text\" pattern=\"[0-9]*\" placeholder=\"HH\" size=\"2\" maxlength=\"2\" name=\"BIRTHDAY[month]\" id=\"mce-BIRTHDAY-month\" value=\"\"><\/span> \/<span class=\"subfield dayfield\"><input class=\"birthday REQ_CSS\" type=\"text\" pattern=\"[0-9]*\" placeholder=\"NN\" size=\"2\" maxlength=\"2\" name=\"BIRTHDAY[day]\" id=\"mce-BIRTHDAY-day\" value=\"\"><\/span>\r\n          \t<span class=\"small-meta nowrap\">( h\u00f3nap \/ nap )<\/span><\/div><\/div>\r\n<div hidden=\"\"><input type=\"hidden\" name=\"tags\" value=\"13395\"><\/div> \r\n\r\n <\/div>\r\n  <div>\r\n  \t\t  <label>\r\n  \t\t\t<span class=\"asterisk\">*<\/span>\r\n  \t\t\t<input type=\"checkbox\" name=\"AGREE_TO_TERMS\" value=\"1\" required=\"\"> Hozz\u00e1j\u00e1rulok, hogy r\u00e9szemre a D-A Pro Regio Kft. \u00e9s t\u00e1rsc\u00e9gei prom\u00f3ci\u00f3s tartalm\u00fa h\u00edrleveleket k\u00fcldjenek.\r\n  \t\t  <\/label>\r\n          <label>\r\n            <span class=\"asterisk\">*<\/span>\r\n   \t \t\t<input type=\"checkbox\" name=\"AGREE_TO_TERMS2\" value=\"1\" required=\"\">Az Adatv\u00e9delmi t\u00e1j\u00e9koztat\u00f3t elolvastam, meg\u00e9rtettem \u00e9s hozz\u00e1j\u00e1rulok ahhoz, hogy a megadott adataimat \u2013 hozz\u00e1j\u00e1rul\u00e1som visszavon\u00e1s\u00e1ig - a D-A Pro Regio Kft., mint Adatkezel\u0151 az adatkezel\u00e9si t\u00e1j\u00e9koztat\u00f3ban foglaltaknak megfelel\u0151en kezelje, r\u00e9szemre h\u00edrlevelet k\u00fcldj\u00f6n.\r\n          <\/label>\r\n<\/div>\r\n        <div id=\"mce-responses\" class=\"clear\">\r\n            <div class=\"response\" id=\"mce-error-response\" style=\"display: none;\"><\/div>\r\n            <div class=\"response\" id=\"mce-success-response\" style=\"display: none;\"><\/div>\r\n        <\/div><div aria-hidden=\"true\" style=\"position: absolute; left: -5000px;\"><input type=\"text\" name=\"b_a9995909b6acd21c03a259853_cab19a954c\" tabindex=\"-1\" value=\"\"><\/div><div class=\"clear\"><input type=\"submit\" name=\"subscribe\" id=\"mc-embedded-subscribe\" class=\"button\" value=\"Feliratkozom\"><\/div>\r\n   \r\n\r\n<\/div>\r\n<script type=\"text\/javascript\" src=\"\/\/s3.amazonaws.com\/downloads.mailchimp.com\/js\/mc-validate.js\"><\/script><script type=\"text\/javascript\">(function($) {window.fnames = new Array(); window.ftypes = new Array();fnames[0]='EMAIL';ftypes[0]='email';fnames[1]='FNAME';ftypes[1]='text';fnames[9]='MMERGE9';ftypes[9]='dropdown';fnames[2]='LNAME';ftypes[2]='text';fnames[4]='PHONE';ftypes[4]='phone';fnames[5]='BIRTHDAY';ftypes[5]='birthday';fnames[3]='ADDRESS';ftypes[3]='address';fnames[6]='MMERGE6';ftypes[6]='text';fnames[7]='MMERGE7';ftypes[7]='number';fnames[8]='MMERGE8';ftypes[8]='text';}(jQuery));var $mcj = jQuery.noConflict(true);<\/script><\/div>\r\n<\/div><label style=\"display: none !important;\">Ha \u00d6n ember, hagyja \u00fcresen ezt a mez\u0151t: <input type=\"text\" name=\"_mc4wp_honeypot\" value=\"\" tabindex=\"-1\" autocomplete=\"off\" \/><\/label><input type=\"hidden\" name=\"_mc4wp_timestamp\" value=\"1778780681\" \/><input type=\"hidden\" name=\"_mc4wp_form_id\" value=\"417\" \/><input type=\"hidden\" name=\"_mc4wp_form_element_id\" value=\"mc4wp-form-1\" \/><div class=\"mc4wp-response\"><\/div><\/form><!-- \/ Mailchimp for WordPress Plugin --><\/p>\n<\/div><\/div><\/div><\/div><\/div>","protected":false},"excerpt":{"rendered":"<p>Halad\u00f3 Python \u00e9s Django webfejleszt\u0151 k\u00e9pz\u00e9s M\u00e1r rendelkezel programoz\u00e1si alapismeretekkel?<\/p>\n","protected":false},"author":1,"featured_media":0,"parent":0,"menu_order":0,"comment_status":"closed","ping_status":"closed","template":"","meta":{"footnotes":""},"class_list":["post-893","page","type-page","status-publish","hentry"],"_links":{"self":[{"href":"https:\/\/www.daregio.hu\/index.php\/wp-json\/wp\/v2\/pages\/893"}],"collection":[{"href":"https:\/\/www.daregio.hu\/index.php\/wp-json\/wp\/v2\/pages"}],"about":[{"href":"https:\/\/www.daregio.hu\/index.php\/wp-json\/wp\/v2\/types\/page"}],"author":[{"embeddable":true,"href":"https:\/\/www.daregio.hu\/index.php\/wp-json\/wp\/v2\/users\/1"}],"replies":[{"embeddable":true,"href":"https:\/\/www.daregio.hu\/index.php\/wp-json\/wp\/v2\/comments?post=893"}],"version-history":[{"count":15,"href":"https:\/\/www.daregio.hu\/index.php\/wp-json\/wp\/v2\/pages\/893\/revisions"}],"predecessor-version":[{"id":896,"href":"https:\/\/www.daregio.hu\/index.php\/wp-json\/wp\/v2\/pages\/893\/revisions\/896"}],"wp:attachment":[{"href":"https:\/\/www.daregio.hu\/index.php\/wp-json\/wp\/v2\/media?parent=893"}],"curies":[{"name":"wp","href":"https:\/\/api.w.org\/{rel}","templated":true}]}}