{"id":935,"date":"2025-09-26T06:21:20","date_gmt":"2025-09-26T04:21:20","guid":{"rendered":"https:\/\/www.daregio.hu\/?page_id=935"},"modified":"2025-12-03T05:50:51","modified_gmt":"2025-12-03T04:50:51","slug":"blog","status":"publish","type":"page","link":"https:\/\/www.daregio.hu\/index.php\/blog\/","title":{"rendered":"Blog"},"content":{"rendered":"<div id=\"pl-935\"  class=\"panel-layout\" ><div id=\"pg-935-0\"  class=\"panel-grid panel-no-style\" ><div id=\"pgc-935-0-0\"  class=\"panel-grid-cell\" ><div id=\"panel-935-0-0-0\" class=\"so-panel widget widget_sow-editor panel-first-child panel-last-child\" data-index=\"0\" ><div\n\t\t\t\n\t\t\tclass=\"so-widget-sow-editor so-widget-sow-editor-base\"\n\t\t\t\n\t\t>\n<div class=\"siteorigin-widget-tinymce textwidget\">\n\t<h2 style=\"text-align: center;\">BLOG<\/h2>\n<\/div>\n<\/div><\/div><\/div><\/div><div id=\"pg-935-1\"  class=\"panel-grid panel-no-style\" ><div id=\"pgc-935-1-0\"  class=\"panel-grid-cell\" ><div id=\"panel-935-1-0-0\" class=\"so-panel widget widget_sow-image panel-first-child panel-last-child\" data-index=\"1\" ><div\n\t\t\t\n\t\t\tclass=\"so-widget-sow-image so-widget-sow-image-default-8b5b6f678277-935\"\n\t\t\t\n\t\t>\n\n<div class=\"sow-image-container\">\n\t\t<img decoding=\"async\" src=\"https:\/\/www.daregio.hu\/wp-content\/uploads\/2024\/10\/app-300x300.jpg\" width=\"300\" height=\"300\" srcset=\"https:\/\/www.daregio.hu\/wp-content\/uploads\/2024\/10\/app-300x300.jpg 300w, https:\/\/www.daregio.hu\/wp-content\/uploads\/2024\/10\/app-150x150.jpg 150w, https:\/\/www.daregio.hu\/wp-content\/uploads\/2024\/10\/app-768x771.jpg 768w, https:\/\/www.daregio.hu\/wp-content\/uploads\/2024\/10\/app-765x768.jpg 765w, https:\/\/www.daregio.hu\/wp-content\/uploads\/2024\/10\/app-375x375.jpg 375w, https:\/\/www.daregio.hu\/wp-content\/uploads\/2024\/10\/app-216x216.jpg 216w, https:\/\/www.daregio.hu\/wp-content\/uploads\/2024\/10\/app.jpg 920w\" sizes=\"(max-width: 300px) 100vw, 300px\" title=\"online, D-A Pro Regio Kft., webdesign, webprogramoz\u00e1s, irodai alkalmaz\u00e1sok, , androidos telefonos alkalmaz\u00e1s, mobil app k\u00e9sz\u00edt\u00e9s\" alt=\"\" \t\tclass=\"so-widget-image\"\/>\n\t<\/div>\n\n<\/div><\/div><\/div><div id=\"pgc-935-1-1\"  class=\"panel-grid-cell\" ><div id=\"panel-935-1-1-0\" class=\"so-panel widget widget_sow-image panel-first-child panel-last-child\" data-index=\"2\" ><div\n\t\t\t\n\t\t\tclass=\"so-widget-sow-image so-widget-sow-image-default-8b5b6f678277-935\"\n\t\t\t\n\t\t>\n\n<div class=\"sow-image-container\">\n\t\t<img decoding=\"async\" src=\"https:\/\/www.daregio.hu\/wp-content\/uploads\/2025\/10\/Batyus-Jotekonysagi-Citeras-Bal-300x300.jpg\" width=\"300\" height=\"300\" srcset=\"https:\/\/www.daregio.hu\/wp-content\/uploads\/2025\/10\/Batyus-Jotekonysagi-Citeras-Bal-300x300.jpg 300w, https:\/\/www.daregio.hu\/wp-content\/uploads\/2025\/10\/Batyus-Jotekonysagi-Citeras-Bal-1024x1024.jpg 1024w, https:\/\/www.daregio.hu\/wp-content\/uploads\/2025\/10\/Batyus-Jotekonysagi-Citeras-Bal-150x150.jpg 150w, https:\/\/www.daregio.hu\/wp-content\/uploads\/2025\/10\/Batyus-Jotekonysagi-Citeras-Bal-768x768.jpg 768w, https:\/\/www.daregio.hu\/wp-content\/uploads\/2025\/10\/Batyus-Jotekonysagi-Citeras-Bal-375x375.jpg 375w, https:\/\/www.daregio.hu\/wp-content\/uploads\/2025\/10\/Batyus-Jotekonysagi-Citeras-Bal-216x216.jpg 216w, https:\/\/www.daregio.hu\/wp-content\/uploads\/2025\/10\/Batyus-Jotekonysagi-Citeras-Bal.jpg 1200w\" sizes=\"(max-width: 300px) 100vw, 300px\" title=\"Batyus J\u00f3t\u00e9konys\u00e1gi Citer\u00e1s B\u00e1l\" alt=\"\u00e9leten \u00e1t tart\u00f3 tanul\u00e1s\" \t\tclass=\"so-widget-image\"\/>\n\t<\/div>\n\n<\/div><\/div><\/div><div id=\"pgc-935-1-2\"  class=\"panel-grid-cell\" ><div id=\"panel-935-1-2-0\" class=\"so-panel widget widget_sow-image panel-first-child panel-last-child\" data-index=\"3\" ><div\n\t\t\t\n\t\t\tclass=\"so-widget-sow-image so-widget-sow-image-default-8b5b6f678277-935\"\n\t\t\t\n\t\t>\n\n<div class=\"sow-image-container\">\n\t\t<img decoding=\"async\" src=\"https:\/\/www.daregio.hu\/wp-content\/uploads\/2025\/09\/daregio.hu-1-300x300.jpg\" width=\"300\" height=\"300\" srcset=\"https:\/\/www.daregio.hu\/wp-content\/uploads\/2025\/09\/daregio.hu-1-300x300.jpg 300w, https:\/\/www.daregio.hu\/wp-content\/uploads\/2025\/09\/daregio.hu-1-1024x1024.jpg 1024w, https:\/\/www.daregio.hu\/wp-content\/uploads\/2025\/09\/daregio.hu-1-150x150.jpg 150w, https:\/\/www.daregio.hu\/wp-content\/uploads\/2025\/09\/daregio.hu-1-768x768.jpg 768w, https:\/\/www.daregio.hu\/wp-content\/uploads\/2025\/09\/daregio.hu-1-375x375.jpg 375w, https:\/\/www.daregio.hu\/wp-content\/uploads\/2025\/09\/daregio.hu-1-216x216.jpg 216w, https:\/\/www.daregio.hu\/wp-content\/uploads\/2025\/09\/daregio.hu-1.jpg 1200w\" sizes=\"(max-width: 300px) 100vw, 300px\" title=\"programoz\u00e1s D-A Pro Regio\" alt=\"\" \t\tclass=\"so-widget-image\"\/>\n\t<\/div>\n\n<\/div><\/div><\/div><\/div><div id=\"pg-935-2\"  class=\"panel-grid panel-no-style\" ><div id=\"pgc-935-2-0\"  class=\"panel-grid-cell\" ><div id=\"panel-935-2-0-0\" class=\"so-panel widget widget_sow-editor panel-first-child panel-last-child\" data-index=\"4\" ><div\n\t\t\t\n\t\t\tclass=\"so-widget-sow-editor so-widget-sow-editor-base\"\n\t\t\t\n\t\t>\n<div class=\"siteorigin-widget-tinymce textwidget\">\n\t<p><strong>Pyton\u00a0\u00e9s a mesters\u00e9ges intelligencia-kulcs a\u00a0sikerhez!<\/strong><\/p>\n<p data-start=\"248\" data-end=\"301\">A mesters\u00e9ges intelligencia ma m\u00e1r nem csup\u00e1n a kutat\u00f3laborokban van jelen, hanem a mindennapjaink r\u00e9sze. Okostelefonok, online szolg\u00e1ltat\u00e1sok, \u00f6nvezet\u0151 aut\u00f3k \u2013 mind m\u00f6g\u00f6tt ott \u00e1ll az MI ereje. De hogyan \u00e9rthetj\u00fck meg \u00e9s haszn\u00e1lhatjuk ki ezt a technol\u00f3gi\u00e1t? A v\u00e1lasz egyszer\u0171: tanul\u00e1ssal \u00e9s gyakorlattal.<\/p>\n<\/div>\n<\/div><\/div><\/div><div id=\"pgc-935-2-1\"  class=\"panel-grid-cell\" ><div id=\"panel-935-2-1-0\" class=\"so-panel widget widget_sow-editor panel-first-child panel-last-child\" data-index=\"5\" ><div\n\t\t\t\n\t\t\tclass=\"so-widget-sow-editor so-widget-sow-editor-base\"\n\t\t\t\n\t\t>\n<div class=\"siteorigin-widget-tinymce textwidget\">\n\t<p><strong>\u00a0Online tanul\u00e1s az informatik\u00e1ban \u2013 hogyan hozd ki bel\u0151le a legt\u00f6bbet?<\/strong><\/p>\n<p data-start=\"248\" data-end=\"301\">Az informatikai tud\u00e1s napjaink egyik leg\u00e9rt\u00e9kesebb befektet\u00e9se \u2013 ak\u00e1r karrierv\u00e1lt\u00e1sr\u00f3l, ak\u00e1r szakmai fejl\u0151d\u00e9sr\u0151l van sz\u00f3. Sokan azonban tartanak att\u00f3l, hogy online form\u00e1ban nem lehet hat\u00e9konyan tanulni, pedig a tapasztalatok azt mutatj\u00e1k: a digit\u00e1lis oktat\u00e1s nemcsak m\u0171k\u00f6dik, hanem rengeteg el\u0151nyt is k\u00edn\u00e1l.<\/p>\n<\/div>\n<\/div><\/div><\/div><div id=\"pgc-935-2-2\"  class=\"panel-grid-cell\" ><div id=\"panel-935-2-2-0\" class=\"so-panel widget widget_sow-editor panel-first-child panel-last-child\" data-index=\"6\" ><div\n\t\t\t\n\t\t\tclass=\"so-widget-sow-editor so-widget-sow-editor-base\"\n\t\t\t\n\t\t>\n<div class=\"siteorigin-widget-tinymce textwidget\">\n\t<p data-start=\"248\" data-end=\"301\"><strong>Mi\u00e9rt \u00e9rdemes Python\/Django webfejleszt\u00e9st tanulni?<\/strong><\/p>\n<p data-start=\"303\" data-end=\"678\">A digit\u00e1lis vil\u00e1g egyre gyorsabban fejl\u0151dik, a c\u00e9gek \u00e9s szervezetek pedig folyamatosan keresik a j\u00f3l k\u00e9pzett webfejleszt\u0151ket. Ha valaha gondolkodt\u00e1l azon, hogy belev\u00e1gj a programoz\u00e1sba, a <strong data-start=\"491\" data-end=\"527\">Python \u00e9s a Django keretrendszer<\/strong> t\u00f6k\u00e9letes v\u00e1laszt\u00e1s. De mi\u00e9rt is \u00e9rdemes ebbe az ir\u00e1nyba indulni, \u00e9s hogyan seg\u00edthet ebben egy <strong data-start=\"623\" data-end=\"675\">online k\u00e9pz\u00e9s a D-A Pro Regio Kft. szervez\u00e9s\u00e9ben<\/strong>?<\/p>\n<\/div>\n<\/div><\/div><\/div><\/div><div id=\"pg-935-3\"  class=\"panel-grid panel-no-style\" ><div id=\"pgc-935-3-0\"  class=\"panel-grid-cell\" ><div id=\"panel-935-3-0-0\" class=\"so-panel widget widget_sow-button panel-first-child panel-last-child\" data-index=\"7\" ><div\n\t\t\t\n\t\t\tclass=\"so-widget-sow-button so-widget-sow-button-flat-e15b8c79b214-935\"\n\t\t\t\n\t\t><div class=\"ow-button-base ow-button-align-center\">\n\t\t\t<a\n\t\t\t\t\thref=\"https:\/\/www.daregio.hu\/index.php\/pyton-es-a-mesterseges-intelligencia-kulcs-a-sikerhez\/\"\n\t\t\t\t\tclass=\"sowb-button ow-icon-placement-left ow-button-hover\" \t>\n\t\t<span>\n\t\t\t\n\t\t\tTov\u00e1bb olvasom\t\t<\/span>\n\t\t\t<\/a>\n\t<\/div>\n<\/div><\/div><\/div><div id=\"pgc-935-3-1\"  class=\"panel-grid-cell\" ><div id=\"panel-935-3-1-0\" class=\"so-panel widget widget_sow-button panel-first-child panel-last-child\" data-index=\"8\" ><div\n\t\t\t\n\t\t\tclass=\"so-widget-sow-button so-widget-sow-button-flat-e15b8c79b214-935\"\n\t\t\t\n\t\t><div class=\"ow-button-base ow-button-align-center\">\n\t\t\t<a\n\t\t\t\t\thref=\"https:\/\/www.daregio.hu\/index.php\/online-tanulas-az-informatikaban\/\"\n\t\t\t\t\tclass=\"sowb-button ow-icon-placement-left ow-button-hover\" \t>\n\t\t<span>\n\t\t\t\n\t\t\tTov\u00e1bb olvasom\t\t<\/span>\n\t\t\t<\/a>\n\t<\/div>\n<\/div><\/div><\/div><div id=\"pgc-935-3-2\"  class=\"panel-grid-cell\" ><div id=\"panel-935-3-2-0\" class=\"so-panel widget widget_sow-button panel-first-child panel-last-child\" data-index=\"9\" ><div\n\t\t\t\n\t\t\tclass=\"so-widget-sow-button so-widget-sow-button-flat-e15b8c79b214-935\"\n\t\t\t\n\t\t><div class=\"ow-button-base ow-button-align-center\">\n\t\t\t<a\n\t\t\t\t\thref=\"https:\/\/www.daregio.hu\/index.php\/miert-erdemes-python\/\"\n\t\t\t\t\tclass=\"sowb-button ow-icon-placement-left ow-button-hover\" \t>\n\t\t<span>\n\t\t\t\n\t\t\tTov\u00e1bb olvasom\t\t<\/span>\n\t\t\t<\/a>\n\t<\/div>\n<\/div><\/div><\/div><\/div><div id=\"pg-935-4\"  class=\"panel-grid panel-has-style\" ><div class=\"panel-row-style panel-row-style-for-935-4\" ><div id=\"pgc-935-4-0\"  class=\"panel-grid-cell\" ><div id=\"panel-935-4-0-0\" class=\"so-panel widget widget_sow-image panel-first-child panel-last-child\" data-index=\"10\" ><div\n\t\t\t\n\t\t\tclass=\"so-widget-sow-image so-widget-sow-image-default-8b5b6f678277-935\"\n\t\t\t\n\t\t>\n\n<div class=\"sow-image-container\">\n\t\t<img decoding=\"async\" src=\"https:\/\/www.daregio.hu\/wp-content\/uploads\/2025\/09\/daregio.hu_-300x300.jpg\" width=\"300\" height=\"300\" srcset=\"https:\/\/www.daregio.hu\/wp-content\/uploads\/2025\/09\/daregio.hu_-300x300.jpg 300w, https:\/\/www.daregio.hu\/wp-content\/uploads\/2025\/09\/daregio.hu_-1024x1024.jpg 1024w, https:\/\/www.daregio.hu\/wp-content\/uploads\/2025\/09\/daregio.hu_-150x150.jpg 150w, https:\/\/www.daregio.hu\/wp-content\/uploads\/2025\/09\/daregio.hu_-768x768.jpg 768w, https:\/\/www.daregio.hu\/wp-content\/uploads\/2025\/09\/daregio.hu_-375x375.jpg 375w, https:\/\/www.daregio.hu\/wp-content\/uploads\/2025\/09\/daregio.hu_-216x216.jpg 216w, https:\/\/www.daregio.hu\/wp-content\/uploads\/2025\/09\/daregio.hu_.jpg 1200w\" sizes=\"(max-width: 300px) 100vw, 300px\" title=\"online k\u00e9pz\u00e9sek daregio\" alt=\"\" \t\tclass=\"so-widget-image\"\/>\n\t<\/div>\n\n<\/div><\/div><\/div><div id=\"pgc-935-4-1\"  class=\"panel-grid-cell panel-grid-cell-mobile-last\" ><div id=\"panel-935-4-1-0\" class=\"so-panel widget widget_sow-image panel-first-child panel-last-child\" data-index=\"11\" ><div\n\t\t\t\n\t\t\tclass=\"so-widget-sow-image so-widget-sow-image-default-8b5b6f678277-935\"\n\t\t\t\n\t\t>\n\n<div class=\"sow-image-container\">\n\t\t<img decoding=\"async\" src=\"https:\/\/www.daregio.hu\/wp-content\/uploads\/2025\/10\/Nevtelen-terv-8-300x300.jpg\" width=\"300\" height=\"300\" srcset=\"https:\/\/www.daregio.hu\/wp-content\/uploads\/2025\/10\/Nevtelen-terv-8-300x300.jpg 300w, https:\/\/www.daregio.hu\/wp-content\/uploads\/2025\/10\/Nevtelen-terv-8-150x150.jpg 150w, https:\/\/www.daregio.hu\/wp-content\/uploads\/2025\/10\/Nevtelen-terv-8-768x768.jpg 768w, https:\/\/www.daregio.hu\/wp-content\/uploads\/2025\/10\/Nevtelen-terv-8-375x375.jpg 375w, https:\/\/www.daregio.hu\/wp-content\/uploads\/2025\/10\/Nevtelen-terv-8-216x216.jpg 216w, https:\/\/www.daregio.hu\/wp-content\/uploads\/2025\/10\/Nevtelen-terv-8.jpg 1024w\" sizes=\"(max-width: 300px) 100vw, 300px\" title=\"N\u00e9vtelen terv (8)\" alt=\"online oktat\u00e1s\" \t\tclass=\"so-widget-image\"\/>\n\t<\/div>\n\n<\/div><\/div><\/div><div id=\"pgc-935-4-2\"  class=\"panel-grid-cell panel-grid-cell-empty\" ><\/div><\/div><\/div><div id=\"pg-935-5\"  class=\"panel-grid panel-no-style\" ><div id=\"pgc-935-5-0\"  class=\"panel-grid-cell\" ><div id=\"panel-935-5-0-0\" class=\"so-panel widget widget_sow-editor panel-first-child panel-last-child\" data-index=\"12\" ><div\n\t\t\t\n\t\t\tclass=\"so-widget-sow-editor so-widget-sow-editor-base\"\n\t\t\t\n\t\t>\n<div class=\"siteorigin-widget-tinymce textwidget\">\n\t<p><strong>Az \u00e9lethosszig tart\u00f3 tanul\u00e1s az informatik\u00e1ban \u2013 mi\u00e9rt nem \u00e1llhatunk meg?<\/strong><\/p>\n<p>Az informatika vil\u00e1ga hihetetlen\u00fcl gyorsan fejl\u0151dik. Ami ma \u00fajdons\u00e1g, az holnapra elavultt\u00e1 v\u00e1lhat, \u00e9s ami ma m\u00e9g csak kutat\u00e1s-fejleszt\u00e9s szintj\u00e9n van, az n\u00e9h\u00e1ny \u00e9ven bel\u00fcl ipar\u00e1gi sztenderdd\u00e9 n\u0151heti ki mag\u00e1t. \u00c9ppen ez\u00e9rt az informatikai szakemberek sz\u00e1m\u00e1ra az <strong>\u00e9lethosszig tart\u00f3 tanul\u00e1s<\/strong> nemcsak lehet\u0151s\u00e9g, hanem alapvet\u0151 sz\u00fcks\u00e9glet.<\/p>\n<\/div>\n<\/div><\/div><\/div><div id=\"pgc-935-5-1\"  class=\"panel-grid-cell panel-grid-cell-mobile-last\" ><div id=\"panel-935-5-1-0\" class=\"so-panel widget widget_sow-editor panel-first-child panel-last-child\" data-index=\"13\" ><div\n\t\t\t\n\t\t\tclass=\"so-widget-sow-editor so-widget-sow-editor-base\"\n\t\t\t\n\t\t>\n<div class=\"siteorigin-widget-tinymce textwidget\">\n\t<p><strong>Karrierv\u00e1lt\u00e1s 30 felett \u2013 hogyan seg\u00edthet az online informatikai k\u00e9pz\u00e9s?<\/strong><\/p>\n<p>Egyre t\u00f6bben \u00e9rzik \u00fagy, hogy 30 \u00e9ves kor ut\u00e1n elj\u00f6tt az id\u0151 a v\u00e1lt\u00e1sra. A munkaer\u0151piac folyamatosan v\u00e1ltozik, \u00faj szakm\u00e1k sz\u00fcletnek, \u00e9s a digit\u00e1lis vil\u00e1g rengeteg lehet\u0151s\u00e9get k\u00edn\u00e1l azoknak, akik k\u00e9szek tanulni \u00e9s fejl\u0151dni. De vajon nem k\u00e9s\u0151 m\u00e1r 30 felett \u00faj karrierbe kezdeni?<\/p>\n<p>&nbsp;<\/p>\n<p data-start=\"248\" data-end=\"301\">\n<\/div>\n<\/div><\/div><\/div><div id=\"pgc-935-5-2\"  class=\"panel-grid-cell panel-grid-cell-empty\" ><\/div><\/div><div id=\"pg-935-6\"  class=\"panel-grid panel-no-style\" ><div id=\"pgc-935-6-0\"  class=\"panel-grid-cell\" ><div id=\"panel-935-6-0-0\" class=\"so-panel widget widget_sow-button panel-first-child panel-last-child\" data-index=\"14\" ><div\n\t\t\t\n\t\t\tclass=\"so-widget-sow-button so-widget-sow-button-flat-e15b8c79b214-935\"\n\t\t\t\n\t\t><div class=\"ow-button-base ow-button-align-center\">\n\t\t\t<a\n\t\t\t\t\thref=\"https:\/\/www.daregio.hu\/index.php\/elethosszig-tarto-tanulas\/\"\n\t\t\t\t\tclass=\"sowb-button ow-icon-placement-left ow-button-hover\" \t>\n\t\t<span>\n\t\t\t\n\t\t\tTov\u00e1bb olvasom\t\t<\/span>\n\t\t\t<\/a>\n\t<\/div>\n<\/div><\/div><\/div><div id=\"pgc-935-6-1\"  class=\"panel-grid-cell panel-grid-cell-mobile-last\" ><div id=\"panel-935-6-1-0\" class=\"so-panel widget widget_sow-button panel-first-child panel-last-child\" data-index=\"15\" ><div\n\t\t\t\n\t\t\tclass=\"so-widget-sow-button so-widget-sow-button-flat-e15b8c79b214-935\"\n\t\t\t\n\t\t><div class=\"ow-button-base ow-button-align-center\">\n\t\t\t<a\n\t\t\t\t\thref=\"https:\/\/www.daregio.hu\/index.php\/karrier\/\"\n\t\t\t\t\tclass=\"sowb-button ow-icon-placement-left ow-button-hover\" \t>\n\t\t<span>\n\t\t\t\n\t\t\tTov\u00e1bb olvasom\t\t<\/span>\n\t\t\t<\/a>\n\t<\/div>\n<\/div><\/div><\/div><div id=\"pgc-935-6-2\"  class=\"panel-grid-cell panel-grid-cell-empty\" ><\/div><\/div><\/div>","protected":false},"excerpt":{"rendered":"<p>BLOG<\/p>\n","protected":false},"author":1,"featured_media":0,"parent":0,"menu_order":0,"comment_status":"closed","ping_status":"closed","template":"","meta":{"footnotes":""},"class_list":["post-935","page","type-page","status-publish","hentry"],"_links":{"self":[{"href":"https:\/\/www.daregio.hu\/index.php\/wp-json\/wp\/v2\/pages\/935"}],"collection":[{"href":"https:\/\/www.daregio.hu\/index.php\/wp-json\/wp\/v2\/pages"}],"about":[{"href":"https:\/\/www.daregio.hu\/index.php\/wp-json\/wp\/v2\/types\/page"}],"author":[{"embeddable":true,"href":"https:\/\/www.daregio.hu\/index.php\/wp-json\/wp\/v2\/users\/1"}],"replies":[{"embeddable":true,"href":"https:\/\/www.daregio.hu\/index.php\/wp-json\/wp\/v2\/comments?post=935"}],"version-history":[{"count":20,"href":"https:\/\/www.daregio.hu\/index.php\/wp-json\/wp\/v2\/pages\/935\/revisions"}],"predecessor-version":[{"id":939,"href":"https:\/\/www.daregio.hu\/index.php\/wp-json\/wp\/v2\/pages\/935\/revisions\/939"}],"wp:attachment":[{"href":"https:\/\/www.daregio.hu\/index.php\/wp-json\/wp\/v2\/media?parent=935"}],"curies":[{"name":"wp","href":"https:\/\/api.w.org\/{rel}","templated":true}]}}