{"id":941,"date":"2025-09-26T06:35:59","date_gmt":"2025-09-26T04:35:59","guid":{"rendered":"https:\/\/www.daregio.hu\/?page_id=941"},"modified":"2025-09-28T18:36:42","modified_gmt":"2025-09-28T16:36:42","slug":"miert-erdemes-python","status":"publish","type":"page","link":"https:\/\/www.daregio.hu\/index.php\/miert-erdemes-python\/","title":{"rendered":"Mi\u00e9rt \u00e9rdemes Python"},"content":{"rendered":"<div id=\"pl-941\"  class=\"panel-layout\" ><div id=\"pg-941-0\"  class=\"panel-grid panel-no-style\" ><div id=\"pgc-941-0-0\"  class=\"panel-grid-cell\" ><div id=\"panel-941-0-0-0\" class=\"so-panel widget widget_sow-image panel-first-child panel-last-child\" data-index=\"0\" ><div class=\"panel-widget-style panel-widget-style-for-941-0-0-0\" ><div\n\t\t\t\n\t\t\tclass=\"so-widget-sow-image so-widget-sow-image-default-8b5b6f678277-941\"\n\t\t\t\n\t\t>\n\n<div class=\"sow-image-container\">\n\t\t<img decoding=\"async\" src=\"https:\/\/www.daregio.hu\/wp-content\/uploads\/2025\/09\/source-4280758_1280.jpg\" width=\"1280\" height=\"853\" srcset=\"https:\/\/www.daregio.hu\/wp-content\/uploads\/2025\/09\/source-4280758_1280.jpg 1280w, https:\/\/www.daregio.hu\/wp-content\/uploads\/2025\/09\/source-4280758_1280-300x200.jpg 300w, https:\/\/www.daregio.hu\/wp-content\/uploads\/2025\/09\/source-4280758_1280-1024x682.jpg 1024w, https:\/\/www.daregio.hu\/wp-content\/uploads\/2025\/09\/source-4280758_1280-768x512.jpg 768w, https:\/\/www.daregio.hu\/wp-content\/uploads\/2025\/09\/source-4280758_1280-272x182.jpg 272w, https:\/\/www.daregio.hu\/wp-content\/uploads\/2025\/09\/source-4280758_1280-720x480.jpg 720w\" sizes=\"(max-width: 1280px) 100vw, 1280px\" title=\"python halad\u00f3 k\u00e9pz\u00e9s\" alt=\"\" \t\tclass=\"so-widget-image\"\/>\n\t<\/div>\n\n<\/div><\/div><\/div><\/div><div id=\"pgc-941-0-1\"  class=\"panel-grid-cell\" ><div id=\"panel-941-0-1-0\" class=\"so-panel widget widget_sow-editor panel-first-child panel-last-child\" data-index=\"1\" ><div class=\"panel-widget-style panel-widget-style-for-941-0-1-0\" ><div\n\t\t\t\n\t\t\tclass=\"so-widget-sow-editor so-widget-sow-editor-base\"\n\t\t\t\n\t\t>\n<div class=\"siteorigin-widget-tinymce textwidget\">\n\t<h2>Mi\u00e9rt \u00e9rdemes Python\/Django webfejleszt\u00e9st tanulni?<\/h2>\n<\/div>\n<\/div><\/div><\/div><\/div><\/div><div id=\"pg-941-1\"  class=\"panel-grid panel-no-style\" ><div id=\"pgc-941-1-0\"  class=\"panel-grid-cell\" ><div id=\"panel-941-1-0-0\" class=\"so-panel widget widget_sow-editor panel-first-child panel-last-child\" data-index=\"2\" ><div\n\t\t\t\n\t\t\tclass=\"so-widget-sow-editor so-widget-sow-editor-base\"\n\t\t\t\n\t\t>\n<div class=\"siteorigin-widget-tinymce textwidget\">\n\t<h3 data-start=\"680\" data-end=\"730\">1. A Python az egyik legn\u00e9pszer\u0171bb programnyelv<\/h3>\n<p data-start=\"731\" data-end=\"870\">A Python az egyszer\u0171s\u00e9g\u00e9r\u0151l, olvashat\u00f3s\u00e1g\u00e1r\u00f3l \u00e9s sokoldal\u00fas\u00e1g\u00e1r\u00f3l ismert. Nem v\u00e9letlen\u00fcl haszn\u00e1lj\u00e1k kezd\u0151k \u00e9s halad\u00f3 fejleszt\u0151k egyar\u00e1nt.<\/p>\n<ul data-start=\"871\" data-end=\"1072\">\n<li data-start=\"871\" data-end=\"913\">\n<p data-start=\"873\" data-end=\"913\">K\u00f6nnyen tanulhat\u00f3, logikus fel\u00e9p\u00edt\u00e9s\u0171.<\/p>\n<\/li>\n<li data-start=\"914\" data-end=\"1015\">\n<p data-start=\"916\" data-end=\"1015\">Sz\u00e9les k\u00f6rben alkalmazhat\u00f3: webfejleszt\u00e9s, adatkezel\u00e9s, mesters\u00e9ges intelligencia, automatiz\u00e1l\u00e1s.<\/p>\n<\/li>\n<li data-start=\"1016\" data-end=\"1072\">\n<p data-start=\"1018\" data-end=\"1072\">A munkaer\u0151piacon \u00f3ri\u00e1si a kereslet a Python-tud\u00e1sra.<\/p>\n<\/li>\n<\/ul>\n<h3 data-start=\"1074\" data-end=\"1117\">2. Django: a profi webfejleszt\u00e9s eszk\u00f6ze<\/h3>\n<p data-start=\"1118\" data-end=\"1297\">A Pythonhoz tartoz\u00f3 <strong data-start=\"1138\" data-end=\"1162\">Django keretrendszer<\/strong> vil\u00e1gszerte ismert a stabilit\u00e1s\u00e1r\u00f3l \u00e9s a biztons\u00e1g\u00e1r\u00f3l. A legnagyobb weboldalak \u00e9s alkalmaz\u00e1sok (p\u00e9ld\u00e1ul Instagram) is erre \u00e9p\u00fclnek.<\/p>\n<ul data-start=\"1298\" data-end=\"1445\">\n<li data-start=\"1298\" data-end=\"1334\">\n<p data-start=\"1300\" data-end=\"1334\">Gyors fejleszt\u00e9st tesz lehet\u0151v\u00e9.<\/p>\n<\/li>\n<li data-start=\"1335\" data-end=\"1384\">\n<p data-start=\"1337\" data-end=\"1384\">Be\u00e9p\u00edtett biztons\u00e1gi funkci\u00f3kkal rendelkezik.<\/p>\n<\/li>\n<li data-start=\"1385\" data-end=\"1445\">\n<p data-start=\"1387\" data-end=\"1445\">Ide\u00e1lis modern, sk\u00e1l\u00e1zhat\u00f3 webalkalmaz\u00e1sok k\u00e9sz\u00edt\u00e9s\u00e9hez.<\/p>\n<\/li>\n<\/ul>\n<h3 data-start=\"1447\" data-end=\"1483\">3. Mi\u00e9rt v\u00e1lassz online oktat\u00e1st?<\/h3>\n<p data-start=\"1484\" data-end=\"1761\">A <strong data-start=\"1486\" data-end=\"1524\">D-A Pro Regio Kft. online k\u00e9pz\u00e9sei<\/strong> rugalmasak, b\u00e1rhonnan el\u00e9rhet\u0151k, \u00e9s munka vagy tanul\u00e1s mellett is k\u00f6nnyen beilleszthet\u0151k a mindennapokba. Az interakt\u00edv \u00f3r\u00e1k \u00e9s a mentori t\u00e1mogat\u00e1s garant\u00e1lj\u00e1k, hogy ne csak elm\u00e9letben, hanem gyakorlatban is magabiztos tud\u00e1st szerezz.<\/p>\n<h3 data-start=\"1763\" data-end=\"1809\">4. Mit k\u00edn\u00e1l a halad\u00f3 Python\/Django k\u00e9pz\u00e9s?<\/h3>\n<p data-start=\"1810\" data-end=\"2029\">A <strong data-start=\"1812\" data-end=\"1834\">D-A Pro Regio Kft.<\/strong> 100 \u00f3r\u00e1s <strong data-start=\"1844\" data-end=\"1876\">online Python\/Django k\u00e9pz\u00e9se<\/strong> kifejezetten azoknak sz\u00f3l, akik m\u00e1r rendelkeznek programoz\u00e1si alapismerettel, \u00e9s szeretn\u00e9nek tov\u00e1bbl\u00e9pni a profi webfejleszt\u00e9s fel\u00e9.<br data-start=\"2009\" data-end=\"2012\" \/>A k\u00e9pz\u00e9s sor\u00e1n:<\/p>\n<ul data-start=\"2030\" data-end=\"2369\">\n<li data-start=\"2030\" data-end=\"2096\">\n<p data-start=\"2032\" data-end=\"2096\">M\u00e9lyebben megismered a Python nyelvet \u00e9s a Django eszk\u00f6zt\u00e1r\u00e1t.<\/p>\n<\/li>\n<li data-start=\"2097\" data-end=\"2158\">\n<p data-start=\"2099\" data-end=\"2158\">Megtanulsz adatb\u00e1zisokat kezelni SQL \u00e9s ORM seg\u00edts\u00e9g\u00e9vel.<\/p>\n<\/li>\n<li data-start=\"2159\" data-end=\"2227\">\n<p data-start=\"2161\" data-end=\"2227\">Felhaszn\u00e1l\u00f3kezel\u00e9s, jogosults\u00e1gok \u00e9s biztons\u00e1g lesz a f\u00f3kuszban.<\/p>\n<\/li>\n<li data-start=\"2228\" data-end=\"2287\">\n<p data-start=\"2230\" data-end=\"2287\">API-kat k\u00e9sz\u00edtesz a Django REST Framework seg\u00edts\u00e9g\u00e9vel.<\/p>\n<\/li>\n<li data-start=\"2288\" data-end=\"2369\">\n<p data-start=\"2290\" data-end=\"2369\">Val\u00f3s projektekben dolgozol, \u00edgy a v\u00e9g\u00e9re egy saj\u00e1t portf\u00f3li\u00f3val rendelkezel.<\/p>\n<\/li>\n<\/ul>\n<h3 data-start=\"2371\" data-end=\"2395\">5. Karrierlehet\u0151s\u00e9gek<\/h3>\n<p data-start=\"2396\" data-end=\"2655\">A tanfolyam ut\u00e1n k\u00e9pes leszel <strong data-start=\"2426\" data-end=\"2485\">\u00f6n\u00e1ll\u00f3an modern, min\u0151s\u00e9gi webalkalmaz\u00e1sokat fejleszteni<\/strong>, amire a munkaer\u0151piacon \u00f3ri\u00e1si az ig\u00e9ny. Ak\u00e1r karrierv\u00e1lt\u00e1sban gondolkodsz, ak\u00e1r a megl\u00e9v\u0151 tud\u00e1sodat szeretn\u00e9d b\u0151v\u00edteni, a Python \u00e9s Django stabil alapot ad a j\u00f6v\u0151dre.<\/p>\n<hr data-start=\"2657\" data-end=\"2660\" \/>\n<h3 data-start=\"2662\" data-end=\"2699\">K\u00e9szen \u00e1llsz a szintl\u00e9p\u00e9sre?<\/h3>\n<p data-start=\"2700\" data-end=\"2823\">Csatlakozz a <strong data-start=\"2713\" data-end=\"2767\">D-A Pro Regio Kft. online Python\/Django k\u00e9pz\u00e9s\u00e9hez<\/strong>, \u00e9s \u00e9p\u00edtsd fel a karriered a webfejleszt\u00e9s vil\u00e1g\u00e1ban!<\/p>\n<\/div>\n<\/div><\/div><\/div><\/div><div id=\"pg-941-2\"  class=\"panel-grid panel-no-style\" ><div id=\"pgc-941-2-0\"  class=\"panel-grid-cell\" ><div id=\"panel-941-2-0-0\" class=\"so-panel widget widget_sow-button panel-first-child panel-last-child\" data-index=\"3\" ><div\n\t\t\t\n\t\t\tclass=\"so-widget-sow-button so-widget-sow-button-flat-e15b8c79b214-941\"\n\t\t\t\n\t\t><div class=\"ow-button-base ow-button-align-center\">\n\t\t\t<a\n\t\t\t\t\thref=\"https:\/\/www.daregio.hu\/index.php\/python-halado\/\"\n\t\t\t\t\tclass=\"sowb-button ow-icon-placement-left ow-button-hover\" \t>\n\t\t<span>\n\t\t\t\n\t\t\tNe v\u00e1rj tov\u00e1bb jelentkezz m\u00e9g ma!\t\t<\/span>\n\t\t\t<\/a>\n\t<\/div>\n<\/div><\/div><\/div><\/div><\/div>","protected":false},"excerpt":{"rendered":"<p>Mi\u00e9rt \u00e9rdemes Python\/Django webfejleszt\u00e9st tanulni? 1. A Python az egyik legn\u00e9pszer\u0171bb programnyelv A Python az egyszer\u0171s\u00e9g\u00e9r\u0151l, olvashat\u00f3s\u00e1g\u00e1r\u00f3l \u00e9s sokoldal\u00fas\u00e1g\u00e1r\u00f3l ismert. Nem v\u00e9letlen\u00fcl haszn\u00e1lj\u00e1k kezd\u0151k \u00e9s&hellip;<\/p>\n","protected":false},"author":1,"featured_media":0,"parent":0,"menu_order":0,"comment_status":"closed","ping_status":"closed","template":"","meta":{"footnotes":""},"class_list":["post-941","page","type-page","status-publish","hentry"],"_links":{"self":[{"href":"https:\/\/www.daregio.hu\/index.php\/wp-json\/wp\/v2\/pages\/941"}],"collection":[{"href":"https:\/\/www.daregio.hu\/index.php\/wp-json\/wp\/v2\/pages"}],"about":[{"href":"https:\/\/www.daregio.hu\/index.php\/wp-json\/wp\/v2\/types\/page"}],"author":[{"embeddable":true,"href":"https:\/\/www.daregio.hu\/index.php\/wp-json\/wp\/v2\/users\/1"}],"replies":[{"embeddable":true,"href":"https:\/\/www.daregio.hu\/index.php\/wp-json\/wp\/v2\/comments?post=941"}],"version-history":[{"count":10,"href":"https:\/\/www.daregio.hu\/index.php\/wp-json\/wp\/v2\/pages\/941\/revisions"}],"predecessor-version":[{"id":943,"href":"https:\/\/www.daregio.hu\/index.php\/wp-json\/wp\/v2\/pages\/941\/revisions\/943"}],"wp:attachment":[{"href":"https:\/\/www.daregio.hu\/index.php\/wp-json\/wp\/v2\/media?parent=941"}],"curies":[{"name":"wp","href":"https:\/\/api.w.org\/{rel}","templated":true}]}}