{"id":96,"date":"2024-07-24T12:51:25","date_gmt":"2024-07-24T10:51:25","guid":{"rendered":"https:\/\/www.daregio.hu\/?page_id=96"},"modified":"2024-11-18T08:29:37","modified_gmt":"2024-11-18T07:29:37","slug":"moodle","status":"publish","type":"page","link":"https:\/\/www.daregio.hu\/index.php\/moodle\/","title":{"rendered":"Moodle"},"content":{"rendered":"<div id=\"pl-96\"  class=\"panel-layout\" ><div id=\"pg-96-0\"  class=\"panel-grid panel-no-style\" ><div id=\"pgc-96-0-0\"  class=\"panel-grid-cell\" ><div id=\"panel-96-0-0-0\" class=\"so-panel widget widget_black-studio-tinymce widget_black_studio_tinymce panel-first-child panel-last-child\" data-index=\"0\" ><div class=\"textwidget\"><div class=\"elementor-element elementor-element-7a75241 e-flex e-con-boxed e-con e-parent\" data-id=\"7a75241\" data-element_type=\"container\" data-settings=\"{&quot;content_width&quot;:&quot;boxed&quot;}\" data-core-v316-plus=\"true\">\n<div class=\"e-con-inner\">\n<div class=\"elementor-element elementor-element-439dab1 elementor-widget elementor-widget-text-editor\" data-id=\"439dab1\" data-element_type=\"widget\" data-widget_type=\"text-editor.default\">\n<div class=\"elementor-widget-container\">\n<p>\u00dcdv\u00f6zl\u00fcnk!<\/p>\n<p>Tan\u00e1raink online digit\u00e1lis \u00e9lm\u00e9nyt\u00e9rben oktatnak. Az al\u00e1bbi k\u00e9pre kattintva a bejelentkez\u00e9si k\u00e9perny\u0151j\u00e9re \u00e9rkezel, ahol regisztr\u00e1ci\u00f3 ut\u00e1n be tudsz l\u00e9pni \u00e9l\u0151 zoomos k\u00e9pz\u00e9sedre.<\/p><\/div>\n<\/div>\n<\/div>\n<\/div>\n<\/div><\/div><\/div><\/div><div id=\"pg-96-1\"  class=\"panel-grid panel-no-style\" ><div id=\"pgc-96-1-0\"  class=\"panel-grid-cell\" ><div id=\"panel-96-1-0-0\" class=\"so-panel widget widget_sow-image panel-first-child panel-last-child\" data-index=\"1\" ><div\n\t\t\t\n\t\t\tclass=\"so-widget-sow-image so-widget-sow-image-default-6ec9e3772f75-96\"\n\t\t\t\n\t\t>\n\n<div class=\"sow-image-container\">\n\t\t\t<a href=\"https:\/\/learning.likeall.hu\/\"\n\t\t\ttarget=\"_blank\" rel=\"noopener noreferrer\" \t\t>\n\t\t\t<img decoding=\"async\" src=\"https:\/\/www.daregio.hu\/wp-content\/uploads\/2024\/07\/Moodle-Logo.wine_-300x200.png\" width=\"300\" height=\"200\" srcset=\"https:\/\/www.daregio.hu\/wp-content\/uploads\/2024\/07\/Moodle-Logo.wine_-300x200.png 300w, https:\/\/www.daregio.hu\/wp-content\/uploads\/2024\/07\/Moodle-Logo.wine_-1024x683.png 1024w, https:\/\/www.daregio.hu\/wp-content\/uploads\/2024\/07\/Moodle-Logo.wine_-768x512.png 768w, https:\/\/www.daregio.hu\/wp-content\/uploads\/2024\/07\/Moodle-Logo.wine_-1536x1024.png 1536w, https:\/\/www.daregio.hu\/wp-content\/uploads\/2024\/07\/Moodle-Logo.wine_-2048x1365.png 2048w, https:\/\/www.daregio.hu\/wp-content\/uploads\/2024\/07\/Moodle-Logo.wine_-272x182.png 272w, https:\/\/www.daregio.hu\/wp-content\/uploads\/2024\/07\/Moodle-Logo.wine_.png 1920w\" sizes=\"(max-width: 300px) 100vw, 300px\" title=\"Moodle-Logo.wine\" alt=\"\" \t\tclass=\"so-widget-image\"\/>\n\t<\/a><\/div>\n\n<\/div><\/div><\/div><\/div><\/div>","protected":false},"excerpt":{"rendered":"<p>\u00dcdv\u00f6zl\u00fcnk! Tan\u00e1raink online digit\u00e1lis \u00e9lm\u00e9nyt\u00e9rben oktatnak. Az al\u00e1bbi k\u00e9pre kattintva a bejelentkez\u00e9si k\u00e9perny\u0151j\u00e9re \u00e9rkezel, ahol regisztr\u00e1ci\u00f3 ut\u00e1n be tudsz l\u00e9pni \u00e9l\u0151 zoomos k\u00e9pz\u00e9sedre.<\/p>\n","protected":false},"author":1,"featured_media":0,"parent":0,"menu_order":0,"comment_status":"closed","ping_status":"closed","template":"","meta":{"footnotes":""},"class_list":["post-96","page","type-page","status-publish","hentry"],"_links":{"self":[{"href":"https:\/\/www.daregio.hu\/index.php\/wp-json\/wp\/v2\/pages\/96"}],"collection":[{"href":"https:\/\/www.daregio.hu\/index.php\/wp-json\/wp\/v2\/pages"}],"about":[{"href":"https:\/\/www.daregio.hu\/index.php\/wp-json\/wp\/v2\/types\/page"}],"author":[{"embeddable":true,"href":"https:\/\/www.daregio.hu\/index.php\/wp-json\/wp\/v2\/users\/1"}],"replies":[{"embeddable":true,"href":"https:\/\/www.daregio.hu\/index.php\/wp-json\/wp\/v2\/comments?post=96"}],"version-history":[{"count":17,"href":"https:\/\/www.daregio.hu\/index.php\/wp-json\/wp\/v2\/pages\/96\/revisions"}],"predecessor-version":[{"id":598,"href":"https:\/\/www.daregio.hu\/index.php\/wp-json\/wp\/v2\/pages\/96\/revisions\/598"}],"wp:attachment":[{"href":"https:\/\/www.daregio.hu\/index.php\/wp-json\/wp\/v2\/media?parent=96"}],"curies":[{"name":"wp","href":"https:\/\/api.w.org\/{rel}","templated":true}]}}