{"id":979,"date":"2025-10-06T20:21:01","date_gmt":"2025-10-06T18:21:01","guid":{"rendered":"https:\/\/www.daregio.hu\/?page_id=979"},"modified":"2025-10-06T20:27:29","modified_gmt":"2025-10-06T18:27:29","slug":"online-tanulas-az-informatikaban","status":"publish","type":"page","link":"https:\/\/www.daregio.hu\/index.php\/online-tanulas-az-informatikaban\/","title":{"rendered":"Online tanul\u00e1s az informatik\u00e1ban"},"content":{"rendered":"<div id=\"pl-979\"  class=\"panel-layout\" ><div id=\"pg-979-0\"  class=\"panel-grid panel-no-style\" ><div id=\"pgc-979-0-0\"  class=\"panel-grid-cell\" ><div id=\"panel-979-0-0-0\" class=\"so-panel widget widget_sow-image panel-first-child panel-last-child\" data-index=\"0\" ><div\n\t\t\t\n\t\t\tclass=\"so-widget-sow-image so-widget-sow-image-default-8b5b6f678277-979\"\n\t\t\t\n\t\t>\n\n<div class=\"sow-image-container\">\n\t\t<img decoding=\"async\" src=\"https:\/\/www.daregio.hu\/wp-content\/uploads\/2025\/10\/Batyus-Jotekonysagi-Citeras-Bal.jpg\" width=\"1200\" height=\"1200\" srcset=\"https:\/\/www.daregio.hu\/wp-content\/uploads\/2025\/10\/Batyus-Jotekonysagi-Citeras-Bal.jpg 1200w, https:\/\/www.daregio.hu\/wp-content\/uploads\/2025\/10\/Batyus-Jotekonysagi-Citeras-Bal-300x300.jpg 300w, https:\/\/www.daregio.hu\/wp-content\/uploads\/2025\/10\/Batyus-Jotekonysagi-Citeras-Bal-1024x1024.jpg 1024w, https:\/\/www.daregio.hu\/wp-content\/uploads\/2025\/10\/Batyus-Jotekonysagi-Citeras-Bal-150x150.jpg 150w, https:\/\/www.daregio.hu\/wp-content\/uploads\/2025\/10\/Batyus-Jotekonysagi-Citeras-Bal-768x768.jpg 768w, https:\/\/www.daregio.hu\/wp-content\/uploads\/2025\/10\/Batyus-Jotekonysagi-Citeras-Bal-375x375.jpg 375w, https:\/\/www.daregio.hu\/wp-content\/uploads\/2025\/10\/Batyus-Jotekonysagi-Citeras-Bal-216x216.jpg 216w\" sizes=\"(max-width: 1200px) 100vw, 1200px\" title=\"Batyus J\u00f3t\u00e9konys\u00e1gi Citer\u00e1s B\u00e1l\" alt=\"\u00e9leten \u00e1t tart\u00f3 tanul\u00e1s\" \t\tclass=\"so-widget-image\"\/>\n\t<\/div>\n\n<\/div><\/div><\/div><div id=\"pgc-979-0-1\"  class=\"panel-grid-cell\" ><div id=\"panel-979-0-1-0\" class=\"so-panel widget widget_sow-editor panel-first-child panel-last-child\" data-index=\"1\" ><div class=\"panel-widget-style panel-widget-style-for-979-0-1-0\" ><div\n\t\t\t\n\t\t\tclass=\"so-widget-sow-editor so-widget-sow-editor-base\"\n\t\t\t\n\t\t>\n<div class=\"siteorigin-widget-tinymce textwidget\">\n\t<p><strong>\u00a0Online tanul\u00e1s az informatik\u00e1ban \u2013 hogyan hozd ki bel\u0151le a legt\u00f6bbet?<\/strong><\/p>\n<p>Az informatikai tud\u00e1s napjaink egyik leg\u00e9rt\u00e9kesebb befektet\u00e9se \u2013 ak\u00e1r karrierv\u00e1lt\u00e1sr\u00f3l, ak\u00e1r szakmai fejl\u0151d\u00e9sr\u0151l van sz\u00f3. Sokan azonban tartanak att\u00f3l, hogy online form\u00e1ban nem lehet hat\u00e9konyan tanulni, pedig a tapasztalatok azt mutatj\u00e1k: a digit\u00e1lis oktat\u00e1s nemcsak m\u0171k\u00f6dik, hanem rengeteg el\u0151nyt is k\u00edn\u00e1l.<\/p>\n<p>A <strong>D-A Pro Regio Kft.<\/strong> online informatikai k\u00e9pz\u00e9sei pontosan ezt bizony\u00edtj\u00e1k \u2013 struktur\u00e1lt tananyagokkal, szak\u00e9rt\u0151 oktat\u00f3kkal \u00e9s rugalmas tanul\u00e1si lehet\u0151s\u00e9gekkel.<\/p>\n<p>&nbsp;<\/p>\n<\/div>\n<\/div><\/div><\/div><\/div><\/div><div id=\"pg-979-1\"  class=\"panel-grid panel-no-style\" ><div id=\"pgc-979-1-0\"  class=\"panel-grid-cell\" ><div id=\"panel-979-1-0-0\" class=\"so-panel widget widget_sow-editor panel-first-child panel-last-child\" data-index=\"2\" ><div\n\t\t\t\n\t\t\tclass=\"so-widget-sow-editor so-widget-sow-editor-base\"\n\t\t\t\n\t\t>\n<div class=\"siteorigin-widget-tinymce textwidget\">\n\t<p><strong>Mi\u00e9rt \u00e9ri meg online tanulni?<\/strong><\/p>\n<p>Az online k\u00e9pz\u00e9s legnagyobb el\u0151nye a <strong>rugalmass\u00e1g<\/strong>. Nem kell utazni, nem kell fix id\u0151pontokhoz igazodni \u2013 te d\u00f6nt\u00f6d el, mikor \u00e9s milyen temp\u00f3ban haladsz. Ez k\u00fcl\u00f6n\u00f6sen fontos azoknak, akik munka vagy csal\u00e1d mellett szeretn\u00e9nek fejl\u0151dni.<\/p>\n<p>A D-A Pro Regio Kft. k\u00e9pz\u00e9sei \u00fagy vannak fel\u00e9p\u00edtve, hogy <strong>\u00f6n\u00e1ll\u00f3an is k\u00f6vethet\u0151k<\/strong>, de k\u00f6zben nem maradsz magadra: a tanul\u00f3k k\u00e9rdezhetnek, visszajelz\u00e9st kapnak, \u00e9s folyamatosan t\u00e1mogatj\u00e1k \u0151ket a szakmai mentorok.<br \/>\n\u00cdgy az online tanul\u00e1s nem elszigetelt, hanem <strong>val\u00f3di k\u00f6z\u00f6ss\u00e9gi \u00e9lm\u00e9ny<\/strong> lehet.<\/p>\n<p>&nbsp;<\/p>\n<p><strong>Hogyan lehet hat\u00e9kony az online tanul\u00e1s?<\/strong><\/p>\n<p>Sokan elhat\u00e1rozz\u00e1k, hogy belev\u00e1gnak, de \u00fatk\u00f6zben elakadnak. A sikeres tanul\u00e1s titka n\u00e9h\u00e1ny egyszer\u0171, de k\u00f6vetkezetes szok\u00e1sban rejlik:<\/p>\n<ol>\n<li><strong>T\u0171zz ki re\u00e1lis c\u00e9lokat!<\/strong><br \/>\nNe akard egy h\u00e9t alatt megtanulni a programoz\u00e1st. Ink\u00e1bb haladj l\u00e9p\u00e9senk\u00e9nt: \u201ema meg\u00e9rtem, mi az a v\u00e1ltoz\u00f3\u201d, \u201eholnap meg\u00edrok egy r\u00f6vid k\u00f3dot\u201d.<\/li>\n<li><strong>Tanulj rendszeresen, m\u00e9g ha r\u00f6vid ideig is.<\/strong><br \/>\nA napi 30 perc gyakorl\u00e1s sokkal t\u00f6bbet \u00e9r, mint a heti egy nagy nekirugaszkod\u00e1s.<\/li>\n<li><strong>K\u00e9rdezz, ha elakadsz.<\/strong><br \/>\nAz online tanul\u00e1s egyik legnagyobb ereje, hogy nem kell egyed\u00fcl k\u00fczdened \u2013 a D-A Pro Regio tan\u00e1rai \u00e9s tanul\u00f3i k\u00f6z\u00f6ss\u00e9ge mindig seg\u00edt.<\/li>\n<li><strong>Dolgozz saj\u00e1t projekteken.<\/strong><br \/>\nAz elm\u00e9let csak akkor r\u00f6gz\u00fcl igaz\u00e1n, ha kipr\u00f3b\u00e1lod a gyakorlatban. K\u00e9sz\u00edts egy egyszer\u0171 weboldalt, egy kis Python-alkalmaz\u00e1st vagy ak\u00e1r egy j\u00e1t\u00e9kot \u2013 a l\u00e9nyeg, hogy alkoss!<\/li>\n<\/ol>\n<p><strong>\u00a0A tud\u00e1s, amit nem vesz el senki<\/strong><\/p>\n<p>Az informatikai tud\u00e1s hatalmas ajt\u00f3kat nyit meg: \u00faj karrierlehet\u0151s\u00e9gek, rugalmas munkav\u00e9gz\u00e9s, nemzetk\u00f6zi projektek, vagy ak\u00e1r saj\u00e1t v\u00e1llalkoz\u00e1s ind\u00edt\u00e1sa is el\u00e9rhet\u0151v\u00e9 v\u00e1lik.<br \/>\n\u00c9s ami a legjobb: a megszerzett tud\u00e1s a ti\u00e9d marad, b\u00e1rmilyen gyorsan is v\u00e1ltozik a vil\u00e1g.<\/p>\n<p>A <strong>D-A Pro Regio Kft.<\/strong> c\u00e9lja, hogy mindenki sz\u00e1m\u00e1ra el\u00e9rhet\u0151v\u00e9 tegye ezt a tud\u00e1st \u2013 <strong>kort\u00f3l \u00e9s el\u0151k\u00e9pzetts\u00e9gt\u0151l f\u00fcggetlen\u00fcl<\/strong>. Az online oktat\u00e1snak k\u00f6sz\u00f6nhet\u0151en b\u00e1rki, ak\u00e1r otthonr\u00f3l, saj\u00e1t temp\u00f3ban v\u00e1lhat a digit\u00e1lis j\u00f6v\u0151 r\u00e9sz\u00e9v\u00e9.<\/p>\n<p>Az online informatikai tanul\u00e1s ma m\u00e1r nem k\u00e9nyszermegold\u00e1s, hanem az egyik leghat\u00e9konyabb \u00fat a szakmai fejl\u0151d\u00e9shez.<br \/>\nHa van benned k\u00edv\u00e1ncsis\u00e1g, kitart\u00e1s \u00e9s tanul\u00e1si v\u00e1gy, a D-A Pro Regio Kft. seg\u00edts\u00e9g\u00e9vel <strong>te is k\u00e9pes leszel elsaj\u00e1t\u00edtani a modern technol\u00f3gi\u00e1k alapjait<\/strong> \u2013 ak\u00e1r Python, webfejleszt\u00e9s vagy adatkezel\u00e9s ter\u00e9n.<\/p>\n<p>N\u00e9zd meg a D-A Pro Regio Kft. aktu\u00e1lis online k\u00e9pz\u00e9seit itt: <a href=\"https:\/\/www.daregio.hu\/index.php\/online-infomatikai-kepzesek-d-a-pro-regio-2\/\">www.daregio.hu\/kepzesek<\/a><\/p>\n<p>&nbsp;<\/p>\n<\/div>\n<\/div><\/div><\/div><\/div><\/div>","protected":false},"excerpt":{"rendered":"<p>\u00a0Online tanul\u00e1s az informatik\u00e1ban \u2013 hogyan hozd ki bel\u0151le a legt\u00f6bbet? Az informatikai tud\u00e1s napjaink egyik leg\u00e9rt\u00e9kesebb befektet\u00e9se \u2013 ak\u00e1r karrierv\u00e1lt\u00e1sr\u00f3l, ak\u00e1r szakmai fejl\u0151d\u00e9sr\u0151l van&hellip;<\/p>\n","protected":false},"author":1,"featured_media":0,"parent":0,"menu_order":0,"comment_status":"closed","ping_status":"closed","template":"","meta":{"footnotes":""},"class_list":["post-979","page","type-page","status-publish","hentry"],"_links":{"self":[{"href":"https:\/\/www.daregio.hu\/index.php\/wp-json\/wp\/v2\/pages\/979"}],"collection":[{"href":"https:\/\/www.daregio.hu\/index.php\/wp-json\/wp\/v2\/pages"}],"about":[{"href":"https:\/\/www.daregio.hu\/index.php\/wp-json\/wp\/v2\/types\/page"}],"author":[{"embeddable":true,"href":"https:\/\/www.daregio.hu\/index.php\/wp-json\/wp\/v2\/users\/1"}],"replies":[{"embeddable":true,"href":"https:\/\/www.daregio.hu\/index.php\/wp-json\/wp\/v2\/comments?post=979"}],"version-history":[{"count":6,"href":"https:\/\/www.daregio.hu\/index.php\/wp-json\/wp\/v2\/pages\/979\/revisions"}],"predecessor-version":[{"id":982,"href":"https:\/\/www.daregio.hu\/index.php\/wp-json\/wp\/v2\/pages\/979\/revisions\/982"}],"wp:attachment":[{"href":"https:\/\/www.daregio.hu\/index.php\/wp-json\/wp\/v2\/media?parent=979"}],"curies":[{"name":"wp","href":"https:\/\/api.w.org\/{rel}","templated":true}]}}